{"id":10,"date":"2024-02-21T10:29:42","date_gmt":"2024-02-21T09:29:42","guid":{"rendered":"https:\/\/evileu.de\/geschenkboutique\/?page_id=10"},"modified":"2024-03-04T11:03:45","modified_gmt":"2024-03-04T10:03:45","slug":"willkommen","status":"publish","type":"page","link":"https:\/\/evileu.de\/geschenkboutique\/","title":{"rendered":"Willkommen"},"content":{"rendered":"<h2>Herzlich Willkommen, liebe\u00a0 Besucherinnen und Besucher meiner Webseiten!<\/h2>\n<p>in meiner Geschenkboutique finden sie handgemachte Kreationen mit Herz, die von mir selbst in kunsthandwerklicher Feinarbeit mit viel Liebe gefertigt werden. Ob\u00a0 Vodoo-B\u00e4rchen oder Rucksacktascherl, filigrane Seidenb\u00e4ndchen-Stickerei oder sch\u00f6n gestrickte Handschuhe, so gut wie alles ist von mir selbst entworfen.<\/p>\n<p><img loading=\"lazy\" decoding=\"async\" class=\"alignnone size-medium wp-image-36\" src=\"https:\/\/evileu.de\/geschenkboutique\/wp-content\/uploads\/2024\/02\/Vodoobaerchen-schwarzweiss-300x243.jpg\" alt=\"Vodoo-B\u00e4rchen\" width=\"300\" height=\"243\" srcset=\"https:\/\/evileu.de\/geschenkboutique\/wp-content\/uploads\/2024\/02\/Vodoobaerchen-schwarzweiss-300x243.jpg 300w, https:\/\/evileu.de\/geschenkboutique\/wp-content\/uploads\/2024\/02\/Vodoobaerchen-schwarzweiss.jpg 593w\" sizes=\"auto, (max-width: 300px) 100vw, 300px\" \/><\/p>\n<p>Ich gestalte meine Werke mit besonderem Augenmerk auf harmonische Farben und mit viel Liebe zum Detail, schlie\u00dflich bin ich Malerin, und da kommt mir mein k\u00fcnstlerisches Augenma\u00df zugute.<\/p>\n<p><img loading=\"lazy\" decoding=\"async\" class=\"alignnone size-medium wp-image-51\" src=\"https:\/\/evileu.de\/geschenkboutique\/wp-content\/uploads\/2024\/02\/burgund-petrol-300x225.jpg\" alt=\"\" width=\"300\" height=\"225\" srcset=\"https:\/\/evileu.de\/geschenkboutique\/wp-content\/uploads\/2024\/02\/burgund-petrol-300x225.jpg 300w, https:\/\/evileu.de\/geschenkboutique\/wp-content\/uploads\/2024\/02\/burgund-petrol-1024x768.jpg 1024w, https:\/\/evileu.de\/geschenkboutique\/wp-content\/uploads\/2024\/02\/burgund-petrol-768x576.jpg 768w, https:\/\/evileu.de\/geschenkboutique\/wp-content\/uploads\/2024\/02\/burgund-petrol-1536x1152.jpg 1536w, https:\/\/evileu.de\/geschenkboutique\/wp-content\/uploads\/2024\/02\/burgund-petrol.jpg 1600w\" sizes=\"auto, (max-width: 300px) 100vw, 300px\" \/><\/p>\n<h3>Material und Verarbeitung<\/h3>\n<p>Feine Handwerkskunst verlangt auch gutes Material. Ich verwende f\u00fcr meine Strickwaren ausschlie\u00dflich hochwertige Markengarne, so da\u00df beste Trageeigenschaften und lange Haltbarkeit garantiert sind.<\/p>\n<p>F\u00fcr meine Stickereibilder verwende ich ebenfalls nur hochwertiges Stickgarn und kostbare Seidenb\u00e4ndchen, diese Materialien sind lichtecht und alterungsbest\u00e4ndig und bleiben jahrelang sch\u00f6n.<\/p>\n<h3>Sonderanfertigungen<\/h3>\n<p>Bei vielen Artikeln biete ich einen zus\u00e4tzlichen Service: eine Anfertigung in besonderen Farben nach ihren W\u00fcnschen. Daf\u00fcr verlange ich meistens keinen Aufpreis, aber es kann ein paar Tage dauern, bis ich ihre Sonderanfertigung fertiggestellt habe.<\/p>\n<h3>Kauf und Versand<\/h3>\n<p>Wenn Sie hier einen Geschenkartikel kaufen wollen, schreiben sie mir bitte eine E-Mail an:<\/p>\n<p><a href=\"mailto:evi.s.leu@gmx.de\">evi.s.leu@gmx.de<\/a><\/p>\n<p>Ich melde mich dann baldm\u00f6glichst bei Ihnen. Bitte haben Sie Verst\u00e4ndnis daf\u00fcr, da\u00df ich nur gegen Vorauskasse (Bank\u00fcberweisung) oder Zahlung per PayPal versende. Meine Bankdaten erhalten Sie nach Vereinbarung per E-Mail. F\u00fcr den Versand als P\u00e4ckchen per DHL berechne ich pauschal 6 \u20ac f\u00fcr Porto und Verpackung.\u00a0 Was in einen wattierten Umschlag pa\u00dft, kostet 3 \u20ac f\u00fcr den Versand.<\/p>\n<h3>Verkauft? Nicht verzagen, nachfragen!<\/h3>\n<p>Wenn sie irgendwo das W\u00f6rtchen \u201everkauft\u201c sehen, nicht verzagen! Es ist sehr wahrscheinlich, dass ich in meinem Magazin Material in einer verwandten Farbe finde, das dem Verkauften ein bisschen \u00e4hnlich sieht.\u00a0 Dann kann ich ihren Wunsch gern erf\u00fcllen. Schreiben sie mir eine E-Mail, dann zaubere ich!<\/p>\n<p>Und jetzt w\u00fcnsche ich ihnen viel Vergn\u00fcgen beim St\u00f6bern &#8211; schauen sie mal in den Showroom, da finden sie sicher ein Lieblingsst\u00fcck!<\/p>\n<p>Mit herzlichen Gr\u00fc\u00dfen,<\/p>\n<p>Evi Silvia Leu<\/p>\n<p><img loading=\"lazy\" decoding=\"async\" class=\"alignnone size-full wp-image-32\" src=\"https:\/\/evileu.de\/geschenkboutique\/wp-content\/uploads\/2024\/02\/portrait_el.jpg\" alt=\"portrait_el\" width=\"240\" height=\"240\" srcset=\"https:\/\/evileu.de\/geschenkboutique\/wp-content\/uploads\/2024\/02\/portrait_el.jpg 240w, https:\/\/evileu.de\/geschenkboutique\/wp-content\/uploads\/2024\/02\/portrait_el-150x150.jpg 150w\" sizes=\"auto, (max-width: 240px) 100vw, 240px\" \/><\/p>\n","protected":false},"excerpt":{"rendered":"<p>Herzlich Willkommen, liebe\u00a0 Besucherinnen und Besucher meiner Webseiten! in meiner Geschenkboutique finden sie handgemachte Kreationen mit Herz, die von mir selbst in kunsthandwerklicher Feinarbeit mit viel Liebe gefertigt werden. Ob\u00a0 Vodoo-B\u00e4rchen oder Rucksacktascherl, filigrane Seidenb\u00e4ndchen-Stickerei oder sch\u00f6n gestrickte Handschuhe, so gut wie alles ist von mir selbst entworfen. Ich gestalte meine Werke mit besonderem Augenmerk &hellip; <a href=\"https:\/\/evileu.de\/geschenkboutique\/\" class=\"more-link\"><span class=\"screen-reader-text\">Willkommen<\/span> weiterlesen <span class=\"meta-nav\">&rarr;<\/span><\/a><\/p>\n","protected":false},"author":1,"featured_media":0,"parent":0,"menu_order":0,"comment_status":"closed","ping_status":"closed","template":"","meta":{"footnotes":""},"class_list":["post-10","page","type-page","status-publish","hentry"],"_links":{"self":[{"href":"https:\/\/evileu.de\/geschenkboutique\/wp-json\/wp\/v2\/pages\/10","targetHints":{"allow":["GET"]}}],"collection":[{"href":"https:\/\/evileu.de\/geschenkboutique\/wp-json\/wp\/v2\/pages"}],"about":[{"href":"https:\/\/evileu.de\/geschenkboutique\/wp-json\/wp\/v2\/types\/page"}],"author":[{"embeddable":true,"href":"https:\/\/evileu.de\/geschenkboutique\/wp-json\/wp\/v2\/users\/1"}],"replies":[{"embeddable":true,"href":"https:\/\/evileu.de\/geschenkboutique\/wp-json\/wp\/v2\/comments?post=10"}],"version-history":[{"count":13,"href":"https:\/\/evileu.de\/geschenkboutique\/wp-json\/wp\/v2\/pages\/10\/revisions"}],"predecessor-version":[{"id":187,"href":"https:\/\/evileu.de\/geschenkboutique\/wp-json\/wp\/v2\/pages\/10\/revisions\/187"}],"wp:attachment":[{"href":"https:\/\/evileu.de\/geschenkboutique\/wp-json\/wp\/v2\/media?parent=10"}],"curies":[{"name":"wp","href":"https:\/\/api.w.org\/{rel}","templated":true}]}}