{"id":79,"date":"2016-11-26T04:17:10","date_gmt":"2016-11-26T03:17:10","guid":{"rendered":"http:\/\/evileu.de\/die-reisende-malerin\/?page_id=79"},"modified":"2016-11-26T05:47:11","modified_gmt":"2016-11-26T04:47:11","slug":"mein-neuanfang-als-landschaftsmalerin-1999-2009","status":"publish","type":"page","link":"https:\/\/evileu.de\/die-reisende-malerin\/mein-lebenslauf-in-bildern\/mein-neuanfang-als-landschaftsmalerin-1999-2009\/","title":{"rendered":"Neuanfang als Landschaftsmalerin 1999-2008"},"content":{"rendered":"<p>1999 fand in M\u00fcnchen eine totale Sonnenfinsternis statt, und die habe ich von einem herrlichen Aussichtspunkt im Oberland aus beobachtet. Ich sa\u00df da ganz alleine auf einem H\u00fcgel, mit einem wunderbaren Bergblick und beobachtete, wie sich die Sonne verdunkelte und auf einmal die Welt den Atem anzuhalten schien. Die Korona flammte wie ein Juwel am pl\u00f6tzlich verdunkelten Himmel, und in der Ferne leuchteten die schneebedeckten Gipfel der Alpen dort wo die Sonne noch schien in strahlendem Licht. Das war ein so atemberaubender Anblick, da\u00df meine lang vergrabene Malerseele wieder hervorkam und sich dieses fantastische Naturschauspiel so fest einpr\u00e4gte, da\u00df ich es nie wieder vergessen w\u00fcrde. Ich fuhr nach der SoFi mit einem Affenzahn nachhause zur\u00fcck, holte meinen gr\u00f6\u00dften Block und die Aquarellfarben heraus und fing sofort an, ein Bild von der herrlichen Sonnenfinsternis zu malen. Ich brauchte mehrere Tage daf\u00fcr, aber es ist auch recht gut geworden und hat heute noch einen besonderen Platz in meiner Wohnung, weil es f\u00fcr mich der Ausl\u00f6ser daf\u00fcr war, das Malen wieder aufzunehmen.<\/p>\n<figure id=\"attachment_80\" aria-describedby=\"caption-attachment-80\" style=\"width: 225px\" class=\"wp-caption alignnone\"><img decoding=\"async\" loading=\"lazy\" class=\"size-medium wp-image-80\" src=\"http:\/\/evileu.de\/die-reisende-malerin\/wp-content\/uploads\/2016\/11\/DSCN0396-225x300.jpg\" alt=\"sonnenfinsternis\" width=\"225\" height=\"300\" srcset=\"https:\/\/evileu.de\/die-reisende-malerin\/wp-content\/uploads\/2016\/11\/DSCN0396-225x300.jpg 225w, https:\/\/evileu.de\/die-reisende-malerin\/wp-content\/uploads\/2016\/11\/DSCN0396-768x1024.jpg 768w, https:\/\/evileu.de\/die-reisende-malerin\/wp-content\/uploads\/2016\/11\/DSCN0396.jpg 1200w\" sizes=\"(max-width: 225px) 100vw, 225px\" \/><figcaption id=\"caption-attachment-80\" class=\"wp-caption-text\">sonnenfinsternis<\/figcaption><\/figure>\n<p>Ich bin dann zwar wieder ins Berufsleben eingestiegen und habe auch nochmal Karriere gemacht, aber das Malen habe ich seitdem nie wieder ganz aufgegeben.\u00a0 Es war f\u00fcr mich wieder zu einem unverzichtbaren Teil meines Lebens geworden, seitdem habe ich immer, auch in den h\u00e4rtesten beruflichen Stre\u00dfzeiten, im Malen meinen Ausgleich und meine kreative Freiheit gefunden.<\/p>\n<p>Angefangen mit den Landschaften habe ich ganz klein, in meiner n\u00e4chsten Umgebung. Ich wohnte damals in Haidhausen in einer sch\u00f6nen grossen Altbauwohnung und hatte die Isar direkt vor der Haust\u00fcr, dort entstanden meine ersten Stadtlandschaften. Die Isar hat in der Stadt zwei Gesichter, am Oberlauf in Thalkirchen und Sendling ist sie ein Wildflu\u00df, mit wilden Treibholzgestr\u00fcppen:<\/p>\n<figure id=\"attachment_81\" aria-describedby=\"caption-attachment-81\" style=\"width: 500px\" class=\"wp-caption alignnone\"><img decoding=\"async\" loading=\"lazy\" class=\"wp-image-81 size-full\" src=\"http:\/\/evileu.de\/die-reisende-malerin\/wp-content\/uploads\/2016\/11\/baumstamm.jpg\" alt=\"baumstamm\" width=\"500\" height=\"688\" srcset=\"https:\/\/evileu.de\/die-reisende-malerin\/wp-content\/uploads\/2016\/11\/baumstamm.jpg 500w, https:\/\/evileu.de\/die-reisende-malerin\/wp-content\/uploads\/2016\/11\/baumstamm-218x300.jpg 218w\" sizes=\"(max-width: 500px) 100vw, 500px\" \/><figcaption id=\"caption-attachment-81\" class=\"wp-caption-text\">baumstamm<\/figcaption><\/figure>\n<p>Sie springt und h\u00fcpft auch \u00fcber Felskaskaden:<\/p>\n<figure id=\"attachment_83\" aria-describedby=\"caption-attachment-83\" style=\"width: 500px\" class=\"wp-caption alignnone\"><img decoding=\"async\" loading=\"lazy\" class=\"wp-image-83 size-full\" src=\"http:\/\/evileu.de\/die-reisende-malerin\/wp-content\/uploads\/2016\/11\/isarwelle.jpg\" alt=\"isarwelle\" width=\"500\" height=\"686\" srcset=\"https:\/\/evileu.de\/die-reisende-malerin\/wp-content\/uploads\/2016\/11\/isarwelle.jpg 500w, https:\/\/evileu.de\/die-reisende-malerin\/wp-content\/uploads\/2016\/11\/isarwelle-219x300.jpg 219w\" sizes=\"(max-width: 500px) 100vw, 500px\" \/><figcaption id=\"caption-attachment-83\" class=\"wp-caption-text\">isarwelle<\/figcaption><\/figure>\n<p>In der Stadt war die Isar vor der Renaturierung noch in ein Betonkorsett eingesperrt, auch das habe ich gemalt:<\/p>\n<figure id=\"attachment_82\" aria-describedby=\"caption-attachment-82\" style=\"width: 500px\" class=\"wp-caption alignnone\"><img decoding=\"async\" loading=\"lazy\" class=\"wp-image-82 size-full\" src=\"http:\/\/evileu.de\/die-reisende-malerin\/wp-content\/uploads\/2016\/11\/flaucher.jpg\" alt=\"flaucher\" width=\"500\" height=\"560\" srcset=\"https:\/\/evileu.de\/die-reisende-malerin\/wp-content\/uploads\/2016\/11\/flaucher.jpg 500w, https:\/\/evileu.de\/die-reisende-malerin\/wp-content\/uploads\/2016\/11\/flaucher-268x300.jpg 268w\" sizes=\"(max-width: 500px) 100vw, 500px\" \/><figcaption id=\"caption-attachment-82\" class=\"wp-caption-text\">flaucher<\/figcaption><\/figure>\n<p>So langsam kam ich wieder in \u00dcbung, und ich erweiterte auch meinen Aktionsradius. In den folgenden Jahren verbrachte ich jede freie Minute am Starnberger See und im Oberland, und ich habe unsere wundersch\u00f6ne oberbayrische Landschaft in vielen, vielen Bildern festgehalten.<\/p>\n<figure id=\"attachment_85\" aria-describedby=\"caption-attachment-85\" style=\"width: 500px\" class=\"wp-caption alignnone\"><img decoding=\"async\" loading=\"lazy\" class=\"wp-image-85 size-full\" src=\"http:\/\/evileu.de\/die-reisende-malerin\/wp-content\/uploads\/2016\/11\/altweibersommer.jpg\" alt=\"altweibersommer\" width=\"500\" height=\"686\" srcset=\"https:\/\/evileu.de\/die-reisende-malerin\/wp-content\/uploads\/2016\/11\/altweibersommer.jpg 500w, https:\/\/evileu.de\/die-reisende-malerin\/wp-content\/uploads\/2016\/11\/altweibersommer-219x300.jpg 219w\" sizes=\"(max-width: 500px) 100vw, 500px\" \/><figcaption id=\"caption-attachment-85\" class=\"wp-caption-text\">altweibersommer<\/figcaption><\/figure>\n<p>Ich zeige hier nur eine kleine Auswahl, f\u00fcr meine Landschaftsbilder aus dem Oberland wird es bald eine eigene Webseite geben, da erz\u00e4hle ich mehr \u00fcber meine Bilder und meine Liebe zum sch\u00f6nen Blauen Land, zwischen M\u00fcnchen und den Alpen.<\/p>\n<p>Ich fand auch mein Paradies in den Bergen, den sch\u00f6nen Walchensee. Dort fuhr ich viele Sommerwochenenden und Urlaube hin, dort f\u00fchle ich mich ganz daheim und eins mit der Natur, dort sind viele meiner sch\u00f6nsten Bilder entstanden.<\/p>\n<figure id=\"attachment_86\" aria-describedby=\"caption-attachment-86\" style=\"width: 500px\" class=\"wp-caption alignnone\"><img decoding=\"async\" loading=\"lazy\" class=\"wp-image-86 size-full\" src=\"http:\/\/evileu.de\/die-reisende-malerin\/wp-content\/uploads\/2016\/11\/sonntagabend.jpg\" alt=\"sonntagabend\" width=\"500\" height=\"687\" srcset=\"https:\/\/evileu.de\/die-reisende-malerin\/wp-content\/uploads\/2016\/11\/sonntagabend.jpg 500w, https:\/\/evileu.de\/die-reisende-malerin\/wp-content\/uploads\/2016\/11\/sonntagabend-218x300.jpg 218w\" sizes=\"(max-width: 500px) 100vw, 500px\" \/><figcaption id=\"caption-attachment-86\" class=\"wp-caption-text\">sonntagabend<\/figcaption><\/figure>\n<p>Aber bevor ich mehr \u00fcber meine Bilder berichte, mu\u00df ich noch ein bi\u00dfchen was \u00fcber meine weitere berufliche Karriere erz\u00e4hlen, und das wird wieder ein neues Kapitel.<\/p>\n","protected":false},"excerpt":{"rendered":"<p>1999 fand in M\u00fcnchen eine totale Sonnenfinsternis statt, und die habe ich von einem herrlichen Aussichtspunkt im Oberland aus beobachtet. Ich sa\u00df da ganz alleine auf einem H\u00fcgel, mit einem wunderbaren Bergblick und beobachtete, wie sich die Sonne verdunkelte und auf einmal die Welt den Atem anzuhalten schien. Die Korona flammte wie ein Juwel am &hellip; <a href=\"https:\/\/evileu.de\/die-reisende-malerin\/mein-lebenslauf-in-bildern\/mein-neuanfang-als-landschaftsmalerin-1999-2009\/\" class=\"more-link\"><span class=\"screen-reader-text\">Neuanfang als Landschaftsmalerin 1999-2008<\/span> weiterlesen <span class=\"meta-nav\">&rarr;<\/span><\/a><\/p>\n","protected":false},"author":1,"featured_media":0,"parent":9,"menu_order":5,"comment_status":"closed","ping_status":"closed","template":"","meta":[],"_links":{"self":[{"href":"https:\/\/evileu.de\/die-reisende-malerin\/wp-json\/wp\/v2\/pages\/79"}],"collection":[{"href":"https:\/\/evileu.de\/die-reisende-malerin\/wp-json\/wp\/v2\/pages"}],"about":[{"href":"https:\/\/evileu.de\/die-reisende-malerin\/wp-json\/wp\/v2\/types\/page"}],"author":[{"embeddable":true,"href":"https:\/\/evileu.de\/die-reisende-malerin\/wp-json\/wp\/v2\/users\/1"}],"replies":[{"embeddable":true,"href":"https:\/\/evileu.de\/die-reisende-malerin\/wp-json\/wp\/v2\/comments?post=79"}],"version-history":[{"count":4,"href":"https:\/\/evileu.de\/die-reisende-malerin\/wp-json\/wp\/v2\/pages\/79\/revisions"}],"predecessor-version":[{"id":111,"href":"https:\/\/evileu.de\/die-reisende-malerin\/wp-json\/wp\/v2\/pages\/79\/revisions\/111"}],"up":[{"embeddable":true,"href":"https:\/\/evileu.de\/die-reisende-malerin\/wp-json\/wp\/v2\/pages\/9"}],"wp:attachment":[{"href":"https:\/\/evileu.de\/die-reisende-malerin\/wp-json\/wp\/v2\/media?parent=79"}],"curies":[{"name":"wp","href":"https:\/\/api.w.org\/{rel}","templated":true}]}}