{"id":77,"date":"2016-11-26T03:37:02","date_gmt":"2016-11-26T02:37:02","guid":{"rendered":"http:\/\/evileu.de\/die-reisende-malerin\/?page_id=77"},"modified":"2016-11-26T05:46:52","modified_gmt":"2016-11-26T04:46:52","slug":"meine-erste-edv-karriere-1990-1998","status":"publish","type":"page","link":"https:\/\/evileu.de\/die-reisende-malerin\/mein-lebenslauf-in-bildern\/meine-erste-edv-karriere-1990-1998\/","title":{"rendered":"EDV-Karriere 1990-1998"},"content":{"rendered":"<p>In den neunziger Jahren boomte das Internet, und Programmierer waren schwer gesucht und wurden irre teuer bezahlt. Ich sprang auf diesen rasenden Zug auf und machte richtig Karriere in der EDV. Ich wechselte h\u00e4ufig die Arbeitsstellen, wurde h\u00f6her und h\u00f6her bef\u00f6rdert und verdiente so richtig viel Geld.\u00a0 Daf\u00fcr mu\u00dfte ich nat\u00fcrlich auch Leistung bringen, und ich habe in dieser Zeit extrem viel und hart gearbeitet. Das ging mehrere Jahre lang gut, ich war ja noch jung und voller Energie, aber mit der Zeit blieb da einfach das Privatleben komplett auf der Strecke. Was n\u00fctzte mir das ganze Geld, wenn ich nicht einmal mehr die Zeit hatte, mal in Urlaub zu fahren? Was n\u00fctzte mir die n\u00e4chste Bef\u00f6rderung, wenn ich vor lauter Stre\u00df im Job nicht mehr dazu kam, meine Freunde und meine Familie zu sehen? Gemalt habe ich in diesen Jahren \u00fcberhaupt nicht mehr, keine Skizze, kein Papierfizzelchen mit Farbklecksen, rein gar nichts, daf\u00fcr hatte ich einfach keine Zeit.<\/p>\n<p>Im Jahr 1998 reichte es mir dann auf einmal. Ich haute die Bremse rein und nahm eine Auszeit. Ich hatte ja viel Geld auf der Bank und konnte es mir leisten, eine Weile gar nicht zu arbeiten.\u00a0 Also g\u00f6nnte ich mir den Luxus, erst einmal gar nichts mehr zu tun ausser durchzuschnaufen und mir zu \u00fcberlegen, wie es mit meinem Leben weitergehen sollte.\u00a0 Ich wollte in der EDV bleiben, soviel war mir klar, mir machte meine Arbeit viel Freude, und ich war auch richtig gut in meinem Beruf.\u00a0 Mir fehlte halt nur eine Berufsausbildung, weil ich ja ohne Abschlu\u00df von der Uni weggegangen war, und die, so beschlo\u00df ich, holte ich jetzt nach. Ich machte auf dem zweiten Bildungsweg die Ausbildung zur Fachinformatikerin und beendete diese mit sehr guten Noten und einem IHK-Abschlu\u00df.<\/p>\n<p>W\u00e4hrend meiner Ausbildungszeit passierte etwas ganz wunderbares, der Zugang zu meiner jahrelang versch\u00fctteten k\u00fcnstlerischen Seite wurde durch ein herrliches Naturerlebnis wieder freigebrochen, aber an dieser Stelle ist es Zeit f\u00fcr ein neues Kapitel.<\/p>\n<p>&nbsp;<\/p>\n","protected":false},"excerpt":{"rendered":"<p>In den neunziger Jahren boomte das Internet, und Programmierer waren schwer gesucht und wurden irre teuer bezahlt. Ich sprang auf diesen rasenden Zug auf und machte richtig Karriere in der EDV. Ich wechselte h\u00e4ufig die Arbeitsstellen, wurde h\u00f6her und h\u00f6her bef\u00f6rdert und verdiente so richtig viel Geld.\u00a0 Daf\u00fcr mu\u00dfte ich nat\u00fcrlich auch Leistung bringen, und &hellip; <a href=\"https:\/\/evileu.de\/die-reisende-malerin\/mein-lebenslauf-in-bildern\/meine-erste-edv-karriere-1990-1998\/\" class=\"more-link\"><span class=\"screen-reader-text\">EDV-Karriere 1990-1998<\/span> weiterlesen <span class=\"meta-nav\">&rarr;<\/span><\/a><\/p>\n","protected":false},"author":1,"featured_media":0,"parent":9,"menu_order":4,"comment_status":"closed","ping_status":"closed","template":"","meta":[],"_links":{"self":[{"href":"https:\/\/evileu.de\/die-reisende-malerin\/wp-json\/wp\/v2\/pages\/77"}],"collection":[{"href":"https:\/\/evileu.de\/die-reisende-malerin\/wp-json\/wp\/v2\/pages"}],"about":[{"href":"https:\/\/evileu.de\/die-reisende-malerin\/wp-json\/wp\/v2\/types\/page"}],"author":[{"embeddable":true,"href":"https:\/\/evileu.de\/die-reisende-malerin\/wp-json\/wp\/v2\/users\/1"}],"replies":[{"embeddable":true,"href":"https:\/\/evileu.de\/die-reisende-malerin\/wp-json\/wp\/v2\/comments?post=77"}],"version-history":[{"count":2,"href":"https:\/\/evileu.de\/die-reisende-malerin\/wp-json\/wp\/v2\/pages\/77\/revisions"}],"predecessor-version":[{"id":110,"href":"https:\/\/evileu.de\/die-reisende-malerin\/wp-json\/wp\/v2\/pages\/77\/revisions\/110"}],"up":[{"embeddable":true,"href":"https:\/\/evileu.de\/die-reisende-malerin\/wp-json\/wp\/v2\/pages\/9"}],"wp:attachment":[{"href":"https:\/\/evileu.de\/die-reisende-malerin\/wp-json\/wp\/v2\/media?parent=77"}],"curies":[{"name":"wp","href":"https:\/\/api.w.org\/{rel}","templated":true}]}}