{"id":53,"date":"2016-11-25T16:53:04","date_gmt":"2016-11-25T15:53:04","guid":{"rendered":"http:\/\/evileu.de\/die-reisende-malerin\/?page_id=53"},"modified":"2016-11-26T05:46:26","modified_gmt":"2016-11-26T04:46:26","slug":"willi-graf-gymnasium-die-kollegstufe-1978-1980","status":"publish","type":"page","link":"https:\/\/evileu.de\/die-reisende-malerin\/mein-lebenslauf-in-bildern\/willi-graf-gymnasium-die-kollegstufe-1978-1980\/","title":{"rendered":"Die Kollegstufe 1978-1980"},"content":{"rendered":"<p>Ich bekam von meiner Mami zu meinem (glaube ich) 17. Geburtstag ein ganz wunderbares Geschenk: einen richtigen K\u00fcnstler-Aquarellmalkasten feinster Qualit\u00e4t, mitsamt den passenden Kolinsky-Rotmarderpinseln und einigen der sehr teuren speziellen Aquarellbl\u00f6cke. Ich habe mich sofort in die leuchtenden, lichten Farben verliebt, und diese Liebe h\u00e4lt bis heute ungebrochen an. Aquarellfarben sind meine Farben, mein bestes Handwerkszeug, mein st\u00e4rkstes Ausdrucksmittel als Malerin.<\/p>\n<p>Aquarellmalen ist gar nicht so einfach, es erfordert eine leichte und sichere Hand und viel \u00dcbung, denn Fehler lassen sich nicht oder nur sehr schwer korrigieren. Bei \u00d6l- oder Acrylfarben zum Beispiel kann man mi\u00dflungene Stellen einfach \u00fcbermalen, beim Aquarell geht das nicht, denn die Farben sind transparent, ein einmal gesetzter Pinselstrich scheint immer durch, egal wie oft man dr\u00fcberpinselt.\u00a0 Damit habe ich mich am Anfang schwergetan, ich war es ja von den Deckfarben der Schulmalk\u00e4sten her gewohnt, da\u00df man Farbschichten \u00fcbereinander legen und im Notfall immer mit Deckwei\u00df korrigieren konnte.<\/p>\n<p>Unser Kunstlehrer, der Herr Schuster, hat mir dann Starthilfe gegeben und mir beigebracht, wie man die sch\u00f6nen leuchtenden Farben nebeneinander setzt und ihnen Licht und Luft zum Atmen gibt, und damit sind mir schon sehr fr\u00fch einige h\u00fcbsche Aquarelle gelungen. Dieses hier zeigt eine Gloria-Dei-Rose aus unserem Garten, in Mamis liebster roter Muranoglas-Vase:<\/p>\n<figure id=\"attachment_54\" aria-describedby=\"caption-attachment-54\" style=\"width: 165px\" class=\"wp-caption alignnone\"><img decoding=\"async\" loading=\"lazy\" class=\"size-medium wp-image-54\" src=\"http:\/\/evileu.de\/die-reisende-malerin\/wp-content\/uploads\/2016\/11\/gloria-dei-rose-165x300.jpg\" alt=\"gloria-dei-rose\" width=\"165\" height=\"300\" srcset=\"https:\/\/evileu.de\/die-reisende-malerin\/wp-content\/uploads\/2016\/11\/gloria-dei-rose-165x300.jpg 165w, https:\/\/evileu.de\/die-reisende-malerin\/wp-content\/uploads\/2016\/11\/gloria-dei-rose-768x1399.jpg 768w, https:\/\/evileu.de\/die-reisende-malerin\/wp-content\/uploads\/2016\/11\/gloria-dei-rose-562x1024.jpg 562w, https:\/\/evileu.de\/die-reisende-malerin\/wp-content\/uploads\/2016\/11\/gloria-dei-rose.jpg 787w\" sizes=\"(max-width: 165px) 100vw, 165px\" \/><figcaption id=\"caption-attachment-54\" class=\"wp-caption-text\">gloria-dei-rose<\/figcaption><\/figure>\n<p>1978 begann dann die neu eingef\u00fchrte Kollegstufe, ich hatte die Leistungskurse Kunst (nat\u00fcrlich!) und Englisch.\u00a0 Wir lasen in Englisch Shakespeare und Wordsworth, und nat\u00fcrlich den grandiosen &#8222;Lord of the Rings&#8220; von J.R.R. Tolkien.\u00a0 Das hat mich zu der Zeit stark gepr\u00e4gt, ich tr\u00e4umte von K\u00f6nigen und edlen Rittern, von gro\u00dfen Schlachten und edlen Fr\u00e4ulein in Not, das ganze Miittelalter-Repertoire eben. Das hat sich auch in meinen Bildern wiedergefunden. Hier sieht man ein adliges P\u00e4rchen von der Landshuter Hochzeit:<\/p>\n<figure id=\"attachment_55\" aria-describedby=\"caption-attachment-55\" style=\"width: 197px\" class=\"wp-caption alignnone\"><img decoding=\"async\" loading=\"lazy\" class=\"size-medium wp-image-55\" src=\"http:\/\/evileu.de\/die-reisende-malerin\/wp-content\/uploads\/2016\/11\/landshuter-hochzeit-197x300.jpg\" alt=\"landshuter-hochzeit\" width=\"197\" height=\"300\" srcset=\"https:\/\/evileu.de\/die-reisende-malerin\/wp-content\/uploads\/2016\/11\/landshuter-hochzeit-197x300.jpg 197w, https:\/\/evileu.de\/die-reisende-malerin\/wp-content\/uploads\/2016\/11\/landshuter-hochzeit.jpg 640w\" sizes=\"(max-width: 197px) 100vw, 197px\" \/><figcaption id=\"caption-attachment-55\" class=\"wp-caption-text\">landshuter-hochzeit<\/figcaption><\/figure>\n<p>Und hier eine Dame aus einem mittelalterlichen Stundenbuch:<\/p>\n<figure id=\"attachment_56\" aria-describedby=\"caption-attachment-56\" style=\"width: 196px\" class=\"wp-caption alignnone\"><img decoding=\"async\" loading=\"lazy\" class=\"wp-image-56 size-medium\" src=\"http:\/\/evileu.de\/die-reisende-malerin\/wp-content\/uploads\/2016\/11\/mittelalterliche-dame-196x300.jpg\" alt=\"mittelalterliche-dame\" width=\"196\" height=\"300\" srcset=\"https:\/\/evileu.de\/die-reisende-malerin\/wp-content\/uploads\/2016\/11\/mittelalterliche-dame-196x300.jpg 196w, https:\/\/evileu.de\/die-reisende-malerin\/wp-content\/uploads\/2016\/11\/mittelalterliche-dame.jpg 657w\" sizes=\"(max-width: 196px) 100vw, 196px\" \/><figcaption id=\"caption-attachment-56\" class=\"wp-caption-text\">mittelalterliche-dame<\/figcaption><\/figure>\n<p>Ich malte auch einige Illustrationen zum Herrn der Ringe, die meisten sind leider verlorengegangen, aber hier habe ich &#8222;Die Gef\u00e4hrten&#8220; festgehalten, so wie ich mir sie vorstellte:<\/p>\n<figure id=\"attachment_57\" aria-describedby=\"caption-attachment-57\" style=\"width: 474px\" class=\"wp-caption alignnone\"><img decoding=\"async\" loading=\"lazy\" class=\"wp-image-57 size-large\" src=\"http:\/\/evileu.de\/die-reisende-malerin\/wp-content\/uploads\/2016\/11\/die-gefaehrten-1024x754.jpg\" alt=\"die-gefaehrten\" width=\"474\" height=\"349\" srcset=\"https:\/\/evileu.de\/die-reisende-malerin\/wp-content\/uploads\/2016\/11\/die-gefaehrten-1024x754.jpg 1024w, https:\/\/evileu.de\/die-reisende-malerin\/wp-content\/uploads\/2016\/11\/die-gefaehrten-300x221.jpg 300w, https:\/\/evileu.de\/die-reisende-malerin\/wp-content\/uploads\/2016\/11\/die-gefaehrten-768x566.jpg 768w, https:\/\/evileu.de\/die-reisende-malerin\/wp-content\/uploads\/2016\/11\/die-gefaehrten.jpg 1631w\" sizes=\"(max-width: 474px) 100vw, 474px\" \/><figcaption id=\"caption-attachment-57\" class=\"wp-caption-text\">die-gefaehrten<\/figcaption><\/figure>\n<p>Sie sind alle da, die Herrin Galadriel, Frodo mit dem Ring und seine drei Hobbit-Freunde, der Zwerg Gimli, der Elf Legolas mit dem Bogen, Streicher (Aragorn) blickt besorgt den Flu\u00df hinauf, und Boromir mit dem Horn schaut etwas skeptisch.\u00a0 Das Buch von Herrn Tolkien hat mich nachhaltig\u00a0 beeindruckt, und ich nehme es heute auch immer wieder mal zur Hand, so einmal im Jahr lese ich es nochmal von neuem und leide und lebe und triumphiere am Ende\u00a0 mit den Helden von Mittelerde.\u00a0 Ein Meisterwerk, und wir M\u00e4dchen in der Schule liebten es alle, da waren wir einig.<\/p>\n<p>In der Kollegstufe hatte unser Kunsterzieher, der liebe Herr Schuster, ganz andere M\u00f6glichkeiten und Materialien zur Verf\u00fcgung als in den Jahren zuvor, die Kollegstufe wurde ja vom Freistaat als neue Schulform zur Studienvorbereitung nachhaltig gef\u00f6rdert. Wir malten nicht nur, wir lernten auch T\u00f6pfern und Bildhauern, Fotografieren und wie man selbst Bilder entwickelte, wir gestalteten Dioramen und B\u00fchnenbilder, vertonten Diashows unserer Werke mit Kasettenrecorder und Mikrofon, wir bemalten die W\u00e4nde im gesamten Schulkeller. Wir gingen jede Woche in ein anderes Museum oder eine Ausstellung, und so ganz nebenbei brachte uns unser Herr Schuster die ganze Kunstgeschichte von den H\u00f6hlenmalereien der Urzeitmenschen bis zur Pop-Art der 70er Jahre bei.<\/p>\n<p>Die meisten meiner Bilder aus dieser Zeit sind in der Schule geblieben und in irgendwelchen Archiven verschwunden, das ist schade, aber leider kann man da nichts machen, die sind weg. Ich habe nur noch ein paar Zeichnungen und einige wenige Aquarelle aus der Schulzeit. Das Zeichnen lag mir auch schon immer besonders, mit Tusche und Bleistift habe ich immer gern gearbeitet. Hier ist ein h\u00fcbsches Blatt mit fliegenden poppigen Nilpferden:<\/p>\n<figure id=\"attachment_58\" aria-describedby=\"caption-attachment-58\" style=\"width: 474px\" class=\"wp-caption alignnone\"><img decoding=\"async\" loading=\"lazy\" class=\"wp-image-58 size-large\" src=\"http:\/\/evileu.de\/die-reisende-malerin\/wp-content\/uploads\/2016\/11\/fliegende-pop-nilpferde-708x1024.jpg\" alt=\"fliegende-pop-nilpferde\" width=\"474\" height=\"686\" srcset=\"https:\/\/evileu.de\/die-reisende-malerin\/wp-content\/uploads\/2016\/11\/fliegende-pop-nilpferde-708x1024.jpg 708w, https:\/\/evileu.de\/die-reisende-malerin\/wp-content\/uploads\/2016\/11\/fliegende-pop-nilpferde-207x300.jpg 207w, https:\/\/evileu.de\/die-reisende-malerin\/wp-content\/uploads\/2016\/11\/fliegende-pop-nilpferde-768x1111.jpg 768w, https:\/\/evileu.de\/die-reisende-malerin\/wp-content\/uploads\/2016\/11\/fliegende-pop-nilpferde.jpg 1201w\" sizes=\"(max-width: 474px) 100vw, 474px\" \/><figcaption id=\"caption-attachment-58\" class=\"wp-caption-text\">fliegende-pop-nilpferde<\/figcaption><\/figure>\n<p>Und hier ein niedlicher kleiner Stier:<\/p>\n<figure id=\"attachment_59\" aria-describedby=\"caption-attachment-59\" style=\"width: 474px\" class=\"wp-caption alignnone\"><img decoding=\"async\" loading=\"lazy\" class=\"wp-image-59 size-large\" src=\"http:\/\/evileu.de\/die-reisende-malerin\/wp-content\/uploads\/2016\/11\/kleiner-stier-1024x634.jpg\" alt=\"kleiner-stier\" width=\"474\" height=\"293\" srcset=\"https:\/\/evileu.de\/die-reisende-malerin\/wp-content\/uploads\/2016\/11\/kleiner-stier-1024x634.jpg 1024w, https:\/\/evileu.de\/die-reisende-malerin\/wp-content\/uploads\/2016\/11\/kleiner-stier-300x186.jpg 300w, https:\/\/evileu.de\/die-reisende-malerin\/wp-content\/uploads\/2016\/11\/kleiner-stier-768x475.jpg 768w, https:\/\/evileu.de\/die-reisende-malerin\/wp-content\/uploads\/2016\/11\/kleiner-stier.jpg 1234w\" sizes=\"(max-width: 474px) 100vw, 474px\" \/><figcaption id=\"caption-attachment-59\" class=\"wp-caption-text\">kleiner-stier<\/figcaption><\/figure>\n<p>Ein anderer starker Einflu\u00df zu der Zeit war meine jungerwachte Liebe zu Italien. Erstens lernte ich auf Sch\u00fcleraustausch in Verona eine liebenswerte italienische Gro\u00dffamilie kennen, die hatten eine Azienda Agricola (einen grossen Gutshof) auf dem Land, nicht weit von Vendig entfernt. Hier verbrachte ich viele Sommerferien und war in der Familie so herzlich aufgenommen wie ein eigenes Kind.<\/p>\n<p>Und dann machten wir mit der Familie auch viele wunderbare Urlaube in Italien, wir zeltelten uns vom Gardasee \u00fcber die Toskana bis nach Rom und schauten uns jede Sehensw\u00fcrdigkeit auf dem Weg genauestens an. Unter diesen Eindr\u00fccken habe ich bei Herrn Schuster im Unterricht ein Architekturmodell von meinem Traumhaus am Meer entworfen, davon existiert noch diese Radierung, betitelt &#8222;Porto Ercole&#8220; nach einem sch\u00f6nen Urlaubsort am Mittelmeer:<\/p>\n<figure id=\"attachment_61\" aria-describedby=\"caption-attachment-61\" style=\"width: 300px\" class=\"wp-caption alignnone\"><img decoding=\"async\" loading=\"lazy\" class=\"size-medium wp-image-61\" src=\"http:\/\/evileu.de\/die-reisende-malerin\/wp-content\/uploads\/2016\/11\/traumhaus-am-meer-300x211.jpg\" alt=\"traumhaus-am-meer\" width=\"300\" height=\"211\" srcset=\"https:\/\/evileu.de\/die-reisende-malerin\/wp-content\/uploads\/2016\/11\/traumhaus-am-meer-300x211.jpg 300w, https:\/\/evileu.de\/die-reisende-malerin\/wp-content\/uploads\/2016\/11\/traumhaus-am-meer-768x539.jpg 768w, https:\/\/evileu.de\/die-reisende-malerin\/wp-content\/uploads\/2016\/11\/traumhaus-am-meer.jpg 954w\" sizes=\"(max-width: 300px) 100vw, 300px\" \/><figcaption id=\"caption-attachment-61\" class=\"wp-caption-text\">traumhaus-am-meer<\/figcaption><\/figure>\n<p>Und eine fr\u00f6hliche Collage hat noch \u00fcberlebt, sie zeigt mein Italien als Wunderland der Kunst, Landschaft und Architektur:<\/p>\n<figure id=\"attachment_62\" aria-describedby=\"caption-attachment-62\" style=\"width: 474px\" class=\"wp-caption alignnone\"><img decoding=\"async\" loading=\"lazy\" class=\"wp-image-62 size-large\" src=\"http:\/\/evileu.de\/die-reisende-malerin\/wp-content\/uploads\/2016\/11\/collage-italien-1024x858.jpg\" alt=\"collage-italien\" width=\"474\" height=\"397\" srcset=\"https:\/\/evileu.de\/die-reisende-malerin\/wp-content\/uploads\/2016\/11\/collage-italien-1024x858.jpg 1024w, https:\/\/evileu.de\/die-reisende-malerin\/wp-content\/uploads\/2016\/11\/collage-italien-300x251.jpg 300w, https:\/\/evileu.de\/die-reisende-malerin\/wp-content\/uploads\/2016\/11\/collage-italien-768x644.jpg 768w, https:\/\/evileu.de\/die-reisende-malerin\/wp-content\/uploads\/2016\/11\/collage-italien.jpg 1261w\" sizes=\"(max-width: 474px) 100vw, 474px\" \/><figcaption id=\"caption-attachment-62\" class=\"wp-caption-text\">collage-italien<\/figcaption><\/figure>\n<p>Aber leider, wie gesagt sind die meisten meiner Werke aus der Kollegstufe auf Nimmerwiedersehen in den Archiven der Schule verschwunden. Besonders geschmerzt hat es mich, da\u00df auch meine Facharbeit verlorenging, die habe ich n\u00e4mlich wirklich mit Herzblut gemalt. Ich war damals (wie wir M\u00e4dchen alle) ganz stark beeindruckt von der brillianten <a href=\"https:\/\/de.wikipedia.org\/wiki\/Jesus_Christ_Superstar_(Film)\">Verfilmung des Musicals &#8222;Jesus Christ Superstar&#8220;<\/a>, und wir waren auch eine um die andere schwer verliebt in den jungen <a href=\"https:\/\/de.wikipedia.org\/wiki\/Ted_Neeley\">Ted Neeley<\/a>, der den Jesus so charismatisch und \u00fcberzeugend sang und spielte.<\/p>\n<p>Deshalb w\u00e4hlte ich f\u00fcr meine Facharbeit auch Jesus als Thema, ich zeichnete und malte und dokumentierte &#8222;Darstellungen des Gekreuzigten in M\u00fcnchener Kirchen&#8220;. Die Facharbeit war ein schweres und ernstes Thema f\u00fcr ein junges M\u00e4dchen, aber ich habe sie mit Liebe und viel Gef\u00fchl gestaltet und auch einen glatten Einser mit Stern daf\u00fcr bekommen.<\/p>\n<p>1980 habe ich dann das Abitur gemacht, das war nicht schwer, wir waren ja durch die Kollegstufe gut vorbereitet und ich bekam einen sch\u00f6nen Zweier als Gesamtnote. Jetzt sollte ich studieren, das war klar, da waren auch meine Eltern ganz stark daf\u00fcr. Nur was?<\/p>\n<p>Der Herr Schuster h\u00e4tte mich gerne an der Kunstakademie gesehen, der tr\u00e4umte davon da\u00df ich in seine Fu\u00dfstapfen treten und ebenfalls Kunsterzieherin werden sollte. Ich war skeptisch: den Umgang mit st\u00f6rrischen Kindern als Lehrerin stellte ich mir ziemlich frustrierend vor, das war jetzt nicht mein Berufstraum.<\/p>\n<p>Meine Gro\u00dfeltern setzten auf meine Sprachbegabung, die waren f\u00fcr Anglistik als Hauptfach, ich sollte Dolmetscherin oder wenigstens sprachgebildete B\u00fcrokraft werden. Meine Eltern hatten gar keine rechte Vorstellung, Hauptsache irgendein Univerrsit\u00e4tsstudium mit Diplom, am Besten eine Naturwissenschaft, das w\u00fcrde mich im Berufsleben schon weiterbringen.<\/p>\n<p>Ja, und ich? Ich hatte zu der Zeit einen ganz klaren Berufswunsch: ich wollte Restauratorin werden.\u00a0 Aber dazu h\u00e4tte ich zuerst ein Handwerk lernen m\u00fcssen, Kirchenmalerin oder M\u00f6belschreinerin oder so etwas, und da waren meine Eltern strikt dagegen, ich sollte sofort an die Uni und nicht erst eine Lehre machen.<\/p>\n<p>Als Alternative zum Restaurieren konnte ich mir noch am ehesten eine naturwissenschaftliche Karriere vorstellen, also bewarb ich mich um einen Studienplatz in Biologie, aber der war damals schwer zu bekommen, da hatte ich einige Semester Wartezeit zu \u00fcberbr\u00fccken. Also schrieb ich mich erst einmal (halbherzig) f\u00fcr Anglistik ein, zog aus dem Elternhaus aus und nach Schwabing in eine Studentenbude, und dann begann die bunte, wilde Studienzeit, aber damit beginnt auch ein neues Kapitel meiner Lebensgeschichte in Bildern.<\/p>\n","protected":false},"excerpt":{"rendered":"<p>Ich bekam von meiner Mami zu meinem (glaube ich) 17. Geburtstag ein ganz wunderbares Geschenk: einen richtigen K\u00fcnstler-Aquarellmalkasten feinster Qualit\u00e4t, mitsamt den passenden Kolinsky-Rotmarderpinseln und einigen der sehr teuren speziellen Aquarellbl\u00f6cke. Ich habe mich sofort in die leuchtenden, lichten Farben verliebt, und diese Liebe h\u00e4lt bis heute ungebrochen an. Aquarellfarben sind meine Farben, mein bestes &hellip; <a href=\"https:\/\/evileu.de\/die-reisende-malerin\/mein-lebenslauf-in-bildern\/willi-graf-gymnasium-die-kollegstufe-1978-1980\/\" class=\"more-link\"><span class=\"screen-reader-text\">Die Kollegstufe 1978-1980<\/span> weiterlesen <span class=\"meta-nav\">&rarr;<\/span><\/a><\/p>\n","protected":false},"author":1,"featured_media":0,"parent":9,"menu_order":2,"comment_status":"closed","ping_status":"closed","template":"","meta":[],"_links":{"self":[{"href":"https:\/\/evileu.de\/die-reisende-malerin\/wp-json\/wp\/v2\/pages\/53"}],"collection":[{"href":"https:\/\/evileu.de\/die-reisende-malerin\/wp-json\/wp\/v2\/pages"}],"about":[{"href":"https:\/\/evileu.de\/die-reisende-malerin\/wp-json\/wp\/v2\/types\/page"}],"author":[{"embeddable":true,"href":"https:\/\/evileu.de\/die-reisende-malerin\/wp-json\/wp\/v2\/users\/1"}],"replies":[{"embeddable":true,"href":"https:\/\/evileu.de\/die-reisende-malerin\/wp-json\/wp\/v2\/comments?post=53"}],"version-history":[{"count":7,"href":"https:\/\/evileu.de\/die-reisende-malerin\/wp-json\/wp\/v2\/pages\/53\/revisions"}],"predecessor-version":[{"id":108,"href":"https:\/\/evileu.de\/die-reisende-malerin\/wp-json\/wp\/v2\/pages\/53\/revisions\/108"}],"up":[{"embeddable":true,"href":"https:\/\/evileu.de\/die-reisende-malerin\/wp-json\/wp\/v2\/pages\/9"}],"wp:attachment":[{"href":"https:\/\/evileu.de\/die-reisende-malerin\/wp-json\/wp\/v2\/media?parent=53"}],"curies":[{"name":"wp","href":"https:\/\/api.w.org\/{rel}","templated":true}]}}