{"id":42,"date":"2016-11-24T17:37:07","date_gmt":"2016-11-24T16:37:07","guid":{"rendered":"http:\/\/evileu.de\/die-reisende-malerin\/?page_id=42"},"modified":"2016-11-26T05:46:15","modified_gmt":"2016-11-26T04:46:15","slug":"am-willi-graf-gymnasium-die-fruehen-jahre-1972-1978","status":"publish","type":"page","link":"https:\/\/evileu.de\/die-reisende-malerin\/mein-lebenslauf-in-bildern\/am-willi-graf-gymnasium-die-fruehen-jahre-1972-1978\/","title":{"rendered":"Gymnasium: die fr\u00fchen Jahre 1972-1978"},"content":{"rendered":"<p>Ich bin nach der 5. Klasse Volksschule ins Willi-Graf-Gymnasium (M\u00fcnchen) gewechselt und bekam dort einen ganz tollen Kunsterzieher, den Herrn Herbert Schuster. Er schaffte es, da\u00df Kunsterziehung zum Lieblingsfach aller M\u00e4dchen wurde, er f\u00f6rderte die Talentierten und ermutigte die Unbegabteren, er fand immer etwas Besonderes an unseren ersten Gehversuchen in Sachen Kunst, er war fair und liebensw\u00fcrdig und einfach ein ganz feiner Kerl und toller Lehrer.<\/p>\n<p>Die Mittel waren allerdings leider beschr\u00e4nkt, wesentlich mehr als Tusche und Bleistift und die ollen Pelikan-Deckfarbk\u00e4sten gab es einfach nicht, und gemalt wurde auf billigem Schulblock-Papier. Leider sind die Deckfarben alles andere als brilliant, wenn man kr\u00e4ftige Farben erzielen will, mu\u00df man dicke Schichten \u00fcbereinander malen, und das vertr\u00e4gt wiederum das billige Papier nicht, das wellt sich und die Farben k\u00f6nnen abbl\u00e4ttern. Wir habens trotzdem probiert, aber Deckfarben-Bilder wirken halt leider immer ein bi\u00dfchen stumpf und lichtlos.<\/p>\n<figure id=\"attachment_43\" aria-describedby=\"caption-attachment-43\" style=\"width: 474px\" class=\"wp-caption alignnone\"><img decoding=\"async\" loading=\"lazy\" class=\"wp-image-43 size-large\" src=\"http:\/\/evileu.de\/die-reisende-malerin\/wp-content\/uploads\/2016\/11\/blaue-burg-deckfarben-1024x714.jpg\" alt=\"blaue-burg-deckfarben\" width=\"474\" height=\"331\" srcset=\"https:\/\/evileu.de\/die-reisende-malerin\/wp-content\/uploads\/2016\/11\/blaue-burg-deckfarben-1024x714.jpg 1024w, https:\/\/evileu.de\/die-reisende-malerin\/wp-content\/uploads\/2016\/11\/blaue-burg-deckfarben-300x209.jpg 300w, https:\/\/evileu.de\/die-reisende-malerin\/wp-content\/uploads\/2016\/11\/blaue-burg-deckfarben-768x536.jpg 768w, https:\/\/evileu.de\/die-reisende-malerin\/wp-content\/uploads\/2016\/11\/blaue-burg-deckfarben.jpg 1718w\" sizes=\"(max-width: 474px) 100vw, 474px\" \/><figcaption id=\"caption-attachment-43\" class=\"wp-caption-text\">blaue-burg-deckfarben<\/figcaption><\/figure>\n<p>Das ist sehr schade, denn manches Talent verk\u00fcmmert einfach, wenn man nicht das richtige Material hat um seine inneren Bilder umzusetzen. Ich finde, man sollte Kindern im Kunstunterricht unbedingt gutes Werkzeug geben, leuchtende Farben und gutes K\u00fcnstlerpapier, aber das ist halt leider eine Kostenfrage und wird nicht immer umsetzbar sein.<\/p>\n<p>Ich habe in dieser Zeit ganz viel gezeichnet, Tusche und Bleistift waren mir lieber als die stumpfen Deckfarben. Leider immer auf billigem Papier, und das ist \u00fcber die Jahre so vergilbt, da\u00df die Zeichnungen nicht mehr sch\u00f6n aussehen.<\/p>\n<figure id=\"attachment_45\" aria-describedby=\"caption-attachment-45\" style=\"width: 474px\" class=\"wp-caption alignnone\"><img decoding=\"async\" loading=\"lazy\" class=\"wp-image-45 size-large\" src=\"http:\/\/evileu.de\/die-reisende-malerin\/wp-content\/uploads\/2016\/11\/bajazzo-vergilbt-1024x748.jpg\" alt=\"bajazzo-vergilbt\" width=\"474\" height=\"346\" srcset=\"https:\/\/evileu.de\/die-reisende-malerin\/wp-content\/uploads\/2016\/11\/bajazzo-vergilbt-1024x748.jpg 1024w, https:\/\/evileu.de\/die-reisende-malerin\/wp-content\/uploads\/2016\/11\/bajazzo-vergilbt-300x219.jpg 300w, https:\/\/evileu.de\/die-reisende-malerin\/wp-content\/uploads\/2016\/11\/bajazzo-vergilbt-768x561.jpg 768w, https:\/\/evileu.de\/die-reisende-malerin\/wp-content\/uploads\/2016\/11\/bajazzo-vergilbt.jpg 1631w\" sizes=\"(max-width: 474px) 100vw, 474px\" \/><figcaption id=\"caption-attachment-45\" class=\"wp-caption-text\">bajazzo-vergilbt<\/figcaption><\/figure>\n<p>Von den Motiven her war ich in dieser Zeit stark von den Surrealisten beeinflu\u00dft, meine Helden hie\u00dfen Dali und Magritte, und ich zeichnete nach ihrem fantasievollen Vorbild. Das folgende Bild ist auf gutem K\u00fcnstlerpapier gezeichnet, das sieht heute noch gut aus:<\/p>\n<figure id=\"attachment_46\" aria-describedby=\"caption-attachment-46\" style=\"width: 474px\" class=\"wp-caption alignnone\"><img decoding=\"async\" loading=\"lazy\" class=\"wp-image-46 size-large\" src=\"http:\/\/evileu.de\/die-reisende-malerin\/wp-content\/uploads\/2016\/11\/renn-auto-1024x746.jpg\" alt=\"renn-auto\" width=\"474\" height=\"345\" srcset=\"https:\/\/evileu.de\/die-reisende-malerin\/wp-content\/uploads\/2016\/11\/renn-auto-1024x746.jpg 1024w, https:\/\/evileu.de\/die-reisende-malerin\/wp-content\/uploads\/2016\/11\/renn-auto-300x219.jpg 300w, https:\/\/evileu.de\/die-reisende-malerin\/wp-content\/uploads\/2016\/11\/renn-auto-768x560.jpg 768w, https:\/\/evileu.de\/die-reisende-malerin\/wp-content\/uploads\/2016\/11\/renn-auto.jpg 1744w\" sizes=\"(max-width: 474px) 100vw, 474px\" \/><figcaption id=\"caption-attachment-46\" class=\"wp-caption-text\">renn-auto<\/figcaption><\/figure>\n<p>So um 1975 herum kam ich auf Sch\u00fcleraustausch nach Verona, und meine Mami schenkte mir f\u00fcr die Reise feine \u00d6lpastell-Kreiden und ein paar gute K\u00fcnstlerpapier-Blocks. Das waren jetzt endlich mal leuchtende Farben, so wie ich sie mir immer gew\u00fcnscht hatte! Das folgende Bild ist nach einem Ausflug mit meiner Gastfamilie an den Gardasee entstanden, und man sieht richtig das klare Licht und den frischen Wind:<\/p>\n<figure id=\"attachment_48\" aria-describedby=\"caption-attachment-48\" style=\"width: 474px\" class=\"wp-caption alignnone\"><img decoding=\"async\" loading=\"lazy\" class=\"wp-image-48 size-large\" src=\"http:\/\/evileu.de\/die-reisende-malerin\/wp-content\/uploads\/2016\/11\/zypresse-am-gardasee-746x1024.jpg\" alt=\"zypresse-am-gardasee\" width=\"474\" height=\"651\" srcset=\"https:\/\/evileu.de\/die-reisende-malerin\/wp-content\/uploads\/2016\/11\/zypresse-am-gardasee-746x1024.jpg 746w, https:\/\/evileu.de\/die-reisende-malerin\/wp-content\/uploads\/2016\/11\/zypresse-am-gardasee-219x300.jpg 219w, https:\/\/evileu.de\/die-reisende-malerin\/wp-content\/uploads\/2016\/11\/zypresse-am-gardasee-768x1054.jpg 768w, https:\/\/evileu.de\/die-reisende-malerin\/wp-content\/uploads\/2016\/11\/zypresse-am-gardasee.jpg 1271w\" sizes=\"(max-width: 474px) 100vw, 474px\" \/><figcaption id=\"caption-attachment-48\" class=\"wp-caption-text\">zypresse-am-gardasee<\/figcaption><\/figure>\n<p>In der selben Zeit ist auch diese h\u00fcbsche Pinie am Meeresstrand entstanden, ich liebte die klaren, leuchtenden Farben der \u00d6lkreiden und malte mit frischer Begeisterung:<\/p>\n<figure id=\"attachment_49\" aria-describedby=\"caption-attachment-49\" style=\"width: 474px\" class=\"wp-caption alignnone\"><img decoding=\"async\" loading=\"lazy\" class=\"wp-image-49 size-large\" src=\"http:\/\/evileu.de\/die-reisende-malerin\/wp-content\/uploads\/2016\/11\/pinie-am-meer-1024x746.jpg\" alt=\"pinie-am-meer\" width=\"474\" height=\"345\" srcset=\"https:\/\/evileu.de\/die-reisende-malerin\/wp-content\/uploads\/2016\/11\/pinie-am-meer-1024x746.jpg 1024w, https:\/\/evileu.de\/die-reisende-malerin\/wp-content\/uploads\/2016\/11\/pinie-am-meer-300x219.jpg 300w, https:\/\/evileu.de\/die-reisende-malerin\/wp-content\/uploads\/2016\/11\/pinie-am-meer-768x560.jpg 768w, https:\/\/evileu.de\/die-reisende-malerin\/wp-content\/uploads\/2016\/11\/pinie-am-meer.jpg 1744w\" sizes=\"(max-width: 474px) 100vw, 474px\" \/><figcaption id=\"caption-attachment-49\" class=\"wp-caption-text\">pinie-am-meer<\/figcaption><\/figure>\n<p>Das war doch ganz etwas anderes als die ollen Deckfarben!<\/p>\n<p>So gegen 1978, vor Beginn der Kollegstufe, bekam\u00a0 ich dann von meiner Mami ein ganz wunderbares Geburtstagsgeschenk: einen echten, feinen K\u00fcnstler-Aquarellkasten von Schmincke in allerbester Malerqualit\u00e4t.\u00a0 Aber damit, und mit dem Kunst-Leistungskurs bei Herrn Schuster, f\u00e4ngt ein neues Kapitel in meiner Geschichte als Malerin an.<\/p>\n","protected":false},"excerpt":{"rendered":"<p>Ich bin nach der 5. Klasse Volksschule ins Willi-Graf-Gymnasium (M\u00fcnchen) gewechselt und bekam dort einen ganz tollen Kunsterzieher, den Herrn Herbert Schuster. Er schaffte es, da\u00df Kunsterziehung zum Lieblingsfach aller M\u00e4dchen wurde, er f\u00f6rderte die Talentierten und ermutigte die Unbegabteren, er fand immer etwas Besonderes an unseren ersten Gehversuchen in Sachen Kunst, er war fair &hellip; <a href=\"https:\/\/evileu.de\/die-reisende-malerin\/mein-lebenslauf-in-bildern\/am-willi-graf-gymnasium-die-fruehen-jahre-1972-1978\/\" class=\"more-link\"><span class=\"screen-reader-text\">Gymnasium: die fr\u00fchen Jahre 1972-1978<\/span> weiterlesen <span class=\"meta-nav\">&rarr;<\/span><\/a><\/p>\n","protected":false},"author":1,"featured_media":0,"parent":9,"menu_order":1,"comment_status":"closed","ping_status":"closed","template":"","meta":[],"_links":{"self":[{"href":"https:\/\/evileu.de\/die-reisende-malerin\/wp-json\/wp\/v2\/pages\/42"}],"collection":[{"href":"https:\/\/evileu.de\/die-reisende-malerin\/wp-json\/wp\/v2\/pages"}],"about":[{"href":"https:\/\/evileu.de\/die-reisende-malerin\/wp-json\/wp\/v2\/types\/page"}],"author":[{"embeddable":true,"href":"https:\/\/evileu.de\/die-reisende-malerin\/wp-json\/wp\/v2\/users\/1"}],"replies":[{"embeddable":true,"href":"https:\/\/evileu.de\/die-reisende-malerin\/wp-json\/wp\/v2\/comments?post=42"}],"version-history":[{"count":4,"href":"https:\/\/evileu.de\/die-reisende-malerin\/wp-json\/wp\/v2\/pages\/42\/revisions"}],"predecessor-version":[{"id":107,"href":"https:\/\/evileu.de\/die-reisende-malerin\/wp-json\/wp\/v2\/pages\/42\/revisions\/107"}],"up":[{"embeddable":true,"href":"https:\/\/evileu.de\/die-reisende-malerin\/wp-json\/wp\/v2\/pages\/9"}],"wp:attachment":[{"href":"https:\/\/evileu.de\/die-reisende-malerin\/wp-json\/wp\/v2\/media?parent=42"}],"curies":[{"name":"wp","href":"https:\/\/api.w.org\/{rel}","templated":true}]}}