{"id":2,"date":"2016-11-24T05:27:30","date_gmt":"2016-11-24T04:27:30","guid":{"rendered":"http:\/\/evileu.de\/die-reisende-malerin\/?page_id=2"},"modified":"2018-05-23T08:52:14","modified_gmt":"2018-05-23T06:52:14","slug":"beispiel-seite","status":"publish","type":"page","link":"https:\/\/evileu.de\/die-reisende-malerin\/","title":{"rendered":"Herzlich Willkommen!"},"content":{"rendered":"<div class=\"entry-content\">\n<p>Ich bin Malerin aus Leidenschaft, mein ganzes Leben lang schon. Bereits als kleines M\u00e4dchen war ich mit Stift, Pinsel und Farbe am gl\u00fccklichsten, und diese Freude am bildnerischen Gestalten hat mich durch mein ganzes Leben bis heute begleitet.<\/p>\n<div id='gallery-1' class='gallery galleryid-2 gallery-columns-3 gallery-size-thumbnail'><figure class='gallery-item'>\n\t\t\t<div class='gallery-icon landscape'>\n\t\t\t\t<a href='https:\/\/evileu.de\/die-reisende-malerin\/mein-lebenslauf-in-bildern\/in-der-grundschule-1966-1972\/jim-knopf-mein-aeltestes-bild\/'><img width=\"150\" height=\"150\" src=\"https:\/\/evileu.de\/die-reisende-malerin\/wp-content\/uploads\/2016\/11\/jim-knopf-mein-aeltestes-bild-150x150.jpg\" class=\"attachment-thumbnail size-thumbnail\" alt=\"jim-knopf-mein-aeltestes-bild\" decoding=\"async\" loading=\"lazy\" aria-describedby=\"gallery-1-16\" \/><\/a>\n\t\t\t<\/div>\n\t\t\t\t<figcaption class='wp-caption-text gallery-caption' id='gallery-1-16'>\n\t\t\t\tGrundschule\n\t\t\t\t<\/figcaption><\/figure><figure class='gallery-item'>\n\t\t\t<div class='gallery-icon landscape'>\n\t\t\t\t<a href='https:\/\/evileu.de\/die-reisende-malerin\/mein-lebenslauf-in-bildern\/am-willi-graf-gymnasium-die-fruehen-jahre-1972-1978\/blaue-burg-deckfarben\/'><img width=\"150\" height=\"150\" src=\"https:\/\/evileu.de\/die-reisende-malerin\/wp-content\/uploads\/2016\/11\/blaue-burg-deckfarben-150x150.jpg\" class=\"attachment-thumbnail size-thumbnail\" alt=\"blaue-burg-deckfarben\" decoding=\"async\" loading=\"lazy\" aria-describedby=\"gallery-1-43\" \/><\/a>\n\t\t\t<\/div>\n\t\t\t\t<figcaption class='wp-caption-text gallery-caption' id='gallery-1-43'>\n\t\t\t\tGymnasium\n\t\t\t\t<\/figcaption><\/figure><figure class='gallery-item'>\n\t\t\t<div class='gallery-icon landscape'>\n\t\t\t\t<a href='https:\/\/evileu.de\/die-reisende-malerin\/mein-lebenslauf-in-bildern\/am-willi-graf-gymnasium-die-fruehen-jahre-1972-1978\/pinie-am-meer\/'><img width=\"150\" height=\"150\" src=\"https:\/\/evileu.de\/die-reisende-malerin\/wp-content\/uploads\/2016\/11\/pinie-am-meer-150x150.jpg\" class=\"attachment-thumbnail size-thumbnail\" alt=\"pinie-am-meer\" decoding=\"async\" loading=\"lazy\" aria-describedby=\"gallery-1-49\" \/><\/a>\n\t\t\t<\/div>\n\t\t\t\t<figcaption class='wp-caption-text gallery-caption' id='gallery-1-49'>\n\t\t\t\tItalienreise\n\t\t\t\t<\/figcaption><\/figure><figure class='gallery-item'>\n\t\t\t<div class='gallery-icon portrait'>\n\t\t\t\t<a href='https:\/\/evileu.de\/die-reisende-malerin\/mein-lebenslauf-in-bildern\/die-wilden-jahre-an-der-uni-studentenzeiten-1980-1990\/urlaubsfahrt\/'><img width=\"150\" height=\"150\" src=\"https:\/\/evileu.de\/die-reisende-malerin\/wp-content\/uploads\/2016\/11\/urlaubsfahrt-150x150.jpg\" class=\"attachment-thumbnail size-thumbnail\" alt=\"urlaubsfahrt\" decoding=\"async\" loading=\"lazy\" aria-describedby=\"gallery-1-75\" \/><\/a>\n\t\t\t<\/div>\n\t\t\t\t<figcaption class='wp-caption-text gallery-caption' id='gallery-1-75'>\n\t\t\t\tStudium\n\t\t\t\t<\/figcaption><\/figure><figure class='gallery-item'>\n\t\t\t<div class='gallery-icon landscape'>\n\t\t\t\t<a href='https:\/\/evileu.de\/die-reisende-malerin\/mein-lebenslauf-in-bildern\/willi-graf-gymnasium-die-kollegstufe-1978-1980\/kleiner-stier\/'><img width=\"150\" height=\"150\" src=\"https:\/\/evileu.de\/die-reisende-malerin\/wp-content\/uploads\/2016\/11\/kleiner-stier-150x150.jpg\" class=\"attachment-thumbnail size-thumbnail\" alt=\"kleiner-stier\" decoding=\"async\" loading=\"lazy\" aria-describedby=\"gallery-1-59\" \/><\/a>\n\t\t\t<\/div>\n\t\t\t\t<figcaption class='wp-caption-text gallery-caption' id='gallery-1-59'>\n\t\t\t\tKollegstufe\n\t\t\t\t<\/figcaption><\/figure><figure class='gallery-item'>\n\t\t\t<div class='gallery-icon portrait'>\n\t\t\t\t<a href='https:\/\/evileu.de\/die-reisende-malerin\/mein-lebenslauf-in-bildern\/mein-neuanfang-als-landschaftsmalerin-1999-2009\/baumstamm\/'><img width=\"150\" height=\"150\" src=\"https:\/\/evileu.de\/die-reisende-malerin\/wp-content\/uploads\/2016\/11\/baumstamm-150x150.jpg\" class=\"attachment-thumbnail size-thumbnail\" alt=\"baumstamm\" decoding=\"async\" loading=\"lazy\" aria-describedby=\"gallery-1-81\" \/><\/a>\n\t\t\t<\/div>\n\t\t\t\t<figcaption class='wp-caption-text gallery-caption' id='gallery-1-81'>\n\t\t\t\tLandschaften\n\t\t\t\t<\/figcaption><\/figure>\n\t\t<\/div>\n\n<p>Hier m\u00f6chte ich <a href=\"http:\/\/evileu.de\/die-reisende-malerin\/mein-lebenslauf-in-bildern\/\">meinen Lebenslauf in Bildern<\/a> vorstellen, zeigen was ich wann gelernt habe und welche Einfl\u00fcsse sich auf meine Malerei im Laufe der Jahre einwirkten. Es wird eine (hoffentlich am\u00fcsante und spannende) Zeitreise von den fr\u00fchen 1960er Jahren bis heute, und es gibt auch viele Geschichten zu den Bildern zu erz\u00e4hlen.<\/p>\n<p>Im <a href=\"http:\/\/evileu.de\/die-reisende-malerin\/maltagebuch\/\">Maltagebuch<\/a> finden Sie, an was ich heute aktuell arbeite, das sind meistens Auftragsarbeiten.\u00a0 Wenn ihnen davon etwas gef\u00e4llt:\u00a0 Ich fertige auch f\u00fcr Sie ein Bild nach ihren W\u00fcnschen! Schicken sie mir einfach eine E-Mail an evi.s.leu@gmx.de, \u00fcber den Preis werden wir uns dann schon einig. Eine Illustration im Kleinformat k\u00f6nnen sie schon ab ca. 30 \u20ac bekommen, f\u00fcr gr\u00f6\u00dfere Bilder rechne ich je nach Aufwand, das geht so ab 100 \u20ac f\u00fcr Format DIN A4 los. Jedenfalls sind Auftragsarbeiten von mir erschwinglich, und geben wunderbare Geschenk ab!<\/p>\n<p>Mit herzlichen Gr\u00fc\u00dfen,<\/p>\n<p>Ihre Evi Leu<br \/>\nDie reisende Malerin<\/p>\n<\/div>\n","protected":false},"excerpt":{"rendered":"<p>Ich bin Malerin aus Leidenschaft, mein ganzes Leben lang schon. Bereits als kleines M\u00e4dchen war ich mit Stift, Pinsel und Farbe am gl\u00fccklichsten, und diese Freude am bildnerischen Gestalten hat mich durch mein ganzes Leben bis heute begleitet. Hier m\u00f6chte ich meinen Lebenslauf in Bildern vorstellen, zeigen was ich wann gelernt habe und welche Einfl\u00fcsse &hellip; <a href=\"https:\/\/evileu.de\/die-reisende-malerin\/\" class=\"more-link\"><span class=\"screen-reader-text\">Herzlich Willkommen!<\/span> weiterlesen <span class=\"meta-nav\">&rarr;<\/span><\/a><\/p>\n","protected":false},"author":1,"featured_media":0,"parent":0,"menu_order":0,"comment_status":"closed","ping_status":"open","template":"","meta":[],"_links":{"self":[{"href":"https:\/\/evileu.de\/die-reisende-malerin\/wp-json\/wp\/v2\/pages\/2"}],"collection":[{"href":"https:\/\/evileu.de\/die-reisende-malerin\/wp-json\/wp\/v2\/pages"}],"about":[{"href":"https:\/\/evileu.de\/die-reisende-malerin\/wp-json\/wp\/v2\/types\/page"}],"author":[{"embeddable":true,"href":"https:\/\/evileu.de\/die-reisende-malerin\/wp-json\/wp\/v2\/users\/1"}],"replies":[{"embeddable":true,"href":"https:\/\/evileu.de\/die-reisende-malerin\/wp-json\/wp\/v2\/comments?post=2"}],"version-history":[{"count":10,"href":"https:\/\/evileu.de\/die-reisende-malerin\/wp-json\/wp\/v2\/pages\/2\/revisions"}],"predecessor-version":[{"id":162,"href":"https:\/\/evileu.de\/die-reisende-malerin\/wp-json\/wp\/v2\/pages\/2\/revisions\/162"}],"wp:attachment":[{"href":"https:\/\/evileu.de\/die-reisende-malerin\/wp-json\/wp\/v2\/media?parent=2"}],"curies":[{"name":"wp","href":"https:\/\/api.w.org\/{rel}","templated":true}]}}