{"id":157,"date":"2017-10-10T04:26:39","date_gmt":"2017-10-10T02:26:39","guid":{"rendered":"http:\/\/evileu.de\/die-reisende-malerin\/?page_id=157"},"modified":"2017-10-10T04:26:39","modified_gmt":"2017-10-10T02:26:39","slug":"das-mache-ich-heute","status":"publish","type":"page","link":"https:\/\/evileu.de\/die-reisende-malerin\/mein-lebenslauf-in-bildern\/das-mache-ich-heute\/","title":{"rendered":"Das mache ich heute"},"content":{"rendered":"<p>Was macht eine reisende Malerin, wenn sie von allen ihren Lieblingspl\u00e4tzen \u00fcber die Jahre schon Dutzende von Bildern gemalt hat?<\/p>\n<p>Sie setzt sich hin und betrachtet die sch\u00f6ne Landschaft, erfreut sich daran und macht auch mal gar nichts. Ich fahre auch jetzt noch oft zu meinen Lieblingspl\u00e4tzen an den Seen und im ganzen Oberland, aber meistens hab ich ein Strickzeug dabei und nadle gem\u00fctlich vor mich hin, und genie\u00dfe die freie Natur und die sch\u00f6ne Aussicht. Die Malsachen bleiben meistens in der Tasche, aber ich hab ja schon so viele Bilder!<\/p>\n<p>Ich male heute nicht mehr so viel, meistens mache ich Auftragsarbeiten, schaut dazu mal in das <a href=\"http:\/\/evileu.de\/die-reisende-malerin\/maltagebuch\/\">Maltagebuch<\/a>\u00a0, dort stelle ich Fotos rein, wenn ich aktuelle\u00a0Bilder habe.<\/p>\n<p>Ich male nach wie vor gern, und es geht mir auch leicht von der Hand, aber\u00a0meine Interessen haben sich \u00fcber die Jahre etwas verlagert. Ich arbeite jetzt sehr viel mit Textilien, ich stricke und h\u00e4kle und sticke und n\u00e4he.<\/p>\n<p>Viele meiner Handarbeitswerke gehen f\u00fcr einen guten Zweck weg, ich stricke und h\u00e4kle T\u00fccher und Schals f\u00fcr den Sternstundenbasar, ich stricke Handw\u00e4rmer und\u00a0Kniedecken f\u00fcr M\u00fcnchner Altersheime, die Aidshilfe Stuttgart bekommt jedes Jahr sch\u00f6ne Schals f\u00fcr ihren Stand auf dem Stuttgarter Weihnachtsmarkt, f\u00fcr die Klinikclowns stricke ich kleine Kuscheltiere&#8230; und so weiter, ich mache einfach sehr gern sch\u00f6ne Handarbeiten und gebe sie auch gerne f\u00fcr eine gute Sache her.<\/p>\n<p>Besucht mal meinen <a href=\"http:\/\/evileu.de\/oddballs\/\">Handarbeitsblog<\/a>, da k\u00f6nnt ihr sehen was ich heutzutage so alles werke!<\/p>\n<figure id=\"attachment_158\" aria-describedby=\"caption-attachment-158\" style=\"width: 300px\" class=\"wp-caption alignnone\"><img decoding=\"async\" loading=\"lazy\" class=\"size-medium wp-image-158\" src=\"http:\/\/evileu.de\/die-reisende-malerin\/wp-content\/uploads\/2017\/10\/DSCN0389-300x225.jpg\" alt=\"Babysniffer f\u00fcr die Klinikclowns\" width=\"300\" height=\"225\" srcset=\"https:\/\/evileu.de\/die-reisende-malerin\/wp-content\/uploads\/2017\/10\/DSCN0389-300x225.jpg 300w, https:\/\/evileu.de\/die-reisende-malerin\/wp-content\/uploads\/2017\/10\/DSCN0389-768x576.jpg 768w, https:\/\/evileu.de\/die-reisende-malerin\/wp-content\/uploads\/2017\/10\/DSCN0389-1024x768.jpg 1024w, https:\/\/evileu.de\/die-reisende-malerin\/wp-content\/uploads\/2017\/10\/DSCN0389.jpg 1600w\" sizes=\"(max-width: 300px) 100vw, 300px\" \/><figcaption id=\"caption-attachment-158\" class=\"wp-caption-text\">Babysniffer f\u00fcr die Klinikclowns<\/figcaption><\/figure>\n","protected":false},"excerpt":{"rendered":"<p>Was macht eine reisende Malerin, wenn sie von allen ihren Lieblingspl\u00e4tzen \u00fcber die Jahre schon Dutzende von Bildern gemalt hat? Sie setzt sich hin und betrachtet die sch\u00f6ne Landschaft, erfreut sich daran und macht auch mal gar nichts. Ich fahre auch jetzt noch oft zu meinen Lieblingspl\u00e4tzen an den Seen und im ganzen Oberland, aber &hellip; <a href=\"https:\/\/evileu.de\/die-reisende-malerin\/mein-lebenslauf-in-bildern\/das-mache-ich-heute\/\" class=\"more-link\"><span class=\"screen-reader-text\">Das mache ich heute<\/span> weiterlesen <span class=\"meta-nav\">&rarr;<\/span><\/a><\/p>\n","protected":false},"author":1,"featured_media":0,"parent":9,"menu_order":7,"comment_status":"closed","ping_status":"closed","template":"","meta":[],"_links":{"self":[{"href":"https:\/\/evileu.de\/die-reisende-malerin\/wp-json\/wp\/v2\/pages\/157"}],"collection":[{"href":"https:\/\/evileu.de\/die-reisende-malerin\/wp-json\/wp\/v2\/pages"}],"about":[{"href":"https:\/\/evileu.de\/die-reisende-malerin\/wp-json\/wp\/v2\/types\/page"}],"author":[{"embeddable":true,"href":"https:\/\/evileu.de\/die-reisende-malerin\/wp-json\/wp\/v2\/users\/1"}],"replies":[{"embeddable":true,"href":"https:\/\/evileu.de\/die-reisende-malerin\/wp-json\/wp\/v2\/comments?post=157"}],"version-history":[{"count":1,"href":"https:\/\/evileu.de\/die-reisende-malerin\/wp-json\/wp\/v2\/pages\/157\/revisions"}],"predecessor-version":[{"id":159,"href":"https:\/\/evileu.de\/die-reisende-malerin\/wp-json\/wp\/v2\/pages\/157\/revisions\/159"}],"up":[{"embeddable":true,"href":"https:\/\/evileu.de\/die-reisende-malerin\/wp-json\/wp\/v2\/pages\/9"}],"wp:attachment":[{"href":"https:\/\/evileu.de\/die-reisende-malerin\/wp-json\/wp\/v2\/media?parent=157"}],"curies":[{"name":"wp","href":"https:\/\/api.w.org\/{rel}","templated":true}]}}