{"id":14,"date":"2016-11-24T06:26:45","date_gmt":"2016-11-24T05:26:45","guid":{"rendered":"http:\/\/evileu.de\/die-reisende-malerin\/?page_id=14"},"modified":"2016-11-26T05:46:02","modified_gmt":"2016-11-26T04:46:02","slug":"in-der-grundschule-1966-1972","status":"publish","type":"page","link":"https:\/\/evileu.de\/die-reisende-malerin\/mein-lebenslauf-in-bildern\/in-der-grundschule-1966-1972\/","title":{"rendered":"Grundschule 1966-1972"},"content":{"rendered":"<p>Ich habe als kleines M\u00e4dchen schon gemalt, und zwar auf alles, was ich in die Finger kriegen konnte, nicht nur auf Papier. Ich habe Spanschachteln bemalt, gro\u00dfe und kleine Schr\u00e4nkchen, Truhen und W\u00e4nde.<\/p>\n<figure id=\"attachment_15\" aria-describedby=\"caption-attachment-15\" style=\"width: 300px\" class=\"wp-caption alignnone\"><img decoding=\"async\" loading=\"lazy\" class=\"size-medium wp-image-15\" src=\"http:\/\/evileu.de\/die-reisende-malerin\/wp-content\/uploads\/2016\/11\/spanschachtel-300x225.jpg\" alt=\"spanschachtel\" width=\"300\" height=\"225\" srcset=\"https:\/\/evileu.de\/die-reisende-malerin\/wp-content\/uploads\/2016\/11\/spanschachtel-300x225.jpg 300w, https:\/\/evileu.de\/die-reisende-malerin\/wp-content\/uploads\/2016\/11\/spanschachtel-768x576.jpg 768w, https:\/\/evileu.de\/die-reisende-malerin\/wp-content\/uploads\/2016\/11\/spanschachtel-1024x768.jpg 1024w, https:\/\/evileu.de\/die-reisende-malerin\/wp-content\/uploads\/2016\/11\/spanschachtel.jpg 1600w\" sizes=\"(max-width: 300px) 100vw, 300px\" \/><figcaption id=\"caption-attachment-15\" class=\"wp-caption-text\">spanschachtel<\/figcaption><\/figure>\n<p>Aus dieser fr\u00fchen Zeit ist nicht viel \u00fcbrig geblieben, die bemalten M\u00f6bel wurden alle irgendwann wieder \u00fcberstrichen. Die Wand in meinem Jugendzimmer, auf die ich einen Dschungel mit Palmen, Lianen und einem Tiger gemalt hatte, wurde \u00fcbertapeziert, und da war ich echt sauer auf Mami, weil sie mit ihrem Reinlichkeitsfimmel (W\u00e4nde hatten wei\u00df zu sein!) mein Kunstwerk zerst\u00f6rt hat.<\/p>\n<p>Auch die Bilder aus dem Kindergarten und aus der fr\u00fchen Zeit in der Volksschule an der Bernaysstrasse sind leider in der Vergangenheit verschwunden. Das einzige noch erhaltene Bild aus diesen fr\u00fchen Jahren ist dieses von Jim Knopf in der Lokomotive:<\/p>\n<figure id=\"attachment_16\" aria-describedby=\"caption-attachment-16\" style=\"width: 474px\" class=\"wp-caption alignnone\"><img decoding=\"async\" loading=\"lazy\" class=\"wp-image-16 size-large\" src=\"http:\/\/evileu.de\/die-reisende-malerin\/wp-content\/uploads\/2016\/11\/jim-knopf-mein-aeltestes-bild-1024x744.jpg\" alt=\"jim-knopf-mein-aeltestes-bild\" width=\"474\" height=\"344\" srcset=\"https:\/\/evileu.de\/die-reisende-malerin\/wp-content\/uploads\/2016\/11\/jim-knopf-mein-aeltestes-bild-1024x744.jpg 1024w, https:\/\/evileu.de\/die-reisende-malerin\/wp-content\/uploads\/2016\/11\/jim-knopf-mein-aeltestes-bild-300x218.jpg 300w, https:\/\/evileu.de\/die-reisende-malerin\/wp-content\/uploads\/2016\/11\/jim-knopf-mein-aeltestes-bild-768x558.jpg 768w, https:\/\/evileu.de\/die-reisende-malerin\/wp-content\/uploads\/2016\/11\/jim-knopf-mein-aeltestes-bild.jpg 1754w\" sizes=\"(max-width: 474px) 100vw, 474px\" \/><figcaption id=\"caption-attachment-16\" class=\"wp-caption-text\">jim-knopf-mein-aeltestes-bild<\/figcaption><\/figure>\n<p>Es h\u00e4ngt bei mir im Wohnzimmer, weil es mich an meinen Anfang als Malerin erinnert, und weil ich Jim Knopf so gern mag \ud83d\ude42<\/p>\n","protected":false},"excerpt":{"rendered":"<p>Ich habe als kleines M\u00e4dchen schon gemalt, und zwar auf alles, was ich in die Finger kriegen konnte, nicht nur auf Papier. Ich habe Spanschachteln bemalt, gro\u00dfe und kleine Schr\u00e4nkchen, Truhen und W\u00e4nde. Aus dieser fr\u00fchen Zeit ist nicht viel \u00fcbrig geblieben, die bemalten M\u00f6bel wurden alle irgendwann wieder \u00fcberstrichen. Die Wand in meinem Jugendzimmer, &hellip; <a href=\"https:\/\/evileu.de\/die-reisende-malerin\/mein-lebenslauf-in-bildern\/in-der-grundschule-1966-1972\/\" class=\"more-link\"><span class=\"screen-reader-text\">Grundschule 1966-1972<\/span> weiterlesen <span class=\"meta-nav\">&rarr;<\/span><\/a><\/p>\n","protected":false},"author":1,"featured_media":0,"parent":9,"menu_order":0,"comment_status":"closed","ping_status":"closed","template":"","meta":[],"_links":{"self":[{"href":"https:\/\/evileu.de\/die-reisende-malerin\/wp-json\/wp\/v2\/pages\/14"}],"collection":[{"href":"https:\/\/evileu.de\/die-reisende-malerin\/wp-json\/wp\/v2\/pages"}],"about":[{"href":"https:\/\/evileu.de\/die-reisende-malerin\/wp-json\/wp\/v2\/types\/page"}],"author":[{"embeddable":true,"href":"https:\/\/evileu.de\/die-reisende-malerin\/wp-json\/wp\/v2\/users\/1"}],"replies":[{"embeddable":true,"href":"https:\/\/evileu.de\/die-reisende-malerin\/wp-json\/wp\/v2\/comments?post=14"}],"version-history":[{"count":3,"href":"https:\/\/evileu.de\/die-reisende-malerin\/wp-json\/wp\/v2\/pages\/14\/revisions"}],"predecessor-version":[{"id":106,"href":"https:\/\/evileu.de\/die-reisende-malerin\/wp-json\/wp\/v2\/pages\/14\/revisions\/106"}],"up":[{"embeddable":true,"href":"https:\/\/evileu.de\/die-reisende-malerin\/wp-json\/wp\/v2\/pages\/9"}],"wp:attachment":[{"href":"https:\/\/evileu.de\/die-reisende-malerin\/wp-json\/wp\/v2\/media?parent=14"}],"curies":[{"name":"wp","href":"https:\/\/api.w.org\/{rel}","templated":true}]}}