{"id":70,"date":"2016-12-12T18:09:42","date_gmt":"2016-12-12T17:09:42","guid":{"rendered":"http:\/\/evileu.de\/aquarellmalerei\/?page_id=70"},"modified":"2017-08-22T16:26:23","modified_gmt":"2017-08-22T14:26:23","slug":"muenchen","status":"publish","type":"page","link":"https:\/\/evileu.de\/aquarellmalerei\/meine-lieblingsplaetze\/muenchen\/","title":{"rendered":"M\u00fcnchen"},"content":{"rendered":"<h2>An der Isar<\/h2>\n<p>In der M\u00fcnchener Stadt habe ich angefangen mit dem Landschaften malen. Damals (so in den fr\u00fchen 90er Jahren) habe ich noch in Haidhausen direkt an der Isar gewohnt, und unseren Flu\u00df portraitiert. Hier ist eine Ansicht von der Museumsinsel, am Kabelsteg:<\/p>\n<figure id=\"attachment_90\" aria-describedby=\"caption-attachment-90\" style=\"width: 289px\" class=\"wp-caption alignnone\"><img decoding=\"async\" loading=\"lazy\" class=\"wp-image-90 size-full\" src=\"http:\/\/evileu.de\/aquarellmalerei\/wp-content\/uploads\/2016\/12\/kabelsteg-1.jpg\" alt=\"kabelsteg\" width=\"289\" height=\"398\" srcset=\"https:\/\/evileu.de\/aquarellmalerei\/wp-content\/uploads\/2016\/12\/kabelsteg-1.jpg 289w, https:\/\/evileu.de\/aquarellmalerei\/wp-content\/uploads\/2016\/12\/kabelsteg-1-218x300.jpg 218w\" sizes=\"(max-width: 289px) 100vw, 289px\" \/><figcaption id=\"caption-attachment-90\" class=\"wp-caption-text\">kabelsteg<\/figcaption><\/figure>\n<p>Vom selben Platz aus flu\u00dfaufw\u00e4rts ist die Ludwigsbr\u00fccke und das Deutsche Museum:<\/p>\n<figure id=\"attachment_77\" aria-describedby=\"caption-attachment-77\" style=\"width: 686px\" class=\"wp-caption alignnone\"><img decoding=\"async\" loading=\"lazy\" class=\"wp-image-77 size-full\" src=\"http:\/\/evileu.de\/aquarellmalerei\/wp-content\/uploads\/2016\/12\/ludwigsbruecke.jpg\" alt=\"ludwigsbruecke und deutsches museum\" width=\"686\" height=\"500\" srcset=\"https:\/\/evileu.de\/aquarellmalerei\/wp-content\/uploads\/2016\/12\/ludwigsbruecke.jpg 686w, https:\/\/evileu.de\/aquarellmalerei\/wp-content\/uploads\/2016\/12\/ludwigsbruecke-300x219.jpg 300w\" sizes=\"(max-width: 686px) 100vw, 686px\" \/><figcaption id=\"caption-attachment-77\" class=\"wp-caption-text\">ludwigsbruecke und deutsches museum<\/figcaption><\/figure>\n<p>Damals war die Isar in der Mitte der Stadt noch in ein Betonkorsett eingesperrt, das war bevor in den 90er Jahren der Oberlauf renaturiert wurde.<\/p>\n<figure id=\"attachment_92\" aria-describedby=\"caption-attachment-92\" style=\"width: 501px\" class=\"wp-caption alignnone\"><img decoding=\"async\" loading=\"lazy\" class=\"wp-image-92 size-full\" src=\"http:\/\/evileu.de\/aquarellmalerei\/wp-content\/uploads\/2016\/12\/arme_isar-1.jpg\" alt=\"arme isar im betonkorsett\" width=\"501\" height=\"366\" srcset=\"https:\/\/evileu.de\/aquarellmalerei\/wp-content\/uploads\/2016\/12\/arme_isar-1.jpg 501w, https:\/\/evileu.de\/aquarellmalerei\/wp-content\/uploads\/2016\/12\/arme_isar-1-300x219.jpg 300w\" sizes=\"(max-width: 501px) 100vw, 501px\" \/><figcaption id=\"caption-attachment-92\" class=\"wp-caption-text\">arme isar im betonkorsett<\/figcaption><\/figure>\n<p>Auch am Flaucher oben war noch vieles betoniert, das ist heute viel sch\u00f6ner mit den freien Kiesb\u00e4nken, aber damals wars halt noch eine echte Stadtlandschaft:<\/p>\n<figure id=\"attachment_79\" aria-describedby=\"caption-attachment-79\" style=\"width: 500px\" class=\"wp-caption alignnone\"><img decoding=\"async\" loading=\"lazy\" class=\"wp-image-79 size-full\" src=\"http:\/\/evileu.de\/aquarellmalerei\/wp-content\/uploads\/2016\/12\/flaucher.jpg\" alt=\"flaucher mit hochhaus\" width=\"500\" height=\"560\" srcset=\"https:\/\/evileu.de\/aquarellmalerei\/wp-content\/uploads\/2016\/12\/flaucher.jpg 500w, https:\/\/evileu.de\/aquarellmalerei\/wp-content\/uploads\/2016\/12\/flaucher-268x300.jpg 268w\" sizes=\"(max-width: 500px) 100vw, 500px\" \/><figcaption id=\"caption-attachment-79\" class=\"wp-caption-text\">flaucher mit hochhaus<\/figcaption><\/figure>\n<p>Oben in Thalkirchen war die Isar allerdings auch fr\u00fcher schon sehr naturnah, mit gro\u00dfen Kiesb\u00e4nken, Stromschnellen und angeschwemmten Baumst\u00e4mmen.<\/p>\n<figure id=\"attachment_80\" aria-describedby=\"caption-attachment-80\" style=\"width: 500px\" class=\"wp-caption alignnone\"><img decoding=\"async\" loading=\"lazy\" class=\"wp-image-80 size-full\" src=\"http:\/\/evileu.de\/aquarellmalerei\/wp-content\/uploads\/2016\/12\/baumstamm.jpg\" alt=\"baumstamm im flussbett\" width=\"500\" height=\"688\" srcset=\"https:\/\/evileu.de\/aquarellmalerei\/wp-content\/uploads\/2016\/12\/baumstamm.jpg 500w, https:\/\/evileu.de\/aquarellmalerei\/wp-content\/uploads\/2016\/12\/baumstamm-218x300.jpg 218w\" sizes=\"(max-width: 500px) 100vw, 500px\" \/><figcaption id=\"caption-attachment-80\" class=\"wp-caption-text\">baumstamm im flussbett<\/figcaption><\/figure>\n<p>Hier bin ich oft gesessen und hab den ganzen Tag dem Rauschen unseres Wildflusses zugeh\u00f6rt.<\/p>\n<figure id=\"attachment_82\" aria-describedby=\"caption-attachment-82\" style=\"width: 500px\" class=\"wp-caption alignnone\"><img decoding=\"async\" loading=\"lazy\" class=\"wp-image-82 size-full\" src=\"http:\/\/evileu.de\/aquarellmalerei\/wp-content\/uploads\/2016\/12\/isarwelle-1.jpg\" alt=\"isarwelle\" width=\"500\" height=\"686\" srcset=\"https:\/\/evileu.de\/aquarellmalerei\/wp-content\/uploads\/2016\/12\/isarwelle-1.jpg 500w, https:\/\/evileu.de\/aquarellmalerei\/wp-content\/uploads\/2016\/12\/isarwelle-1-219x300.jpg 219w\" sizes=\"(max-width: 500px) 100vw, 500px\" \/><figcaption id=\"caption-attachment-82\" class=\"wp-caption-text\">isarwelle<\/figcaption><\/figure>\n<h2>Am Feldmochinger See<\/h2>\n<p>Ein besonderer Lieblingsplatz ist auch der Feldmochinger See, der komplett l\u00e4ndlich und in Felder und Wiesen eingebettet im Norden der Stadt liegt. Feldmoching geh\u00f6rt zwar schon lange zu M\u00fcnchen, hat sich aber den Dorfcharakter bewahrt, dort geht es ruhig und sehr beschaulich zu. Oft sitze ich da schon ganz fr\u00fch im Jahr und geniesse die ersten Sonnenstrahlen, wenn in den schattigeren Winkeln noch der Schnee liegt.<\/p>\n<figure id=\"attachment_93\" aria-describedby=\"caption-attachment-93\" style=\"width: 295px\" class=\"wp-caption alignnone\"><img decoding=\"async\" loading=\"lazy\" class=\"wp-image-93 size-full\" src=\"http:\/\/evileu.de\/aquarellmalerei\/wp-content\/uploads\/2016\/12\/brotzeithaeusl-1.jpg\" alt=\"brotzeithaeusl\" width=\"295\" height=\"405\" srcset=\"https:\/\/evileu.de\/aquarellmalerei\/wp-content\/uploads\/2016\/12\/brotzeithaeusl-1.jpg 295w, https:\/\/evileu.de\/aquarellmalerei\/wp-content\/uploads\/2016\/12\/brotzeithaeusl-1-219x300.jpg 219w\" sizes=\"(max-width: 295px) 100vw, 295px\" \/><figcaption id=\"caption-attachment-93\" class=\"wp-caption-text\">brotzeithaeusl<\/figcaption><\/figure>\n<p>Am Nordufer liegt das Wasserwachth\u00e4usl, da hab ich mal eine Impression im ersten Vorfr\u00fchling gemalt:<\/p>\n<figure id=\"attachment_95\" aria-describedby=\"caption-attachment-95\" style=\"width: 300px\" class=\"wp-caption alignnone\"><img decoding=\"async\" loading=\"lazy\" class=\"wp-image-95 size-medium\" src=\"http:\/\/evileu.de\/aquarellmalerei\/wp-content\/uploads\/2016\/12\/wasserwacht-1-300x214.jpg\" alt=\"wasserwachthaus im fr\u00fchling\" width=\"300\" height=\"214\" srcset=\"https:\/\/evileu.de\/aquarellmalerei\/wp-content\/uploads\/2016\/12\/wasserwacht-1-300x214.jpg 300w, https:\/\/evileu.de\/aquarellmalerei\/wp-content\/uploads\/2016\/12\/wasserwacht-1.jpg 507w\" sizes=\"(max-width: 300px) 100vw, 300px\" \/><figcaption id=\"caption-attachment-95\" class=\"wp-caption-text\">wasserwachthaus im fr\u00fchling<\/figcaption><\/figure>\n<p>Neben der Wasserwacht ist das Wirtshaus, mit einem netten kleinen Biergarten.<\/p>\n<figure id=\"attachment_96\" aria-describedby=\"caption-attachment-96\" style=\"width: 292px\" class=\"wp-caption alignnone\"><img decoding=\"async\" loading=\"lazy\" class=\"wp-image-96 size-full\" src=\"http:\/\/evileu.de\/aquarellmalerei\/wp-content\/uploads\/2016\/12\/feldmochingersee_wirtshaus-1.jpg\" alt=\"feldmochingersee wirtshaus am ostufer\" width=\"292\" height=\"403\" srcset=\"https:\/\/evileu.de\/aquarellmalerei\/wp-content\/uploads\/2016\/12\/feldmochingersee_wirtshaus-1.jpg 292w, https:\/\/evileu.de\/aquarellmalerei\/wp-content\/uploads\/2016\/12\/feldmochingersee_wirtshaus-1-217x300.jpg 217w\" sizes=\"(max-width: 292px) 100vw, 292px\" \/><figcaption id=\"caption-attachment-96\" class=\"wp-caption-text\">feldmochingersee wirtshaus am ostufer<\/figcaption><\/figure>\n<p>Im Sommer hab ich nat\u00fcrlich das Badezeug dabei und h\u00fcpfe bei hei\u00dfem Wetter flei\u00dfg in den See. Der Feldmochinger See hat n\u00e4mlich einen kr\u00e4ftigen Zu- und Ablauf, der bleibt auch an hei\u00dfen Tagen recht sch\u00f6n frisch und sauber.<\/p>\n<figure id=\"attachment_97\" aria-describedby=\"caption-attachment-97\" style=\"width: 293px\" class=\"wp-caption alignnone\"><img decoding=\"async\" loading=\"lazy\" class=\"wp-image-97 size-full\" src=\"http:\/\/evileu.de\/aquarellmalerei\/wp-content\/uploads\/2016\/12\/feldmochingersee_sommertrockenheit-1.jpg\" alt=\"feldmochingersee bei sommertrockenheit\" width=\"293\" height=\"400\" srcset=\"https:\/\/evileu.de\/aquarellmalerei\/wp-content\/uploads\/2016\/12\/feldmochingersee_sommertrockenheit-1.jpg 293w, https:\/\/evileu.de\/aquarellmalerei\/wp-content\/uploads\/2016\/12\/feldmochingersee_sommertrockenheit-1-220x300.jpg 220w\" sizes=\"(max-width: 293px) 100vw, 293px\" \/><figcaption id=\"caption-attachment-97\" class=\"wp-caption-text\">feldmochingersee bei sommertrockenheit<\/figcaption><\/figure>\n<p>Wenn der See ordentlich aufgew\u00e4rmt ist, dauert die Badesaison oft bis in den Oktober hinein, und dann ist es besonders sch\u00f6n am Feldmochinger See, weil sich der alte Baum- und Buschbestand in den sch\u00f6nsten Herbstlaub-Farben zeigt.<\/p>\n<figure id=\"attachment_98\" aria-describedby=\"caption-attachment-98\" style=\"width: 295px\" class=\"wp-caption alignnone\"><img decoding=\"async\" loading=\"lazy\" class=\"wp-image-98 size-full\" src=\"http:\/\/evileu.de\/aquarellmalerei\/wp-content\/uploads\/2016\/12\/feldmochingersee_erstes_herbstlaub-1.jpg\" alt=\"feldmochingersee erstes herbstlaub\" width=\"295\" height=\"405\" srcset=\"https:\/\/evileu.de\/aquarellmalerei\/wp-content\/uploads\/2016\/12\/feldmochingersee_erstes_herbstlaub-1.jpg 295w, https:\/\/evileu.de\/aquarellmalerei\/wp-content\/uploads\/2016\/12\/feldmochingersee_erstes_herbstlaub-1-219x300.jpg 219w\" sizes=\"(max-width: 295px) 100vw, 295px\" \/><figcaption id=\"caption-attachment-98\" class=\"wp-caption-text\">feldmochingersee erstes herbstlaub<\/figcaption><\/figure>\n<h2>Im Rosengarten<\/h2>\n<p>Ein wenig versteckt an der Isar in Untergiesing, gleich neben dem Schyrenbad, liegt der st\u00e4dtische Rosengarten. Er ist ein g\u00e4rtnerisches Kleinod, hier bl\u00fchen von Ostern bis Allerheiligen hunderte von Rosensorten, und dazu noch die herrlichsten Blumen der Saison.<\/p>\n<figure id=\"attachment_105\" aria-describedby=\"caption-attachment-105\" style=\"width: 474px\" class=\"wp-caption alignnone\"><img decoding=\"async\" loading=\"lazy\" class=\"wp-image-105 size-large\" src=\"http:\/\/evileu.de\/aquarellmalerei\/wp-content\/uploads\/2016\/12\/rosengarten_pergola-1024x802.jpg\" alt=\"rosengarten pergola\" width=\"474\" height=\"371\" srcset=\"https:\/\/evileu.de\/aquarellmalerei\/wp-content\/uploads\/2016\/12\/rosengarten_pergola-1024x802.jpg 1024w, https:\/\/evileu.de\/aquarellmalerei\/wp-content\/uploads\/2016\/12\/rosengarten_pergola-300x235.jpg 300w, https:\/\/evileu.de\/aquarellmalerei\/wp-content\/uploads\/2016\/12\/rosengarten_pergola-768x602.jpg 768w, https:\/\/evileu.de\/aquarellmalerei\/wp-content\/uploads\/2016\/12\/rosengarten_pergola.jpg 1516w\" sizes=\"(max-width: 474px) 100vw, 474px\" \/><figcaption id=\"caption-attachment-105\" class=\"wp-caption-text\">rosengarten pergola<\/figcaption><\/figure>\n<p>Der Rosengarten hat auch einen wunderbaren alten botanischen Baumbestand, der steht dem &#8222;gro\u00dfen&#8220; botanischen Garten in Nymphenburg dr\u00fcben in nichts nach. Es ist\u00a0 ein wenig ruhiger hier, auch wenn im Sommer viele Leute\u00a0 spazierengehen und auf den Bankerln und St\u00fchlen in der Sonne sitzen, die M\u00fcnchner kennen dieses kleine Juwel halt doch und kommen gern hierher.\u00a0 Ich sitze hier oft, wenn das Wetter ein bi\u00dfchen &#8222;halbschaurig&#8220; ist und es sich nicht rentiert, irgendwo weiter hinaus zu fahren. Dann finde ich Erholung im Gr\u00fcnen und die sch\u00f6nsten Blumenmotive mitten in der Stadt.<\/p>\n<figure id=\"attachment_102\" aria-describedby=\"caption-attachment-102\" style=\"width: 620px\" class=\"wp-caption alignnone\"><img decoding=\"async\" loading=\"lazy\" class=\"wp-image-102 size-full\" src=\"http:\/\/evileu.de\/aquarellmalerei\/wp-content\/uploads\/2016\/12\/rosengarten.jpg\" alt=\"rosengarten blumenbeete\" width=\"620\" height=\"867\" srcset=\"https:\/\/evileu.de\/aquarellmalerei\/wp-content\/uploads\/2016\/12\/rosengarten.jpg 620w, https:\/\/evileu.de\/aquarellmalerei\/wp-content\/uploads\/2016\/12\/rosengarten-215x300.jpg 215w\" sizes=\"(max-width: 620px) 100vw, 620px\" \/><figcaption id=\"caption-attachment-102\" class=\"wp-caption-text\">rosengarten blumenbeete<\/figcaption><\/figure>\n","protected":false},"excerpt":{"rendered":"<p>An der Isar In der M\u00fcnchener Stadt habe ich angefangen mit dem Landschaften malen. Damals (so in den fr\u00fchen 90er Jahren) habe ich noch in Haidhausen direkt an der Isar gewohnt, und unseren Flu\u00df portraitiert. Hier ist eine Ansicht von der Museumsinsel, am Kabelsteg: Vom selben Platz aus flu\u00dfaufw\u00e4rts ist die Ludwigsbr\u00fccke und das Deutsche &hellip; <a href=\"https:\/\/evileu.de\/aquarellmalerei\/meine-lieblingsplaetze\/muenchen\/\" class=\"more-link\"><span class=\"screen-reader-text\">M\u00fcnchen<\/span> weiterlesen <span class=\"meta-nav\">&rarr;<\/span><\/a><\/p>\n","protected":false},"author":1,"featured_media":0,"parent":68,"menu_order":0,"comment_status":"closed","ping_status":"closed","template":"","meta":[],"_links":{"self":[{"href":"https:\/\/evileu.de\/aquarellmalerei\/wp-json\/wp\/v2\/pages\/70"}],"collection":[{"href":"https:\/\/evileu.de\/aquarellmalerei\/wp-json\/wp\/v2\/pages"}],"about":[{"href":"https:\/\/evileu.de\/aquarellmalerei\/wp-json\/wp\/v2\/types\/page"}],"author":[{"embeddable":true,"href":"https:\/\/evileu.de\/aquarellmalerei\/wp-json\/wp\/v2\/users\/1"}],"replies":[{"embeddable":true,"href":"https:\/\/evileu.de\/aquarellmalerei\/wp-json\/wp\/v2\/comments?post=70"}],"version-history":[{"count":17,"href":"https:\/\/evileu.de\/aquarellmalerei\/wp-json\/wp\/v2\/pages\/70\/revisions"}],"predecessor-version":[{"id":311,"href":"https:\/\/evileu.de\/aquarellmalerei\/wp-json\/wp\/v2\/pages\/70\/revisions\/311"}],"up":[{"embeddable":true,"href":"https:\/\/evileu.de\/aquarellmalerei\/wp-json\/wp\/v2\/pages\/68"}],"wp:attachment":[{"href":"https:\/\/evileu.de\/aquarellmalerei\/wp-json\/wp\/v2\/media?parent=70"}],"curies":[{"name":"wp","href":"https:\/\/api.w.org\/{rel}","templated":true}]}}