{"id":5,"date":"2016-12-09T11:59:31","date_gmt":"2016-12-09T10:59:31","guid":{"rendered":"http:\/\/evileu.de\/aquarellmalerei\/?page_id=5"},"modified":"2018-05-23T08:50:28","modified_gmt":"2018-05-23T06:50:28","slug":"herzlich-willkommen","status":"publish","type":"page","link":"https:\/\/evileu.de\/aquarellmalerei\/","title":{"rendered":"Herzlich Willkommen"},"content":{"rendered":"<p>Liebe Besucherinnen und Besucher,<\/p>\n<p>herzlich willkommen auf meinen Seiten \u00fcber die Aquarellmalerei. Es gibt grosse Neuigkeiten: ich arbeite daran, diese Seite m\u00f6glichst <strong>barrierefrei<\/strong> zu gestalten! Es ist mir ein gro\u00dfes Anliegen, meine Bilder auch Besuchern zug\u00e4nglich zu machen, die auf einen Screenreader oder \u00e4hnliche Hilfsmittel angewiesen sind.<\/p>\n<p>Viel ist schon getan, nicht zuletzt Dank der freundlichen Unterst\u00fctzung von den Mitarbeitern der <a href=\"https:\/\/www.pfennigparade.de\/\">Stiftung Pfennigparade<\/a>, bei denen ich mich an dieser Stelle noch einmal herzlich bedanken m\u00f6chte. Ohne ihren fachm\u00e4nnischen Rat und die allezeit freundliche Hilfe w\u00e4re diese Arbeit nicht zu schaffen gewesen!<\/p>\n<p>Es gibt viel Neues zu entdecken, ich bin gerade dabei alle Bilder meiner letzten Ausstellung zu sortieren und neu zu fotografieren. Schauen sie mal rein ins <a href=\"http:\/\/evileu.de\/aquarellmalerei\/maltagebuch\/\">Maltagebuch<\/a>, da gibt es jetzt t\u00e4glich neue Bilder!<\/p>\n<h2>\u00dcber die Aquarellmalerei und ein kleiner Malkurs<\/h2>\n<p>Ich male seit vielen Jahren Landschaften in Aquarell und liebe die leuchtenden Farben und das &#8222;Malen mit Licht und Luft&#8220; vor allen anderen Maltechniken. Hier m\u00f6chte ich Ihnen die Grundlagen und auch ein paar Feinheiten dieser wunderbaren Maltechnik vorstellen als auch meine Werke pr\u00e4sentieren. Ich gebe auch einen <a href=\"http:\/\/evileu.de\/aquarellmalerei\/ein-kleiner-malkurs\/\">kleinen Malkurs \u00fcber die Grundlagen der Aquarellmalerei<\/a>, schauen sie da mal rein!<\/p>\n<div id='gallery-1' class='gallery galleryid-5 gallery-columns-3 gallery-size-thumbnail'><figure class='gallery-item'>\n\t\t\t<div class='gallery-icon landscape'>\n\t\t\t\t<a href='https:\/\/evileu.de\/aquarellmalerei\/herzlich-willkommen\/bild_el\/'><img width=\"140\" height=\"106\" src=\"https:\/\/evileu.de\/aquarellmalerei\/wp-content\/uploads\/2016\/12\/bild_el.jpg\" class=\"attachment-thumbnail size-thumbnail\" alt=\"percha\" decoding=\"async\" loading=\"lazy\" aria-describedby=\"gallery-1-11\" \/><\/a>\n\t\t\t<\/div>\n\t\t\t\t<figcaption class='wp-caption-text gallery-caption' id='gallery-1-11'>\n\t\t\t\tpercha\n\t\t\t\t<\/figcaption><\/figure><figure class='gallery-item'>\n\t\t\t<div class='gallery-icon portrait'>\n\t\t\t\t<a href='https:\/\/evileu.de\/aquarellmalerei\/herzlich-willkommen\/daskleineseehaus\/'><img width=\"140\" height=\"150\" src=\"https:\/\/evileu.de\/aquarellmalerei\/wp-content\/uploads\/2016\/12\/daskleineseehaus-140x150.jpg\" class=\"attachment-thumbnail size-thumbnail\" alt=\"das kleine seehaus\" decoding=\"async\" loading=\"lazy\" aria-describedby=\"gallery-1-12\" \/><\/a>\n\t\t\t<\/div>\n\t\t\t\t<figcaption class='wp-caption-text gallery-caption' id='gallery-1-12'>\n\t\t\t\tdas kleine seehaus\n\t\t\t\t<\/figcaption><\/figure><figure class='gallery-item'>\n\t\t\t<div class='gallery-icon landscape'>\n\t\t\t\t<a href='https:\/\/evileu.de\/aquarellmalerei\/herzlich-willkommen\/seeshaupt\/'><img width=\"140\" height=\"101\" src=\"https:\/\/evileu.de\/aquarellmalerei\/wp-content\/uploads\/2016\/12\/seeshaupt.jpg\" class=\"attachment-thumbnail size-thumbnail\" alt=\"seeshaupt\" decoding=\"async\" loading=\"lazy\" aria-describedby=\"gallery-1-13\" \/><\/a>\n\t\t\t<\/div>\n\t\t\t\t<figcaption class='wp-caption-text gallery-caption' id='gallery-1-13'>\n\t\t\t\tseeshaupt\n\t\t\t\t<\/figcaption><\/figure>\n\t\t<\/div>\n\n<h2>&#8222;Plein Air&#8220; &#8211; \u00fcber das Malen in der freien Natur<\/h2>\n<p>Ich male meistens in der freien Natur draussen, sitze auf einem Aussichtspunkt oder an einem Seeufer und pinsle die sch\u00f6ne Landschaft, die ich vor mir sehe. Zu jeder Jahreszeit, auch <a href=\"http:\/\/evileu.de\/aquarellmalerei\/winter\/\">im tiefsten Winter.<\/a><\/p>\n<p>Mein Revier ist das bayrische Oberland, von M\u00fcnchen die Isar entlang bis hin zu den Alpen, vom Deininger Weiher bis zum Starnberger- und Ammersee. Ich male zu allen Jahreszeiten draussen, auch im tiefsten Winter, Hauptsache das Wetter ist trocken und es regnet oder schneit mir nicht auf den Malblock. Entdecken sie mit mir <a href=\"http:\/\/evileu.de\/aquarellmalerei\/meine-lieblingsplaetze\/\">meine Lieblingspl\u00e4tze<\/a> im bayrischen Oberland!<\/p>\n<figure id=\"attachment_30\" aria-describedby=\"caption-attachment-30\" style=\"width: 200px\" class=\"wp-caption alignnone\"><img decoding=\"async\" loading=\"lazy\" class=\"wp-image-30 size-full\" src=\"http:\/\/evileu.de\/aquarellmalerei\/wp-content\/uploads\/2016\/12\/Portrait_Blumen_medium.jpg\" alt=\"Portrait mit Blumen\" width=\"200\" height=\"200\" srcset=\"https:\/\/evileu.de\/aquarellmalerei\/wp-content\/uploads\/2016\/12\/Portrait_Blumen_medium.jpg 200w, https:\/\/evileu.de\/aquarellmalerei\/wp-content\/uploads\/2016\/12\/Portrait_Blumen_medium-150x150.jpg 150w\" sizes=\"(max-width: 200px) 100vw, 200px\" \/><figcaption id=\"caption-attachment-30\" class=\"wp-caption-text\">Portrait mit Blumen<\/figcaption><\/figure>\n<h2>Ich bin daheim im Blauen Land<\/h2>\n<p>Das bayrische Oberland wurde schon in vergangenen Zeiten von den Malern geliebt. Im &#8222;<a href=\"http:\/\/evileu.de\/aquarellmalerei\/meine-lieblingsplaetze\/das-blaue-land\/\">Blauen Land<\/a>&#8220; lebten und wirkten die <a href=\"https:\/\/de.wikipedia.org\/wiki\/Der_Blaue_Reiter\">K\u00fcnstler vom &#8222;Blauen Reiter&#8220;<\/a>, allen voran Franz Marc und Wassily Kandinsky.<\/p>\n<figure id=\"attachment_9\" aria-describedby=\"caption-attachment-9\" style=\"width: 300px\" class=\"wp-caption alignnone\"><img decoding=\"async\" loading=\"lazy\" class=\"wp-image-9 size-medium\" src=\"http:\/\/evileu.de\/aquarellmalerei\/wp-content\/uploads\/2016\/12\/Franz_Marc_zwei-frauen-am-berg-300x187.jpg\" alt=\"Franz Marc: zwei Frauen am Berg\" width=\"300\" height=\"187\" srcset=\"https:\/\/evileu.de\/aquarellmalerei\/wp-content\/uploads\/2016\/12\/Franz_Marc_zwei-frauen-am-berg-300x187.jpg 300w, https:\/\/evileu.de\/aquarellmalerei\/wp-content\/uploads\/2016\/12\/Franz_Marc_zwei-frauen-am-berg-768x479.jpg 768w, https:\/\/evileu.de\/aquarellmalerei\/wp-content\/uploads\/2016\/12\/Franz_Marc_zwei-frauen-am-berg.jpg 1024w\" sizes=\"(max-width: 300px) 100vw, 300px\" \/><figcaption id=\"caption-attachment-9\" class=\"wp-caption-text\">Franz Marc: zwei Frauen am Berg<\/figcaption><\/figure>\n<p>Die zauberhafte Landschaft, das besondere Licht und die herrliche Natur der Voralpen hat immer schon Maler inspiriert. Auch die K\u00fcnstler der <a href=\"https:\/\/de.wikipedia.org\/wiki\/M%C3%BCnchner_Schule_(Bildende_Kunst)\">M\u00fcnchner Schule <\/a>haben hier gewirkt, von ihnen ist mir besonders <a href=\"https:\/\/de.wikipedia.org\/wiki\/Franz_von_Lenbach\">Franz von Lenbach<\/a> ein grosses Vorbild, der das Licht und die Landschaft in einzigartig atmosph\u00e4rischen Bildern wiedergegeben hat.<\/p>\n<figure id=\"attachment_7\" aria-describedby=\"caption-attachment-7\" style=\"width: 199px\" class=\"wp-caption alignnone\"><img decoding=\"async\" loading=\"lazy\" class=\"wp-image-7 size-medium\" src=\"http:\/\/evileu.de\/aquarellmalerei\/wp-content\/uploads\/2016\/12\/800px-Lenbach_Gewitterstimmung_1-199x300.jpg\" alt=\"Lenbach Gewitterstimmung\" width=\"199\" height=\"300\" srcset=\"https:\/\/evileu.de\/aquarellmalerei\/wp-content\/uploads\/2016\/12\/800px-Lenbach_Gewitterstimmung_1-199x300.jpg 199w, https:\/\/evileu.de\/aquarellmalerei\/wp-content\/uploads\/2016\/12\/800px-Lenbach_Gewitterstimmung_1-768x1158.jpg 768w, https:\/\/evileu.de\/aquarellmalerei\/wp-content\/uploads\/2016\/12\/800px-Lenbach_Gewitterstimmung_1-679x1024.jpg 679w, https:\/\/evileu.de\/aquarellmalerei\/wp-content\/uploads\/2016\/12\/800px-Lenbach_Gewitterstimmung_1.jpg 800w\" sizes=\"(max-width: 199px) 100vw, 199px\" \/><figcaption id=\"caption-attachment-7\" class=\"wp-caption-text\">Lenbach Gewitterstimmung<\/figcaption><\/figure>\n<p>Es ist mir wichtig, unser sch\u00f6nes Oberbayern in all seiner Vielfalt zu portraitieren, die unterschiedlichen Landschaften ebenso wie das Wasser und das Licht, die an jedem Tag und bei jedem Wetter wieder anders aussehen.<\/p>\n<h2>Besuchen sie meine Lieblingspl\u00e4tze<\/h2>\n<p>Ich nehme sie mit auf einer Rundreise durch das Oberland und zeige ihnen <a href=\"http:\/\/evileu.de\/aquarellmalerei\/meine-lieblingsplaetze\/\">meine Lieblingspl\u00e4tze<\/a>, wo die Aussicht am Sch\u00f6nsten ist und wo es Besonderes zu sehen gibt.\u00a0 Vielleicht haben Sie ja Lust, mir nachzureisen? Ein Urlaub in Bayern ist allemal eine Reise wert, und ich zeige Ihnen wirklich die sch\u00f6nsten Eckerl und auch ein paar Geheimtipps.<\/p>\n<h2>Preise und Verkauf<\/h2>\n<p>Wenn ihnen ein Bild so gut gef\u00e4llt, da\u00df sie es gerne erwerben m\u00f6chten, schicken sie mir einfach eine E-Mail an evi.s.leu@gmx.de<\/p>\n<p>Meine Preise sind moderat, eine Postkarte k\u00f6nnen sie schon ab\u00a050 \u20ac bekommen, f\u00fcr ein DIN A 4 Bild verlange ich im Durchschnitt 150 \u20ac, Gro\u00dfformate sind etwas teurer. Es kommt halt auch darauf an, wie lange ich an einem bestimmten Bild gemalt habe und wieviel Arbeit darin steckt. Aber wie gesagt, meine Originale kann man sich leisten, so teuer sind die nicht.<\/p>\n<p>Und jetzt viel Spa\u00df beim Herumschauen und Entdecken!<\/p>\n<p>Ihre Evi Leu<br \/>\n(die reisende Malerin)<\/p>\n","protected":false},"excerpt":{"rendered":"<p>Liebe Besucherinnen und Besucher, herzlich willkommen auf meinen Seiten \u00fcber die Aquarellmalerei. Es gibt grosse Neuigkeiten: ich arbeite daran, diese Seite m\u00f6glichst barrierefrei zu gestalten! Es ist mir ein gro\u00dfes Anliegen, meine Bilder auch Besuchern zug\u00e4nglich zu machen, die auf einen Screenreader oder \u00e4hnliche Hilfsmittel angewiesen sind. Viel ist schon getan, nicht zuletzt Dank der &hellip; <a href=\"https:\/\/evileu.de\/aquarellmalerei\/\" class=\"more-link\"><span class=\"screen-reader-text\">Herzlich Willkommen<\/span> weiterlesen <span class=\"meta-nav\">&rarr;<\/span><\/a><\/p>\n","protected":false},"author":1,"featured_media":0,"parent":0,"menu_order":0,"comment_status":"closed","ping_status":"closed","template":"","meta":[],"_links":{"self":[{"href":"https:\/\/evileu.de\/aquarellmalerei\/wp-json\/wp\/v2\/pages\/5"}],"collection":[{"href":"https:\/\/evileu.de\/aquarellmalerei\/wp-json\/wp\/v2\/pages"}],"about":[{"href":"https:\/\/evileu.de\/aquarellmalerei\/wp-json\/wp\/v2\/types\/page"}],"author":[{"embeddable":true,"href":"https:\/\/evileu.de\/aquarellmalerei\/wp-json\/wp\/v2\/users\/1"}],"replies":[{"embeddable":true,"href":"https:\/\/evileu.de\/aquarellmalerei\/wp-json\/wp\/v2\/comments?post=5"}],"version-history":[{"count":23,"href":"https:\/\/evileu.de\/aquarellmalerei\/wp-json\/wp\/v2\/pages\/5\/revisions"}],"predecessor-version":[{"id":622,"href":"https:\/\/evileu.de\/aquarellmalerei\/wp-json\/wp\/v2\/pages\/5\/revisions\/622"}],"wp:attachment":[{"href":"https:\/\/evileu.de\/aquarellmalerei\/wp-json\/wp\/v2\/media?parent=5"}],"curies":[{"name":"wp","href":"https:\/\/api.w.org\/{rel}","templated":true}]}}