{"id":48,"date":"2016-12-09T18:28:42","date_gmt":"2016-12-09T17:28:42","guid":{"rendered":"http:\/\/evileu.de\/aquarellmalerei\/?page_id=48"},"modified":"2017-08-22T16:02:09","modified_gmt":"2017-08-22T14:02:09","slug":"grundlagen-der-aquarellmalerei","status":"publish","type":"page","link":"https:\/\/evileu.de\/aquarellmalerei\/ein-kleiner-malkurs\/grundlagen-der-aquarellmalerei\/","title":{"rendered":"Grundlagen der Aquarellmalerei"},"content":{"rendered":"<h2>Transparenz und Leuchtkraft<\/h2>\n<p>Aquarellfarben sind transparent, d.h. vor allem, man kann nicht deckend \u00fcbereinander malen,\u00a0 weil die untere Farbe immer durchscheint. So ist es zum Beispiel nicht m\u00f6glich, zuerst einen<br \/>\nblauen Himmel und dann darauf eine gelbe Sonne zu malen, die Sonne w\u00fcrde gr\u00fcn werden.<br \/>\nDas muss beim Aufbau eines Bildes ber\u00fccksichtigt werden. In den meisten F\u00e4llen wird man mit Aussparungen arbeiten und die Farben nebeneinander setzen. Wenn dabei das Wei\u00df des Papiers durchscheint, ist das kein Fehler, sondern es macht das Bild hell und luftig.<\/p>\n<figure id=\"attachment_50\" aria-describedby=\"caption-attachment-50\" style=\"width: 499px\" class=\"wp-caption alignnone\"><img decoding=\"async\" loading=\"lazy\" class=\"wp-image-50 size-full\" src=\"http:\/\/evileu.de\/aquarellmalerei\/wp-content\/uploads\/2016\/12\/gedenkkreuz.jpg\" alt=\"am Gedenkkreuz\" width=\"499\" height=\"355\" srcset=\"https:\/\/evileu.de\/aquarellmalerei\/wp-content\/uploads\/2016\/12\/gedenkkreuz.jpg 499w, https:\/\/evileu.de\/aquarellmalerei\/wp-content\/uploads\/2016\/12\/gedenkkreuz-300x213.jpg 300w\" sizes=\"(max-width: 499px) 100vw, 499px\" \/><figcaption id=\"caption-attachment-50\" class=\"wp-caption-text\">am Gedenkkreuz<\/figcaption><\/figure>\n<h2>Wieso gibt es keine wei\u00dfe Aquarellfarbe?<\/h2>\n<p>Wenn man beim Aquarellieren eine wei\u00dfe Fl\u00e4che erzielen will, geschieht das durch Aussparungen, d.h. man l\u00e4sst die entsprechende Fl\u00e4che einfach leer, so dass das Wei\u00df des Papiers hell aufscheint. Helle Farbt\u00f6ne erzielt man auch nicht durch das Mischen mit<br \/>\nWei\u00df, sondern indem man die Farben mit mehr oder weniger Wasser vermalt. Man kann zwar (sparsam) Deckwei\u00df f\u00fcr Glanzlichter einsetzen, aber das wirkt immer matt, ich empfehle es nicht.<\/p>\n<h2>Kann man Farben nachtr\u00e4glich noch korrigieren?<\/h2>\n<p>Nur begrenzt. Man kann helle Farben zwar mit dunkleren Farben \u00fcbermalen (s. a.\u00a0 Lasurtechnik, weiter unten), aber eine einmal farbig zugemalte Fl\u00e4che ist nur sehr begrenzt durch Auswaschen wieder zu korrigieren. Daher ist der Einsatz von dunklen, kr\u00e4ftigen Farben<br \/>\nsehr wohl \u00fcberlegt zu planen, und ist ein starkes gestalterisches Mittel.<\/p>\n<figure id=\"attachment_51\" aria-describedby=\"caption-attachment-51\" style=\"width: 1000px\" class=\"wp-caption alignnone\"><img decoding=\"async\" loading=\"lazy\" class=\"wp-image-51 size-full\" src=\"http:\/\/evileu.de\/aquarellmalerei\/wp-content\/uploads\/2016\/12\/seeshaupt_winter.jpg\" alt=\"seeshaupt im winter\" width=\"1000\" height=\"403\" srcset=\"https:\/\/evileu.de\/aquarellmalerei\/wp-content\/uploads\/2016\/12\/seeshaupt_winter.jpg 1000w, https:\/\/evileu.de\/aquarellmalerei\/wp-content\/uploads\/2016\/12\/seeshaupt_winter-300x121.jpg 300w, https:\/\/evileu.de\/aquarellmalerei\/wp-content\/uploads\/2016\/12\/seeshaupt_winter-768x310.jpg 768w\" sizes=\"(max-width: 1000px) 100vw, 1000px\" \/><figcaption id=\"caption-attachment-51\" class=\"wp-caption-text\">seeshaupt im winter<\/figcaption><\/figure>\n<h2>Bildplanung: zuerst die Fl\u00e4chen<\/h2>\n<p>Ein gutes Aquarell lebt von der Freiheit und Spontaneit\u00e4t der Pinselstriche. Trotzdem kann es nicht schaden, das Motiv zuerst einmal mit Bleistift zu skizzieren. Gehen sie dabei locker heran,<br \/>\nverlieren sie sich nicht in Details. Der Kontrast verschiedenfarbiger Fl\u00e4chen ist hierbei wichtiger\u00a0 als kleinteilige Naturtreue.<\/p>\n<h2>Details am Schlu\u00df<\/h2>\n<p>Oft gen\u00fcgt es, ganz am\u00a0 Schlu\u00df im Vordergrund oder in der Bildmitte noch\u00a0 einige kleinteilige Motive einzustreuen, um einen naturgetreuen Eindruck zu vermitteln. Hier habe ich nur in der linken unteren Ecke ein paar Pflanzen skizziert, und doch kriegt man einen guten Eindruck davon, da\u00df es sich hier um eine Blumenwiese handelt.<\/p>\n<figure id=\"attachment_53\" aria-describedby=\"caption-attachment-53\" style=\"width: 260px\" class=\"wp-caption alignnone\"><img decoding=\"async\" loading=\"lazy\" class=\"wp-image-53 size-full\" src=\"http:\/\/evileu.de\/aquarellmalerei\/wp-content\/uploads\/2016\/12\/ein-sturm-zieht-auf_aufhofen.jpg\" alt=\"ein sturm zieht auf \u00fcber aufhofen\" width=\"260\" height=\"189\" \/><figcaption id=\"caption-attachment-53\" class=\"wp-caption-text\">ein sturm zieht auf \u00fcber aufhofen<\/figcaption><\/figure>\n","protected":false},"excerpt":{"rendered":"<p>Transparenz und Leuchtkraft Aquarellfarben sind transparent, d.h. vor allem, man kann nicht deckend \u00fcbereinander malen,\u00a0 weil die untere Farbe immer durchscheint. So ist es zum Beispiel nicht m\u00f6glich, zuerst einen blauen Himmel und dann darauf eine gelbe Sonne zu malen, die Sonne w\u00fcrde gr\u00fcn werden. Das muss beim Aufbau eines Bildes ber\u00fccksichtigt werden. In den &hellip; <a href=\"https:\/\/evileu.de\/aquarellmalerei\/ein-kleiner-malkurs\/grundlagen-der-aquarellmalerei\/\" class=\"more-link\"><span class=\"screen-reader-text\">Grundlagen der Aquarellmalerei<\/span> weiterlesen <span class=\"meta-nav\">&rarr;<\/span><\/a><\/p>\n","protected":false},"author":1,"featured_media":0,"parent":19,"menu_order":2,"comment_status":"closed","ping_status":"closed","template":"","meta":[],"_links":{"self":[{"href":"https:\/\/evileu.de\/aquarellmalerei\/wp-json\/wp\/v2\/pages\/48"}],"collection":[{"href":"https:\/\/evileu.de\/aquarellmalerei\/wp-json\/wp\/v2\/pages"}],"about":[{"href":"https:\/\/evileu.de\/aquarellmalerei\/wp-json\/wp\/v2\/types\/page"}],"author":[{"embeddable":true,"href":"https:\/\/evileu.de\/aquarellmalerei\/wp-json\/wp\/v2\/users\/1"}],"replies":[{"embeddable":true,"href":"https:\/\/evileu.de\/aquarellmalerei\/wp-json\/wp\/v2\/comments?post=48"}],"version-history":[{"count":5,"href":"https:\/\/evileu.de\/aquarellmalerei\/wp-json\/wp\/v2\/pages\/48\/revisions"}],"predecessor-version":[{"id":307,"href":"https:\/\/evileu.de\/aquarellmalerei\/wp-json\/wp\/v2\/pages\/48\/revisions\/307"}],"up":[{"embeddable":true,"href":"https:\/\/evileu.de\/aquarellmalerei\/wp-json\/wp\/v2\/pages\/19"}],"wp:attachment":[{"href":"https:\/\/evileu.de\/aquarellmalerei\/wp-json\/wp\/v2\/media?parent=48"}],"curies":[{"name":"wp","href":"https:\/\/api.w.org\/{rel}","templated":true}]}}