{"id":324,"date":"2017-08-24T03:55:34","date_gmt":"2017-08-24T01:55:34","guid":{"rendered":"http:\/\/evileu.de\/aquarellmalerei\/?page_id=324"},"modified":"2017-08-24T03:58:40","modified_gmt":"2017-08-24T01:58:40","slug":"eine-illustration-entsteht","status":"publish","type":"page","link":"https:\/\/evileu.de\/aquarellmalerei\/ein-kleiner-malkurs\/eine-illustration-entsteht\/","title":{"rendered":"Eine Illustration entsteht"},"content":{"rendered":"<p>Ich brauche immer jede Menge Illustrationen f\u00fcr mein <a href=\"http:\/\/evileu.de\/inselfisch-kochbuch\">Inselfisch-Kochbuch,<\/a> damit die Rezepte auch sch\u00f6n appetitlich anzusehen sind. Hier zeige ich einmal, wie eine solche Illustration entsteht, die Technik ist ein bi\u00dfchen anders als bei den Landschaften, hier arbeite ich mit Tusche.<\/p>\n<h2>Wasserfeste Tusche f\u00fcr die Zeichnung<\/h2>\n<p>Wichtig dabei ist, da\u00df man eine <strong>wasserfeste<\/strong> Tusche verwendet, damit die Linien beim Kolorieren nicht verlaufen. Ich verwende einen schwarzen Staedtler PigmentLiner (0,1 mm), der ist zwar nicht billig, aber er h\u00e4lt ewig. Das Papier ist ein Aquarell-Postkartenblock in Studienqualit\u00e4t, da mu\u00df man nicht das Teuerste nehmen. Es wird ja relativ trocken gemalt, so da\u00df sich das Papier kaum wellt oder verzieht. Deswegen reicht hier auch eine einfache Papierqualit\u00e4t.<\/p>\n<h2>Erst die Skizze mit Bleistift<\/h2>\n<p>Zuallererst mache ich eine Bleistiftskizze, daf\u00fcr verwende ich einen ganz normalen Minen-Druckbleistift der H\u00e4rte HB. Keine h\u00e4rteren Minen nehmen, die lassen sich schlecht radieren! Bei der Skizze kann man ruhig ein wenig schmieren und ausbessern, die Bleistiftlinien kommen ja nachher wieder weg.<\/p>\n<figure id=\"attachment_194\" aria-describedby=\"caption-attachment-194\" style=\"width: 871px\" class=\"wp-caption alignnone\"><img decoding=\"async\" loading=\"lazy\" class=\"size-full wp-image-194\" src=\"http:\/\/evileu.de\/aquarellmalerei\/wp-content\/uploads\/2016\/12\/lasagne-bleistift.jpg\" alt=\"lasagne bleistiftzeichnung\" width=\"871\" height=\"597\" srcset=\"https:\/\/evileu.de\/aquarellmalerei\/wp-content\/uploads\/2016\/12\/lasagne-bleistift.jpg 871w, https:\/\/evileu.de\/aquarellmalerei\/wp-content\/uploads\/2016\/12\/lasagne-bleistift-300x206.jpg 300w, https:\/\/evileu.de\/aquarellmalerei\/wp-content\/uploads\/2016\/12\/lasagne-bleistift-768x526.jpg 768w\" sizes=\"(max-width: 871px) 100vw, 871px\" \/><figcaption id=\"caption-attachment-194\" class=\"wp-caption-text\">lasagne bleistiftzeichnung<\/figcaption><\/figure>\n<h2>Nachzeichnen mit Tusche und radieren<\/h2>\n<p>Dann ziehe ich die Linien mit dem Tuschestift nach, das sollte man schon mit einiger Sorgfalt machen, damit es eine h\u00fcbsche saubere Zeichnung ergibt. Die Tusche lasse ich so etwa 5 Minuten trocknen, dann gehe ich mit einem weichen Radiergummi \u00fcber das ganze Bild und radiere alle Bleistiftlinien und \u2013 Schmierspuren behutsam aber gr\u00fcndlich weg.<\/p>\n<figure id=\"attachment_195\" aria-describedby=\"caption-attachment-195\" style=\"width: 871px\" class=\"wp-caption alignnone\"><img decoding=\"async\" loading=\"lazy\" class=\"size-full wp-image-195\" src=\"http:\/\/evileu.de\/aquarellmalerei\/wp-content\/uploads\/2016\/12\/lasagne-tusche.jpg\" alt=\"lasagne mit tusche gezeichnet\" width=\"871\" height=\"597\" srcset=\"https:\/\/evileu.de\/aquarellmalerei\/wp-content\/uploads\/2016\/12\/lasagne-tusche.jpg 871w, https:\/\/evileu.de\/aquarellmalerei\/wp-content\/uploads\/2016\/12\/lasagne-tusche-300x206.jpg 300w, https:\/\/evileu.de\/aquarellmalerei\/wp-content\/uploads\/2016\/12\/lasagne-tusche-768x526.jpg 768w\" sizes=\"(max-width: 871px) 100vw, 871px\" \/><figcaption id=\"caption-attachment-195\" class=\"wp-caption-text\">lasagne mit tusche gezeichnet<\/figcaption><\/figure>\n<h2>Kolorieren mit Aquarellfarben<\/h2>\n<p>Dann kommt der Aquarellkasten zum Einsatz. Alle Bildobjekte werden sch\u00f6n farbig koloriert. Wenn das Essen auf dem Teller selber nicht genug Farbigkeit hergibt, gestalte ich das \u201eDrumherum\u201c ein wenig bunter, damit das Bild lebendig wirkt. Ich setze die Farben sorgf\u00e4ltig nebeneinander und lasse es zwischendurch immer wieder trocknen, bei meinen Illustrationen sollen die Farben ja nicht ineinander verlaufen, sondern die klare Zeichnung betonen, so wirken sie plastisch und lebendig.<\/p>\n<figure id=\"attachment_196\" aria-describedby=\"caption-attachment-196\" style=\"width: 887px\" class=\"wp-caption alignnone\"><img decoding=\"async\" loading=\"lazy\" class=\"size-full wp-image-196\" src=\"http:\/\/evileu.de\/aquarellmalerei\/wp-content\/uploads\/2016\/12\/lasagne-farbe.jpg\" alt=\"llasagne mit tusche koloriert\" width=\"887\" height=\"597\" srcset=\"https:\/\/evileu.de\/aquarellmalerei\/wp-content\/uploads\/2016\/12\/lasagne-farbe.jpg 887w, https:\/\/evileu.de\/aquarellmalerei\/wp-content\/uploads\/2016\/12\/lasagne-farbe-300x202.jpg 300w, https:\/\/evileu.de\/aquarellmalerei\/wp-content\/uploads\/2016\/12\/lasagne-farbe-768x517.jpg 768w\" sizes=\"(max-width: 887px) 100vw, 887px\" \/><figcaption id=\"caption-attachment-196\" class=\"wp-caption-text\">lasagne mit tusche koloriert<\/figcaption><\/figure>\n<p>Na, kriegt man da nicht Appetit?<br \/>\n<a href=\"http:\/\/evileu.de\/inselfisch-kochbuch\/2016\/12\/14\/lasagne-alla-casa-mia\/\">Hier im Inselfisch-Kochbuch ist das Rezept<\/a> zum Nachkochen!<\/p>\n","protected":false},"excerpt":{"rendered":"<p>Ich brauche immer jede Menge Illustrationen f\u00fcr mein Inselfisch-Kochbuch, damit die Rezepte auch sch\u00f6n appetitlich anzusehen sind. Hier zeige ich einmal, wie eine solche Illustration entsteht, die Technik ist ein bi\u00dfchen anders als bei den Landschaften, hier arbeite ich mit Tusche. Wasserfeste Tusche f\u00fcr die Zeichnung Wichtig dabei ist, da\u00df man eine wasserfeste Tusche verwendet, &hellip; <a href=\"https:\/\/evileu.de\/aquarellmalerei\/ein-kleiner-malkurs\/eine-illustration-entsteht\/\" class=\"more-link\"><span class=\"screen-reader-text\">Eine Illustration entsteht<\/span> weiterlesen <span class=\"meta-nav\">&rarr;<\/span><\/a><\/p>\n","protected":false},"author":1,"featured_media":0,"parent":19,"menu_order":5,"comment_status":"closed","ping_status":"closed","template":"","meta":[],"_links":{"self":[{"href":"https:\/\/evileu.de\/aquarellmalerei\/wp-json\/wp\/v2\/pages\/324"}],"collection":[{"href":"https:\/\/evileu.de\/aquarellmalerei\/wp-json\/wp\/v2\/pages"}],"about":[{"href":"https:\/\/evileu.de\/aquarellmalerei\/wp-json\/wp\/v2\/types\/page"}],"author":[{"embeddable":true,"href":"https:\/\/evileu.de\/aquarellmalerei\/wp-json\/wp\/v2\/users\/1"}],"replies":[{"embeddable":true,"href":"https:\/\/evileu.de\/aquarellmalerei\/wp-json\/wp\/v2\/comments?post=324"}],"version-history":[{"count":2,"href":"https:\/\/evileu.de\/aquarellmalerei\/wp-json\/wp\/v2\/pages\/324\/revisions"}],"predecessor-version":[{"id":326,"href":"https:\/\/evileu.de\/aquarellmalerei\/wp-json\/wp\/v2\/pages\/324\/revisions\/326"}],"up":[{"embeddable":true,"href":"https:\/\/evileu.de\/aquarellmalerei\/wp-json\/wp\/v2\/pages\/19"}],"wp:attachment":[{"href":"https:\/\/evileu.de\/aquarellmalerei\/wp-json\/wp\/v2\/media?parent=324"}],"curies":[{"name":"wp","href":"https:\/\/api.w.org\/{rel}","templated":true}]}}