{"id":32,"date":"2016-12-09T17:11:06","date_gmt":"2016-12-09T16:11:06","guid":{"rendered":"http:\/\/evileu.de\/aquarellmalerei\/?page_id=32"},"modified":"2017-08-22T15:42:17","modified_gmt":"2017-08-22T13:42:17","slug":"einleitung-und-ein-wort-zum-material","status":"publish","type":"page","link":"https:\/\/evileu.de\/aquarellmalerei\/ein-kleiner-malkurs\/einleitung-und-ein-wort-zum-material\/","title":{"rendered":"Einleitung und ein Wort zum Material"},"content":{"rendered":"<p>Sie haben als Kind gern gemalt und gezeichnet? Sie wollten schon immer mehr dar\u00fcber wissen und auch selbst etwas machen, aber immer fehlte die richtige Idee? Sie lieben die Natur, Landschaften, Pflanzen und Blumen, und m\u00f6chten sie gerne auf Papier festhalten? Lernen Sie Aquarellmalen!<\/p>\n<h2>Was man zum Malen braucht<\/h2>\n<p>Die grundlegenden Techniken sind einfach zu erlernen, man ben\u00f6tigt au\u00dfer Wasser, Pinsel, Farben und Papier keine zus\u00e4tzlichen Hilfsmittel. Aquarellmalerei ist eine \u201esaubere\u201c Technik, Farbkleckse lassen sich einfach mit Wasser wieder entfernen.<\/p>\n<p>Auch f\u00fcr Anf\u00e4nger empfehle ich feine K\u00fcnstler-Aquarellfarben (kleiner Kasten mit 6-12 N\u00e4pfchen), diese bezaubern durch ihre Farbreinheit und gro\u00dfe Leuchtkraft. Billigere Farben sind oft stumpf und schlecht mischbar und machen keine Freude beim Malen!<\/p>\n<figure id=\"attachment_34\" aria-describedby=\"caption-attachment-34\" style=\"width: 300px\" class=\"wp-caption alignnone\"><img decoding=\"async\" loading=\"lazy\" class=\"size-medium wp-image-34\" src=\"http:\/\/evileu.de\/aquarellmalerei\/wp-content\/uploads\/2016\/12\/DSCN0298-300x225.jpg\" alt=\"aquarellkasten\" width=\"300\" height=\"225\" srcset=\"https:\/\/evileu.de\/aquarellmalerei\/wp-content\/uploads\/2016\/12\/DSCN0298-300x225.jpg 300w, https:\/\/evileu.de\/aquarellmalerei\/wp-content\/uploads\/2016\/12\/DSCN0298-768x576.jpg 768w, https:\/\/evileu.de\/aquarellmalerei\/wp-content\/uploads\/2016\/12\/DSCN0298-1024x768.jpg 1024w, https:\/\/evileu.de\/aquarellmalerei\/wp-content\/uploads\/2016\/12\/DSCN0298.jpg 1600w\" sizes=\"(max-width: 300px) 100vw, 300px\" \/><figcaption id=\"caption-attachment-34\" class=\"wp-caption-text\">aquarellkasten<\/figcaption><\/figure>\n<h2>Einkaufstipp: gut und g\u00fcnstig<\/h2>\n<p>Bei der Firma Boesner gibt es russische Aquarellk\u00e4sten der Marke &#8222;Igor Trestoj&#8220; (unten im Bild), da kosten 24 ganze N\u00e4pfchen noch nicht einmal 20 \u20ac, wenn sie einen Boesner-Laden in erreichbarer N\u00e4he haben, diese Investition lohnt sich auf jeden Fall! Die Farben bieten feinste K\u00fcnstler-Farbqualit\u00e4t zum unschlagbar g\u00fcnstigen Preis.<\/p>\n<h2>Pinsel und Blocks<\/h2>\n<p>Leisten Sie sich auch zwei, drei gute Pinsel und richtiges Aquarellpapier, das gibt es in speziell verleimten Blocks, auf denen man auch in der Na\u00dftechnik gut arbeiten kann. Ein kleiner (ca. DIN A 4) Block reicht f\u00fcr den Anfang und kostet so ab 5-8 \u20ac\/20 Blatt. Andere Papiersorten sind leider nicht geeignet, es sollte schon spezielles Aquarellpapier in mindestens Studienqualit\u00e4t sein. Eine nette Sache sind auch Postkartenblocks aus Aquarellpapier, die gibt es mit 40 Blatt auch so etwa ab 5 \u20ac.<\/p>\n<p>So, und dann kann es losgehen!<\/p>\n","protected":false},"excerpt":{"rendered":"<p>Sie haben als Kind gern gemalt und gezeichnet? Sie wollten schon immer mehr dar\u00fcber wissen und auch selbst etwas machen, aber immer fehlte die richtige Idee? Sie lieben die Natur, Landschaften, Pflanzen und Blumen, und m\u00f6chten sie gerne auf Papier festhalten? Lernen Sie Aquarellmalen! Was man zum Malen braucht Die grundlegenden Techniken sind einfach zu &hellip; <a href=\"https:\/\/evileu.de\/aquarellmalerei\/ein-kleiner-malkurs\/einleitung-und-ein-wort-zum-material\/\" class=\"more-link\"><span class=\"screen-reader-text\">Einleitung und ein Wort zum Material<\/span> weiterlesen <span class=\"meta-nav\">&rarr;<\/span><\/a><\/p>\n","protected":false},"author":1,"featured_media":0,"parent":19,"menu_order":0,"comment_status":"closed","ping_status":"closed","template":"","meta":[],"_links":{"self":[{"href":"https:\/\/evileu.de\/aquarellmalerei\/wp-json\/wp\/v2\/pages\/32"}],"collection":[{"href":"https:\/\/evileu.de\/aquarellmalerei\/wp-json\/wp\/v2\/pages"}],"about":[{"href":"https:\/\/evileu.de\/aquarellmalerei\/wp-json\/wp\/v2\/types\/page"}],"author":[{"embeddable":true,"href":"https:\/\/evileu.de\/aquarellmalerei\/wp-json\/wp\/v2\/users\/1"}],"replies":[{"embeddable":true,"href":"https:\/\/evileu.de\/aquarellmalerei\/wp-json\/wp\/v2\/comments?post=32"}],"version-history":[{"count":5,"href":"https:\/\/evileu.de\/aquarellmalerei\/wp-json\/wp\/v2\/pages\/32\/revisions"}],"predecessor-version":[{"id":303,"href":"https:\/\/evileu.de\/aquarellmalerei\/wp-json\/wp\/v2\/pages\/32\/revisions\/303"}],"up":[{"embeddable":true,"href":"https:\/\/evileu.de\/aquarellmalerei\/wp-json\/wp\/v2\/pages\/19"}],"wp:attachment":[{"href":"https:\/\/evileu.de\/aquarellmalerei\/wp-json\/wp\/v2\/media?parent=32"}],"curies":[{"name":"wp","href":"https:\/\/api.w.org\/{rel}","templated":true}]}}