{"id":224,"date":"2017-01-10T13:04:04","date_gmt":"2017-01-10T12:04:04","guid":{"rendered":"http:\/\/evileu.de\/aquarellmalerei\/?page_id=224"},"modified":"2017-08-24T04:10:00","modified_gmt":"2017-08-24T02:10:00","slug":"winter","status":"publish","type":"page","link":"https:\/\/evileu.de\/aquarellmalerei\/winter\/","title":{"rendered":"Malen im Winter"},"content":{"rendered":"<p>Ich male zu jeder Jahreszeit draussen in der Landschaft, auch im frostigsten Winter. Es mu\u00df nur die Sonne f\u00fcr ein paar Stunden rauskommen, schon bin ich unterwegs und suche mir ein sch\u00f6nes Pl\u00e4tzchen.<\/p>\n<h2>Meine Winterausr\u00fcstung<\/h2>\n<p>Wenn ich bei Schnee und Eis stundenlang draussen sitzen und malen will, packe ich mich ein wie zum Skifahren. Lange Unterhosen,\u00a0 die dicksten Socken und die w\u00e4rmsten Stiefel, eine lange, m\u00f6glichst winddichte Jacke, warmer Pullover und ein dicker Schal und Handschuhe, das ist das Mindeste.<\/p>\n<figure id=\"attachment_219\" aria-describedby=\"caption-attachment-219\" style=\"width: 300px\" class=\"wp-caption alignnone\"><img decoding=\"async\" loading=\"lazy\" class=\"wp-image-219 size-medium\" src=\"http:\/\/evileu.de\/aquarellmalerei\/wp-content\/uploads\/2017\/01\/warme_handschuhe-300x225.jpg\" alt=\"foto mit warmen handschuhen\" width=\"300\" height=\"225\" srcset=\"https:\/\/evileu.de\/aquarellmalerei\/wp-content\/uploads\/2017\/01\/warme_handschuhe-300x225.jpg 300w, https:\/\/evileu.de\/aquarellmalerei\/wp-content\/uploads\/2017\/01\/warme_handschuhe-768x576.jpg 768w, https:\/\/evileu.de\/aquarellmalerei\/wp-content\/uploads\/2017\/01\/warme_handschuhe-1024x768.jpg 1024w, https:\/\/evileu.de\/aquarellmalerei\/wp-content\/uploads\/2017\/01\/warme_handschuhe.jpg 1600w\" sizes=\"(max-width: 300px) 100vw, 300px\" \/><figcaption id=\"caption-attachment-219\" class=\"wp-caption-text\">foto mit warmen handschuhen<\/figcaption><\/figure>\n<p>Sonst sitze ich zu jeder anderen Jahreszeit auf meiner Isomatte am Boden, aber im Winter geht das echt nicht, ich w\u00fcrde erfrieren. Also nehme ich einen kleinen Klappstuhl mit, auf den kommt eine leichte Alu-Isomatte als Windschutz, und dann brauche ich noch ein leeres Biertragl als Maltisch, auf dem steht der Aquarellkasten und das Wassern\u00e4pfchen. Den Block halte ich auf den Knien, und dann kann es losgehen.<\/p>\n<h2>Malen bei Eisesk\u00e4lte<\/h2>\n<p>Wenn es ordentlich kalt ist, trocknen die Farben sehr langsam, da kann man schlecht vollfl\u00e4chig malen. Macht aber nix, bei Schneelandschaften werden ja eh alle wei\u00dfen Fl\u00e4chen freigelassen, und ich male nur die Landschaftsdetails, die sich andersfarbig vom Schnee abheben.<\/p>\n<figure id=\"attachment_209\" aria-describedby=\"caption-attachment-209\" style=\"width: 300px\" class=\"wp-caption alignnone\"><img decoding=\"async\" loading=\"lazy\" class=\"wp-image-209 size-medium\" src=\"http:\/\/evileu.de\/aquarellmalerei\/wp-content\/uploads\/2016\/12\/aufhofen-blauer_schatten-300x227.jpg\" alt=\"aufhofen, blauer schatten im schnee\" width=\"300\" height=\"227\" srcset=\"https:\/\/evileu.de\/aquarellmalerei\/wp-content\/uploads\/2016\/12\/aufhofen-blauer_schatten-300x227.jpg 300w, https:\/\/evileu.de\/aquarellmalerei\/wp-content\/uploads\/2016\/12\/aufhofen-blauer_schatten.jpg 510w\" sizes=\"(max-width: 300px) 100vw, 300px\" \/><figcaption id=\"caption-attachment-209\" class=\"wp-caption-text\">aufhofen, blauer schatten im schnee<\/figcaption><\/figure>\n<h2>Man braucht ganz viel Wei\u00df<\/h2>\n<p>Wenn bei Schnee ordentlich die Sonne scheint, ist auch der Himmel ganz hell, auch hier lasse ich ganz viel Wei\u00df und f\u00fcge nur einen Hauch von Himmelsfarben ein, das reicht v\u00f6llig.<\/p>\n<figure id=\"attachment_225\" aria-describedby=\"caption-attachment-225\" style=\"width: 474px\" class=\"wp-caption alignnone\"><img decoding=\"async\" loading=\"lazy\" class=\"wp-image-225 size-large\" src=\"http:\/\/evileu.de\/aquarellmalerei\/wp-content\/uploads\/2017\/01\/ludwigshoehe_im_schnee-1024x768.jpg\" alt=\"ludwigshoehe im schnee\" width=\"474\" height=\"356\" srcset=\"https:\/\/evileu.de\/aquarellmalerei\/wp-content\/uploads\/2017\/01\/ludwigshoehe_im_schnee-1024x768.jpg 1024w, https:\/\/evileu.de\/aquarellmalerei\/wp-content\/uploads\/2017\/01\/ludwigshoehe_im_schnee-300x225.jpg 300w, https:\/\/evileu.de\/aquarellmalerei\/wp-content\/uploads\/2017\/01\/ludwigshoehe_im_schnee-768x576.jpg 768w, https:\/\/evileu.de\/aquarellmalerei\/wp-content\/uploads\/2017\/01\/ludwigshoehe_im_schnee.jpg 1600w\" sizes=\"(max-width: 474px) 100vw, 474px\" \/><figcaption id=\"caption-attachment-225\" class=\"wp-caption-text\">ludwigshoehe im schnee<\/figcaption><\/figure>\n<h2>Details mit leichter Hand<\/h2>\n<p>Die kontrastreichen Details einer Winterlandschaft wie z.B. Fu\u00dfspuren im Schnee, B\u00e4ume und W\u00e4lder und die Berge im Hintergrund male ich sehr trocken, dabei mu\u00df man aufpassen da\u00df man die Formen im ersten Anlauf richtig erwischt.<\/p>\n<p>Wenn man n\u00e4mlich einmal einen dunklen Pinselstrich auf der hellen Fl\u00e4che einmal gemalt hat, kriegt man ihn nicht mehr weg, wenn der nicht stimmt kann man nichts nachtr\u00e4glich korrigieren.<\/p>\n<p>Deswegen arbeite ich da sehr konzentriert, und reduziere das Bildmotiv auf m\u00f6glichst wenige Details. Daf\u00fcr brauchts eine leichte Hand und genaues Hinsehen, deswegen lasse ich mich da beim Malen auch nicht gern st\u00f6ren, auch wenn oft Spazierg\u00e4nger bei mir stehenbleiben und zuschauen. Sieht halt schon drollig aus, wie ich da mit meiner Winterausr\u00fcstung in der K\u00e4lte sitze &#8211; aber ich liebe nunmal Winterlandschaften und male sie sehr gerne.<\/p>\n<p>Schauen sie mal in die <a href=\"http:\/\/evileu.de\/aquarellmalerei\/category\/winter\/\">Kategorie Winter, <\/a>da gibt es viele sch\u00f6ne Bilder von Eis und Schnee!<\/p>\n","protected":false},"excerpt":{"rendered":"<p>Ich male zu jeder Jahreszeit draussen in der Landschaft, auch im frostigsten Winter. Es mu\u00df nur die Sonne f\u00fcr ein paar Stunden rauskommen, schon bin ich unterwegs und suche mir ein sch\u00f6nes Pl\u00e4tzchen. Meine Winterausr\u00fcstung Wenn ich bei Schnee und Eis stundenlang draussen sitzen und malen will, packe ich mich ein wie zum Skifahren. Lange &hellip; <a href=\"https:\/\/evileu.de\/aquarellmalerei\/winter\/\" class=\"more-link\"><span class=\"screen-reader-text\">Malen im Winter<\/span> weiterlesen <span class=\"meta-nav\">&rarr;<\/span><\/a><\/p>\n","protected":false},"author":1,"featured_media":0,"parent":0,"menu_order":4,"comment_status":"closed","ping_status":"closed","template":"","meta":[],"_links":{"self":[{"href":"https:\/\/evileu.de\/aquarellmalerei\/wp-json\/wp\/v2\/pages\/224"}],"collection":[{"href":"https:\/\/evileu.de\/aquarellmalerei\/wp-json\/wp\/v2\/pages"}],"about":[{"href":"https:\/\/evileu.de\/aquarellmalerei\/wp-json\/wp\/v2\/types\/page"}],"author":[{"embeddable":true,"href":"https:\/\/evileu.de\/aquarellmalerei\/wp-json\/wp\/v2\/users\/1"}],"replies":[{"embeddable":true,"href":"https:\/\/evileu.de\/aquarellmalerei\/wp-json\/wp\/v2\/comments?post=224"}],"version-history":[{"count":5,"href":"https:\/\/evileu.de\/aquarellmalerei\/wp-json\/wp\/v2\/pages\/224\/revisions"}],"predecessor-version":[{"id":318,"href":"https:\/\/evileu.de\/aquarellmalerei\/wp-json\/wp\/v2\/pages\/224\/revisions\/318"}],"wp:attachment":[{"href":"https:\/\/evileu.de\/aquarellmalerei\/wp-json\/wp\/v2\/media?parent=224"}],"curies":[{"name":"wp","href":"https:\/\/api.w.org\/{rel}","templated":true}]}}