{"id":170,"date":"2016-12-13T17:14:44","date_gmt":"2016-12-13T16:14:44","guid":{"rendered":"http:\/\/evileu.de\/aquarellmalerei\/?page_id=170"},"modified":"2017-08-22T16:57:45","modified_gmt":"2017-08-22T14:57:45","slug":"das-blaue-land","status":"publish","type":"page","link":"https:\/\/evileu.de\/aquarellmalerei\/meine-lieblingsplaetze\/das-blaue-land\/","title":{"rendered":"Das Blaue Land"},"content":{"rendered":"<p>Dsa Blaue Land, so haben die Maler vom Blauen Reiter die Gegend zwischen M\u00fcnchen und den Bergen genannt. Weil hier das Licht so einzigartig ist, weil die Berge im Dunst\u00a0 blau erscheinen, die W\u00e4lder in einem dunkleren Blau, die Seen sowieso in unz\u00e4hligen Blaut\u00f6nen von Himmelblau \u00fcber Aquamarin zu T\u00fcrkis erstrahlen.<\/p>\n<figure id=\"attachment_171\" aria-describedby=\"caption-attachment-171\" style=\"width: 497px\" class=\"wp-caption alignnone\"><img decoding=\"async\" loading=\"lazy\" class=\"wp-image-171 size-full\" src=\"http:\/\/evileu.de\/aquarellmalerei\/wp-content\/uploads\/2016\/12\/moewenflug_ambach.jpg\" alt=\"moewenflug bei ambach und blaues licht\" width=\"497\" height=\"361\" srcset=\"https:\/\/evileu.de\/aquarellmalerei\/wp-content\/uploads\/2016\/12\/moewenflug_ambach.jpg 497w, https:\/\/evileu.de\/aquarellmalerei\/wp-content\/uploads\/2016\/12\/moewenflug_ambach-300x218.jpg 300w\" sizes=\"(max-width: 497px) 100vw, 497px\" \/><figcaption id=\"caption-attachment-171\" class=\"wp-caption-text\">moewenflug bei ambach und blaues licht<\/figcaption><\/figure>\n<p>Ich habe in meinem Aquarellkasten zehn verschiedene Blaut\u00f6ne, um dieser Vielfalt an Nuancen und Schattierungen gerecht zu werden. Und das gilt nicht nur f\u00fcr die Seenlandschaften (\u00fcber die habe ich ja schon viel erz\u00e4hlt), das gilt auch f\u00fcr das ganze liebliche Oberland.<\/p>\n<figure id=\"attachment_173\" aria-describedby=\"caption-attachment-173\" style=\"width: 615px\" class=\"wp-caption alignnone\"><img decoding=\"async\" loading=\"lazy\" class=\"wp-image-173 size-full\" src=\"http:\/\/evileu.de\/aquarellmalerei\/wp-content\/uploads\/2016\/12\/blaues-land-karte.jpg\" alt=\"blaues-land-karte\" width=\"615\" height=\"511\" srcset=\"https:\/\/evileu.de\/aquarellmalerei\/wp-content\/uploads\/2016\/12\/blaues-land-karte.jpg 615w, https:\/\/evileu.de\/aquarellmalerei\/wp-content\/uploads\/2016\/12\/blaues-land-karte-300x249.jpg 300w\" sizes=\"(max-width: 615px) 100vw, 615px\" \/><figcaption id=\"caption-attachment-173\" class=\"wp-caption-text\">blaues-land-karte \u00a9 OpenStreetMap-Mitwirkende<\/figcaption><\/figure>\n<h2>Das Oberland<\/h2>\n<p>Von Bad T\u00f6lz nach Wolfratshausen, von Gr\u00fcnwald nach Lenggries, von Dietramszell bis Sch\u00e4ftlarn, \u00fcberall war ich schon unterwegs und habe Bilder gemalt von den sch\u00f6n gelegenen D\u00f6rfern, von den besonderen Aussichtspunkten und dem \u00fcberall pr\u00e4senten herrlichen Bergpanorama. Bei jedem Wetter, in jeder Jahreszeit habe ich die Landschaft portraitiert, und hier m\u00f6chte ich euch zeigen, wie sch\u00f6n es bei uns in Oberbayern \u00fcberall ist.<\/p>\n<p>Den Anfang macht ein Bild mit der Zugspitze im Hintergrund, die ist nun mal der gr\u00f6\u00dfte Berg unserer Alpen und v\u00f6llig unverwechselbar. Der Zwiebelturm der M\u00fcnsinger Kirche ist auch typisch bayrisch, so einen sieht man auf jeder zweiten Postkarte von hier!<\/p>\n<figure id=\"attachment_174\" aria-describedby=\"caption-attachment-174\" style=\"width: 309px\" class=\"wp-caption alignnone\"><img decoding=\"async\" loading=\"lazy\" class=\"wp-image-174 size-full\" src=\"http:\/\/evileu.de\/aquarellmalerei\/wp-content\/uploads\/2016\/12\/muensing.jpg\" alt=\"muensing mit zugspitze\" width=\"309\" height=\"426\" srcset=\"https:\/\/evileu.de\/aquarellmalerei\/wp-content\/uploads\/2016\/12\/muensing.jpg 309w, https:\/\/evileu.de\/aquarellmalerei\/wp-content\/uploads\/2016\/12\/muensing-218x300.jpg 218w\" sizes=\"(max-width: 309px) 100vw, 309px\" \/><figcaption id=\"caption-attachment-174\" class=\"wp-caption-text\">muensing mit zugspitze<\/figcaption><\/figure>\n<h2>Die Ludwigsh\u00f6he<\/h2>\n<p>Jetzt starten wir unsere Reise kreuz und quer durchs Oberland gleich hinter Gr\u00fcnwald. Zwischen Deining und Dingharting liegt ein wunderbarer Aussichtsh\u00fcgel, die Ludwigsh\u00f6he. Man kann hier ein einzigartiges Bergpanorama bewundern, der Blick schweift frei \u00fcber das gesamte Oberland hin zu den Bergketten der Bayrischen Alpen und noch weiter bis zu den h\u00f6heren, auch im Sommer schneebedeckten Gipfel in \u00d6sterreich.<\/p>\n<figure id=\"attachment_176\" aria-describedby=\"caption-attachment-176\" style=\"width: 310px\" class=\"wp-caption alignnone\"><img decoding=\"async\" loading=\"lazy\" class=\"wp-image-176 size-full\" src=\"http:\/\/evileu.de\/aquarellmalerei\/wp-content\/uploads\/2016\/12\/ludwigshoehe-1.jpg\" alt=\"ludwigshoehe\" width=\"310\" height=\"235\" srcset=\"https:\/\/evileu.de\/aquarellmalerei\/wp-content\/uploads\/2016\/12\/ludwigshoehe-1.jpg 310w, https:\/\/evileu.de\/aquarellmalerei\/wp-content\/uploads\/2016\/12\/ludwigshoehe-1-300x227.jpg 300w\" sizes=\"(max-width: 310px) 100vw, 310px\" \/><figcaption id=\"caption-attachment-176\" class=\"wp-caption-text\">ludwigshoehe<\/figcaption><\/figure>\n<p>Am Fu\u00df der Ludwigsh\u00f6he liegt der kleine Ort Deining mit dem kleinen Sumpfgebiet Deininger Moos, hier kann man sehr sch\u00f6n spazierengehen.<\/p>\n<figure id=\"attachment_179\" aria-describedby=\"caption-attachment-179\" style=\"width: 313px\" class=\"wp-caption alignnone\"><img decoding=\"async\" loading=\"lazy\" class=\"wp-image-179 size-full\" src=\"http:\/\/evileu.de\/aquarellmalerei\/wp-content\/uploads\/2016\/12\/deininger_moos.jpg\" alt=\"deininger moos\" width=\"313\" height=\"227\" srcset=\"https:\/\/evileu.de\/aquarellmalerei\/wp-content\/uploads\/2016\/12\/deininger_moos.jpg 313w, https:\/\/evileu.de\/aquarellmalerei\/wp-content\/uploads\/2016\/12\/deininger_moos-300x218.jpg 300w\" sizes=\"(max-width: 313px) 100vw, 313px\" \/><figcaption id=\"caption-attachment-179\" class=\"wp-caption-text\">deininger moos<\/figcaption><\/figure>\n<p>Auf der Ludwigsh\u00f6he ist es auch im Winter sehr sch\u00f6n, erstens gibt es da eine prima Rodelbahn, und zweitens sieht Deining im Schnee auch sehr h\u00fcbsch aus:<\/p>\n<figure id=\"attachment_180\" aria-describedby=\"caption-attachment-180\" style=\"width: 684px\" class=\"wp-caption alignnone\"><img decoding=\"async\" loading=\"lazy\" class=\"wp-image-180 size-full\" src=\"http:\/\/evileu.de\/aquarellmalerei\/wp-content\/uploads\/2016\/12\/deining_eingeschneit.jpg\" alt=\"deining eingeschneit\" width=\"684\" height=\"500\" srcset=\"https:\/\/evileu.de\/aquarellmalerei\/wp-content\/uploads\/2016\/12\/deining_eingeschneit.jpg 684w, https:\/\/evileu.de\/aquarellmalerei\/wp-content\/uploads\/2016\/12\/deining_eingeschneit-300x219.jpg 300w\" sizes=\"(max-width: 684px) 100vw, 684px\" \/><figcaption id=\"caption-attachment-180\" class=\"wp-caption-text\">deining eingeschneit<\/figcaption><\/figure>\n<p>Wenn man von Deining aus weiter Richtung Wolfratshausen f\u00e4hrt, kommt man kurz vor Neufahrn an einen weiteren sch\u00f6nen Aussichtspunkt mit tollem Alpenblick. Hier ist gerade ein Sturmtief \u00fcber meinem Kopf nach Norden abgezogen:<\/p>\n<figure id=\"attachment_203\" aria-describedby=\"caption-attachment-203\" style=\"width: 505px\" class=\"wp-caption alignnone\"><img decoding=\"async\" loading=\"lazy\" class=\"wp-image-203 size-full\" src=\"http:\/\/evileu.de\/aquarellmalerei\/wp-content\/uploads\/2016\/12\/neufahrn-ein-sturm-zieht-auf-1.jpg\" alt=\"neufahrn, ein sturm zieht auf\" width=\"505\" height=\"361\" srcset=\"https:\/\/evileu.de\/aquarellmalerei\/wp-content\/uploads\/2016\/12\/neufahrn-ein-sturm-zieht-auf-1.jpg 505w, https:\/\/evileu.de\/aquarellmalerei\/wp-content\/uploads\/2016\/12\/neufahrn-ein-sturm-zieht-auf-1-300x214.jpg 300w\" sizes=\"(max-width: 505px) 100vw, 505px\" \/><figcaption id=\"caption-attachment-203\" class=\"wp-caption-text\">neufahrn, ein sturm zieht auf<\/figcaption><\/figure>\n<p>&nbsp;<\/p>\n<h2>Auf der anderen Seite der Isar<\/h2>\n<p>Hier gibt es auch sch\u00f6ne Aussichtspunkte, an der B 11 entlang laden viele Panorama-Ausblicke zum Verweilen ein. Hier ein Blick auf die Zugspitze \u00fcber die verschneiten D\u00e4cher von Icking:<\/p>\n<figure id=\"attachment_205\" aria-describedby=\"caption-attachment-205\" style=\"width: 509px\" class=\"wp-caption alignnone\"><img decoding=\"async\" loading=\"lazy\" class=\"wp-image-205 size-full\" src=\"http:\/\/evileu.de\/aquarellmalerei\/wp-content\/uploads\/2016\/12\/icking-zugspitze.jpg\" alt=\"icking im schnee mit zugspitze\" width=\"509\" height=\"366\" srcset=\"https:\/\/evileu.de\/aquarellmalerei\/wp-content\/uploads\/2016\/12\/icking-zugspitze.jpg 509w, https:\/\/evileu.de\/aquarellmalerei\/wp-content\/uploads\/2016\/12\/icking-zugspitze-300x216.jpg 300w\" sizes=\"(max-width: 509px) 100vw, 509px\" \/><figcaption id=\"caption-attachment-205\" class=\"wp-caption-text\">icking im schnee mit zugspitze<\/figcaption><\/figure>\n<p>Von hier aus ist es nur noch ein Katzensprung bis zum Starnberger See, und in dem h\u00fcgeligen Land zwischen der Isar und dem See liegen viele malerische D\u00f6rfchen, hier ein Blick \u00fcber Wadlhausen:<\/p>\n<figure id=\"attachment_207\" aria-describedby=\"caption-attachment-207\" style=\"width: 292px\" class=\"wp-caption alignnone\"><img decoding=\"async\" loading=\"lazy\" class=\"wp-image-207 size-full\" src=\"http:\/\/evileu.de\/aquarellmalerei\/wp-content\/uploads\/2016\/12\/wadlhausen.jpg\" alt=\"wadlhausen\" width=\"292\" height=\"401\" srcset=\"https:\/\/evileu.de\/aquarellmalerei\/wp-content\/uploads\/2016\/12\/wadlhausen.jpg 292w, https:\/\/evileu.de\/aquarellmalerei\/wp-content\/uploads\/2016\/12\/wadlhausen-218x300.jpg 218w\" sizes=\"(max-width: 292px) 100vw, 292px\" \/><figcaption id=\"caption-attachment-207\" class=\"wp-caption-text\">wadlhausen<\/figcaption><\/figure>\n<h2>Westlich der Isar<\/h2>\n<p>Auch hier gibt es h\u00fcbsche Orte, die einen Besuch wert sind. Bei Aufhofen zum Beispiel gibt es einen kleinen Weiher, auf dem man im Winter Eisstockschiessen kann. Gleich neben dem Weiher ist der Gasthof J\u00e4gerwirt, weithin ber\u00fchmt f\u00fcr seine gute bayrische K\u00fcche.<\/p>\n<figure id=\"attachment_209\" aria-describedby=\"caption-attachment-209\" style=\"width: 510px\" class=\"wp-caption alignnone\"><img decoding=\"async\" loading=\"lazy\" class=\"wp-image-209 size-full\" src=\"http:\/\/evileu.de\/aquarellmalerei\/wp-content\/uploads\/2016\/12\/aufhofen-blauer_schatten.jpg\" alt=\"aufhofen, blauer schatten im schnee\" width=\"510\" height=\"386\" srcset=\"https:\/\/evileu.de\/aquarellmalerei\/wp-content\/uploads\/2016\/12\/aufhofen-blauer_schatten.jpg 510w, https:\/\/evileu.de\/aquarellmalerei\/wp-content\/uploads\/2016\/12\/aufhofen-blauer_schatten-300x227.jpg 300w\" sizes=\"(max-width: 510px) 100vw, 510px\" \/><figcaption id=\"caption-attachment-209\" class=\"wp-caption-text\">aufhofen, blauer schatten im schnee<\/figcaption><\/figure>\n<h2>Der Kirchsee mit dem Kloster Reutberg<\/h2>\n<p>Wenn man weiterf\u00e4hrt nach Dietramszell und dann noch ein St\u00fcckchen Richtung Holzkirchen, kommt man an den sch\u00f6nen Kirchsee, Hier im Naturschutzgebiet kann man herrliche Spazierg\u00e4nge unternehmen, und dann einkehren im Kloster Reutberg. Die Reutberger Patres brauen hervorragendes Bier, allen voran das Reutberger Kloster Dunkel, das ist das wahrscheinlich beste dunkle Bier der Welt. Vollmundig, fruchtig, ausgewogen zwischen malzig und hopfenherb, mit sahnigem Schaum, das Kloster Dunkel ist eine wahre K\u00f6stlichkeit f\u00fcr Bierkenner. Wenn man noch Autofahren mu\u00df sollte man es gar nicht erst probieren, denn es ist sehr schwer, es bei dem einen Trunk zu belassen, so k\u00f6stlich schmeckt diese Spezialit\u00e4t!<\/p>\n<figure id=\"attachment_211\" aria-describedby=\"caption-attachment-211\" style=\"width: 500px\" class=\"wp-caption alignnone\"><img decoding=\"async\" loading=\"lazy\" class=\"wp-image-211 size-full\" src=\"http:\/\/evileu.de\/aquarellmalerei\/wp-content\/uploads\/2016\/12\/reutberg.jpg\" alt=\"kloster reutberg am kirchsee\" width=\"500\" height=\"364\" srcset=\"https:\/\/evileu.de\/aquarellmalerei\/wp-content\/uploads\/2016\/12\/reutberg.jpg 500w, https:\/\/evileu.de\/aquarellmalerei\/wp-content\/uploads\/2016\/12\/reutberg-300x218.jpg 300w\" sizes=\"(max-width: 500px) 100vw, 500px\" \/><figcaption id=\"caption-attachment-211\" class=\"wp-caption-text\">kloster reutberg am kirchsee<\/figcaption><\/figure>\n","protected":false},"excerpt":{"rendered":"<p>Dsa Blaue Land, so haben die Maler vom Blauen Reiter die Gegend zwischen M\u00fcnchen und den Bergen genannt. Weil hier das Licht so einzigartig ist, weil die Berge im Dunst\u00a0 blau erscheinen, die W\u00e4lder in einem dunkleren Blau, die Seen sowieso in unz\u00e4hligen Blaut\u00f6nen von Himmelblau \u00fcber Aquamarin zu T\u00fcrkis erstrahlen. Ich habe in meinem &hellip; <a href=\"https:\/\/evileu.de\/aquarellmalerei\/meine-lieblingsplaetze\/das-blaue-land\/\" class=\"more-link\"><span class=\"screen-reader-text\">Das Blaue Land<\/span> weiterlesen <span class=\"meta-nav\">&rarr;<\/span><\/a><\/p>\n","protected":false},"author":1,"featured_media":0,"parent":68,"menu_order":4,"comment_status":"closed","ping_status":"closed","template":"","meta":[],"_links":{"self":[{"href":"https:\/\/evileu.de\/aquarellmalerei\/wp-json\/wp\/v2\/pages\/170"}],"collection":[{"href":"https:\/\/evileu.de\/aquarellmalerei\/wp-json\/wp\/v2\/pages"}],"about":[{"href":"https:\/\/evileu.de\/aquarellmalerei\/wp-json\/wp\/v2\/types\/page"}],"author":[{"embeddable":true,"href":"https:\/\/evileu.de\/aquarellmalerei\/wp-json\/wp\/v2\/users\/1"}],"replies":[{"embeddable":true,"href":"https:\/\/evileu.de\/aquarellmalerei\/wp-json\/wp\/v2\/comments?post=170"}],"version-history":[{"count":11,"href":"https:\/\/evileu.de\/aquarellmalerei\/wp-json\/wp\/v2\/pages\/170\/revisions"}],"predecessor-version":[{"id":315,"href":"https:\/\/evileu.de\/aquarellmalerei\/wp-json\/wp\/v2\/pages\/170\/revisions\/315"}],"up":[{"embeddable":true,"href":"https:\/\/evileu.de\/aquarellmalerei\/wp-json\/wp\/v2\/pages\/68"}],"wp:attachment":[{"href":"https:\/\/evileu.de\/aquarellmalerei\/wp-json\/wp\/v2\/media?parent=170"}],"curies":[{"name":"wp","href":"https:\/\/api.w.org\/{rel}","templated":true}]}}