{"id":165,"date":"2016-12-13T16:02:52","date_gmt":"2016-12-13T15:02:52","guid":{"rendered":"http:\/\/evileu.de\/aquarellmalerei\/?page_id=165"},"modified":"2017-08-22T17:00:37","modified_gmt":"2017-08-22T15:00:37","slug":"walchensee","status":"publish","type":"page","link":"https:\/\/evileu.de\/aquarellmalerei\/meine-lieblingsplaetze\/walchensee\/","title":{"rendered":"Walchensee"},"content":{"rendered":"<p>Eigentlich sollte ich ja gar nichts erz\u00e4hlen vom sch\u00f6nen Walchensee, es tummeln sich dort eh schon genug Touristen herum, und jedes Jahr werden es mehr. Der wundersch\u00f6ne Gebirgssee ist leider schon lange kein Geheimtipp mehr, das haben jetzt schon ganz viele Leute mitgekriegt, wie herrlich die Landschaft ist und wie glasklar und einmalig gr\u00fcn das Wasser.\u00a0 Saukalt ist er halt meistens, ausser im Hochsommer, er wird von Gebirgsquellwasser gespeist und ist deswegen auch so wunderbar sauber, da\u00df man das Wasser bedenkenlos trinken k\u00f6nnte.\u00a0 Das macht das Baden im Sommer zu einem einzigartig erfrischenden Vergn\u00fcgen, und auch die Windsurfer und Segler kommen auf ihre Kosten, weil Nachmittags meistens ein kr\u00e4ftiger Fallwind von Urfeld herunter \u00fcber den ganzen See bl\u00e4st.<\/p>\n<figure id=\"attachment_167\" aria-describedby=\"caption-attachment-167\" style=\"width: 856px\" class=\"wp-caption alignnone\"><img decoding=\"async\" loading=\"lazy\" class=\"wp-image-167 size-full\" src=\"http:\/\/evileu.de\/aquarellmalerei\/wp-content\/uploads\/2016\/12\/walchensee_karte.jpg\" alt=\"walchensee karte\" width=\"856\" height=\"588\" srcset=\"https:\/\/evileu.de\/aquarellmalerei\/wp-content\/uploads\/2016\/12\/walchensee_karte.jpg 856w, https:\/\/evileu.de\/aquarellmalerei\/wp-content\/uploads\/2016\/12\/walchensee_karte-300x206.jpg 300w, https:\/\/evileu.de\/aquarellmalerei\/wp-content\/uploads\/2016\/12\/walchensee_karte-768x528.jpg 768w\" sizes=\"(max-width: 856px) 100vw, 856px\" \/><figcaption id=\"caption-attachment-167\" class=\"wp-caption-text\">walchensee karte \u00a9 OpenStreetMap-Mitwirkende<\/figcaption><\/figure>\n<p>(wird noch fortgesetzt)<\/p>\n","protected":false},"excerpt":{"rendered":"<p>Eigentlich sollte ich ja gar nichts erz\u00e4hlen vom sch\u00f6nen Walchensee, es tummeln sich dort eh schon genug Touristen herum, und jedes Jahr werden es mehr. Der wundersch\u00f6ne Gebirgssee ist leider schon lange kein Geheimtipp mehr, das haben jetzt schon ganz viele Leute mitgekriegt, wie herrlich die Landschaft ist und wie glasklar und einmalig gr\u00fcn das &hellip; <a href=\"https:\/\/evileu.de\/aquarellmalerei\/meine-lieblingsplaetze\/walchensee\/\" class=\"more-link\"><span class=\"screen-reader-text\">Walchensee<\/span> weiterlesen <span class=\"meta-nav\">&rarr;<\/span><\/a><\/p>\n","protected":false},"author":1,"featured_media":0,"parent":68,"menu_order":5,"comment_status":"closed","ping_status":"closed","template":"","meta":[],"_links":{"self":[{"href":"https:\/\/evileu.de\/aquarellmalerei\/wp-json\/wp\/v2\/pages\/165"}],"collection":[{"href":"https:\/\/evileu.de\/aquarellmalerei\/wp-json\/wp\/v2\/pages"}],"about":[{"href":"https:\/\/evileu.de\/aquarellmalerei\/wp-json\/wp\/v2\/types\/page"}],"author":[{"embeddable":true,"href":"https:\/\/evileu.de\/aquarellmalerei\/wp-json\/wp\/v2\/users\/1"}],"replies":[{"embeddable":true,"href":"https:\/\/evileu.de\/aquarellmalerei\/wp-json\/wp\/v2\/comments?post=165"}],"version-history":[{"count":6,"href":"https:\/\/evileu.de\/aquarellmalerei\/wp-json\/wp\/v2\/pages\/165\/revisions"}],"predecessor-version":[{"id":317,"href":"https:\/\/evileu.de\/aquarellmalerei\/wp-json\/wp\/v2\/pages\/165\/revisions\/317"}],"up":[{"embeddable":true,"href":"https:\/\/evileu.de\/aquarellmalerei\/wp-json\/wp\/v2\/pages\/68"}],"wp:attachment":[{"href":"https:\/\/evileu.de\/aquarellmalerei\/wp-json\/wp\/v2\/media?parent=165"}],"curies":[{"name":"wp","href":"https:\/\/api.w.org\/{rel}","templated":true}]}}