{"id":120,"date":"2016-12-13T12:36:07","date_gmt":"2016-12-13T11:36:07","guid":{"rendered":"http:\/\/evileu.de\/aquarellmalerei\/?page_id=120"},"modified":"2017-08-22T16:31:18","modified_gmt":"2017-08-22T14:31:18","slug":"starnberger-see-nord","status":"publish","type":"page","link":"https:\/\/evileu.de\/aquarellmalerei\/meine-lieblingsplaetze\/starnberger-see-nord\/","title":{"rendered":"Starnberger See Nord"},"content":{"rendered":"<p>Das Nordende des Starnberger Sees ist vom M\u00fcnchner Stadtrand \u00fcber die Autobahn in nicht einmal einer halben Stunde zu erreichen, deswegen ist es auch immer gut besucht, und im Hochsommer mu\u00df man schon fr\u00fch losfahren, wenn man noch einen Parkplatz kriegen will. Ich bin hier vor allem am Ostufer daheim, da hat man Sonne bis zum Abend, im Sommer sitze ich hier oft bis Sonnenuntergang.<\/p>\n<figure id=\"attachment_121\" aria-describedby=\"caption-attachment-121\" style=\"width: 441px\" class=\"wp-caption alignnone\"><img decoding=\"async\" loading=\"lazy\" class=\"wp-image-121 size-full\" src=\"http:\/\/evileu.de\/aquarellmalerei\/wp-content\/uploads\/2016\/12\/starnberger-see-nord-karte.jpg\" alt=\"starnberger-see-nord-karte\" width=\"441\" height=\"519\" srcset=\"https:\/\/evileu.de\/aquarellmalerei\/wp-content\/uploads\/2016\/12\/starnberger-see-nord-karte.jpg 441w, https:\/\/evileu.de\/aquarellmalerei\/wp-content\/uploads\/2016\/12\/starnberger-see-nord-karte-255x300.jpg 255w\" sizes=\"(max-width: 441px) 100vw, 441px\" \/><figcaption id=\"caption-attachment-121\" class=\"wp-caption-text\">starnberger-see-nord-karte \u00a9 OpenStreetMap-Mitwirkende<\/figcaption><\/figure>\n<p>&nbsp;<\/p>\n<h2>Percha<\/h2>\n<p>Gleich neben Starnberg am Nordende des Sees liegt Percha, mit der gro\u00dfen Kurklinik und einem weitl\u00e4ufigen Strand unter hohen B\u00e4umen. Hier bin ich oft sehr fr\u00fch im Jahr und auch sp\u00e4t im Herbst, der Strand ist recht windgesch\u00fctzt, man kann es hier auch bei k\u00fchleren Temperaturen gut aushalten.<\/p>\n<p>Von Percha aus sieht man die markante Landspitze von Leoni mit dem Schlo\u00dfhotel (\u00fcbrigens mit sehr gutem Restaurant!) und dem alten Baumbestand.<\/p>\n<figure id=\"attachment_123\" aria-describedby=\"caption-attachment-123\" style=\"width: 505px\" class=\"wp-caption alignnone\"><img decoding=\"async\" loading=\"lazy\" class=\"wp-image-123 size-full\" src=\"http:\/\/evileu.de\/aquarellmalerei\/wp-content\/uploads\/2016\/12\/ein-segler-vor-berg.jpg\" alt=\"ein segler vor berg\" width=\"505\" height=\"371\" srcset=\"https:\/\/evileu.de\/aquarellmalerei\/wp-content\/uploads\/2016\/12\/ein-segler-vor-berg.jpg 505w, https:\/\/evileu.de\/aquarellmalerei\/wp-content\/uploads\/2016\/12\/ein-segler-vor-berg-300x220.jpg 300w\" sizes=\"(max-width: 505px) 100vw, 505px\" \/><figcaption id=\"caption-attachment-123\" class=\"wp-caption-text\">ein segler vor berg<\/figcaption><\/figure>\n<p>Man hat auch einen sch\u00f6nen Blick zur Roseninsel hin\u00fcber, die ist \u00fcbrigens unbedingt einen Besuch wert, die alte Gartenanlage ist in den letzten Jahren neu angelegt worden und ist wundersch\u00f6n!<\/p>\n<figure id=\"attachment_124\" aria-describedby=\"caption-attachment-124\" style=\"width: 407px\" class=\"wp-caption alignnone\"><img decoding=\"async\" loading=\"lazy\" class=\"wp-image-124 size-full\" src=\"http:\/\/evileu.de\/aquarellmalerei\/wp-content\/uploads\/2016\/12\/percha_roseninsel.jpg\" alt=\"percha, blick zur roseninsel\" width=\"407\" height=\"405\" srcset=\"https:\/\/evileu.de\/aquarellmalerei\/wp-content\/uploads\/2016\/12\/percha_roseninsel.jpg 407w, https:\/\/evileu.de\/aquarellmalerei\/wp-content\/uploads\/2016\/12\/percha_roseninsel-150x150.jpg 150w, https:\/\/evileu.de\/aquarellmalerei\/wp-content\/uploads\/2016\/12\/percha_roseninsel-300x300.jpg 300w\" sizes=\"(max-width: 407px) 100vw, 407px\" \/><figcaption id=\"caption-attachment-124\" class=\"wp-caption-text\">percha, blick zur roseninsel<\/figcaption><\/figure>\n<p>In Percha sind viele Wasserv\u00f6gel daheim, hier sieht man immer Schwanenfamilien, ganze Schw\u00e4rme von M\u00f6wen und unz\u00e4hlige Enten.<\/p>\n<figure id=\"attachment_125\" aria-describedby=\"caption-attachment-125\" style=\"width: 291px\" class=\"wp-caption alignnone\"><img decoding=\"async\" loading=\"lazy\" class=\"wp-image-125 size-full\" src=\"http:\/\/evileu.de\/aquarellmalerei\/wp-content\/uploads\/2016\/12\/sturmfront-percha.jpg\" alt=\"sturmfront \u00fcber percha mit schw\u00e4nen\" width=\"291\" height=\"398\" srcset=\"https:\/\/evileu.de\/aquarellmalerei\/wp-content\/uploads\/2016\/12\/sturmfront-percha.jpg 291w, https:\/\/evileu.de\/aquarellmalerei\/wp-content\/uploads\/2016\/12\/sturmfront-percha-219x300.jpg 219w\" sizes=\"(max-width: 291px) 100vw, 291px\" \/><figcaption id=\"caption-attachment-125\" class=\"wp-caption-text\">sturmfront \u00fcber percha mit schw\u00e4nen<\/figcaption><\/figure>\n<p>Die Enten sind so zutraulich, die sitzen auch schon mal auf meiner Isomatte und machen es sich zu meinen F\u00fc\u00dfen gem\u00fctlich. Wahrscheinlich kommen sie so gern zu mir, weil ich den ganzen Tag ruhig da sitze, wenn ich male, und keine hektischen Bewegungen mache. Ausserdem betteln sie immer um ein Br\u00f6serl von meiner Brotzeit, aber man soll die Wasserv\u00f6gel nicht f\u00fcttern, ich geb ihnen nix ab &#8211; sie kommen aber trotzdem zu mir, und halten ihre Siesta.<\/p>\n<figure id=\"attachment_126\" aria-describedby=\"caption-attachment-126\" style=\"width: 404px\" class=\"wp-caption alignnone\"><img decoding=\"async\" loading=\"lazy\" class=\"wp-image-126 size-full\" src=\"http:\/\/evileu.de\/aquarellmalerei\/wp-content\/uploads\/2016\/12\/entensiesta.jpg\" alt=\"entensiesta\" width=\"404\" height=\"408\" srcset=\"https:\/\/evileu.de\/aquarellmalerei\/wp-content\/uploads\/2016\/12\/entensiesta.jpg 404w, https:\/\/evileu.de\/aquarellmalerei\/wp-content\/uploads\/2016\/12\/entensiesta-150x150.jpg 150w, https:\/\/evileu.de\/aquarellmalerei\/wp-content\/uploads\/2016\/12\/entensiesta-297x300.jpg 297w\" sizes=\"(max-width: 404px) 100vw, 404px\" \/><figcaption id=\"caption-attachment-126\" class=\"wp-caption-text\">entensiesta<\/figcaption><\/figure>\n<h2>Leoni<\/h2>\n<p>Ein kleines St\u00fcck s\u00fcdlich von Starnberg und Percha liegt der h\u00fcbsche Ort Leoni auf steilen Uferh\u00fcgeln.\u00a0 Das alte Schlo\u00df ist jetzt ein Hotel, und der Schlo\u00dfpark mit herrlichem alten Baumbestand ist \u00f6ffentlich zug\u00e4nglich.\u00a0 Hier steht die Votivkapelle, und am Ufer das Gedenkkreuz f\u00fcr K\u00f6nig Ludwig den 2., der hier unter mysteri\u00f6sen Umst\u00e4nden ertrank.<\/p>\n<figure id=\"attachment_130\" aria-describedby=\"caption-attachment-130\" style=\"width: 499px\" class=\"wp-caption alignnone\"><img decoding=\"async\" loading=\"lazy\" class=\"wp-image-130 size-full\" src=\"http:\/\/evileu.de\/aquarellmalerei\/wp-content\/uploads\/2016\/12\/gedenkkreuz-1.jpg\" alt=\"gedenkkreuz\" width=\"499\" height=\"355\" srcset=\"https:\/\/evileu.de\/aquarellmalerei\/wp-content\/uploads\/2016\/12\/gedenkkreuz-1.jpg 499w, https:\/\/evileu.de\/aquarellmalerei\/wp-content\/uploads\/2016\/12\/gedenkkreuz-1-300x213.jpg 300w\" sizes=\"(max-width: 499px) 100vw, 499px\" \/><figcaption id=\"caption-attachment-130\" class=\"wp-caption-text\">gedenkkreuz<\/figcaption><\/figure>\n<p>Im Sommer kommt die Sonne erst ab Mittag ans Ufer, vorher ist es noch recht frisch in den kleinen Badebuchten unter den hohen B\u00e4umen. Mein Lieblingsplatz hier ist am s\u00fcdlichen Ortsrand von Leoni, gleich neben der Bootswerft Simmerding, das ist gar nicht so leicht zu finden, und eigentlich ein Geheimtipp. Hier sitzt man lauschig unter hohen alten B\u00e4umen, und die schattigen Pl\u00e4tzchen sind im Hochsommer ganz\u00a0 ideal. Ich habe hier auch schon so manches Sommergewitter miterlebt, die ziehen hier oft nach S\u00fcden oder Norden vorbei, so da\u00df man nur ein paar harmlose Regentropfen abbekommt, wenn man sitzenbleibt.<\/p>\n<figure id=\"attachment_134\" aria-describedby=\"caption-attachment-134\" style=\"width: 296px\" class=\"wp-caption alignnone\"><img decoding=\"async\" loading=\"lazy\" class=\"wp-image-134 size-full\" src=\"http:\/\/evileu.de\/aquarellmalerei\/wp-content\/uploads\/2016\/12\/sturmwarnung-1.jpg\" alt=\"sturmwarnung\" width=\"296\" height=\"416\" srcset=\"https:\/\/evileu.de\/aquarellmalerei\/wp-content\/uploads\/2016\/12\/sturmwarnung-1.jpg 296w, https:\/\/evileu.de\/aquarellmalerei\/wp-content\/uploads\/2016\/12\/sturmwarnung-1-213x300.jpg 213w\" sizes=\"(max-width: 296px) 100vw, 296px\" \/><figcaption id=\"caption-attachment-134\" class=\"wp-caption-text\">sturmwarnung<\/figcaption><\/figure>\n<p>Nach dem Gewitter kann es dann ordentlich Wellengang haben auf dem Starnberger See, das hei\u00dft bei den Einheimischen &#8222;Hupfads Wasser&#8220;.<\/p>\n<figure id=\"attachment_132\" aria-describedby=\"caption-attachment-132\" style=\"width: 516px\" class=\"wp-caption alignnone\"><img decoding=\"async\" loading=\"lazy\" class=\"wp-image-132 size-full\" src=\"http:\/\/evileu.de\/aquarellmalerei\/wp-content\/uploads\/2016\/12\/hupfads_wasser-.jpg\" alt=\"hupfads wasser\" width=\"516\" height=\"372\" srcset=\"https:\/\/evileu.de\/aquarellmalerei\/wp-content\/uploads\/2016\/12\/hupfads_wasser-.jpg 516w, https:\/\/evileu.de\/aquarellmalerei\/wp-content\/uploads\/2016\/12\/hupfads_wasser--300x216.jpg 300w\" sizes=\"(max-width: 516px) 100vw, 516px\" \/><figcaption id=\"caption-attachment-132\" class=\"wp-caption-text\">hupfads wasser<\/figcaption><\/figure>\n<p>&nbsp;<\/p>\n<p>&nbsp;<\/p>\n<p>&nbsp;<\/p>\n","protected":false},"excerpt":{"rendered":"<p>Das Nordende des Starnberger Sees ist vom M\u00fcnchner Stadtrand \u00fcber die Autobahn in nicht einmal einer halben Stunde zu erreichen, deswegen ist es auch immer gut besucht, und im Hochsommer mu\u00df man schon fr\u00fch losfahren, wenn man noch einen Parkplatz kriegen will. Ich bin hier vor allem am Ostufer daheim, da hat man Sonne bis &hellip; <a href=\"https:\/\/evileu.de\/aquarellmalerei\/meine-lieblingsplaetze\/starnberger-see-nord\/\" class=\"more-link\"><span class=\"screen-reader-text\">Starnberger See Nord<\/span> weiterlesen <span class=\"meta-nav\">&rarr;<\/span><\/a><\/p>\n","protected":false},"author":1,"featured_media":0,"parent":68,"menu_order":2,"comment_status":"closed","ping_status":"closed","template":"","meta":[],"_links":{"self":[{"href":"https:\/\/evileu.de\/aquarellmalerei\/wp-json\/wp\/v2\/pages\/120"}],"collection":[{"href":"https:\/\/evileu.de\/aquarellmalerei\/wp-json\/wp\/v2\/pages"}],"about":[{"href":"https:\/\/evileu.de\/aquarellmalerei\/wp-json\/wp\/v2\/types\/page"}],"author":[{"embeddable":true,"href":"https:\/\/evileu.de\/aquarellmalerei\/wp-json\/wp\/v2\/users\/1"}],"replies":[{"embeddable":true,"href":"https:\/\/evileu.de\/aquarellmalerei\/wp-json\/wp\/v2\/comments?post=120"}],"version-history":[{"count":10,"href":"https:\/\/evileu.de\/aquarellmalerei\/wp-json\/wp\/v2\/pages\/120\/revisions"}],"predecessor-version":[{"id":313,"href":"https:\/\/evileu.de\/aquarellmalerei\/wp-json\/wp\/v2\/pages\/120\/revisions\/313"}],"up":[{"embeddable":true,"href":"https:\/\/evileu.de\/aquarellmalerei\/wp-json\/wp\/v2\/pages\/68"}],"wp:attachment":[{"href":"https:\/\/evileu.de\/aquarellmalerei\/wp-json\/wp\/v2\/media?parent=120"}],"curies":[{"name":"wp","href":"https:\/\/api.w.org\/{rel}","templated":true}]}}