{"id":108,"date":"2016-12-13T03:59:48","date_gmt":"2016-12-13T02:59:48","guid":{"rendered":"http:\/\/evileu.de\/aquarellmalerei\/?page_id=108"},"modified":"2017-08-22T16:28:12","modified_gmt":"2017-08-22T14:28:12","slug":"ammersee","status":"publish","type":"page","link":"https:\/\/evileu.de\/aquarellmalerei\/meine-lieblingsplaetze\/ammersee\/","title":{"rendered":"Ammersee"},"content":{"rendered":"<h2>In Wartaweil<\/h2>\n<p>Der Ammersee ist nicht ganz so mond\u00e4n und spektakul\u00e4r wie der Starnberger See, und ausser in den Sommerferien, wo es auch hier an den Badepl\u00e4tzen zugeht wie in Rimini, nicht ganz so \u00fcberlaufen. Mein Lieblingsplatz ist am Ostufer, gleich unterhalb vom Andechser Berg, der beschauliche Strand von Wartaweil mit dem &#8222;Andechser Froschgartl&#8220;.<\/p>\n<figure id=\"attachment_184\" aria-describedby=\"caption-attachment-184\" style=\"width: 705px\" class=\"wp-caption alignnone\"><img decoding=\"async\" loading=\"lazy\" class=\"wp-image-184 size-full\" src=\"http:\/\/evileu.de\/aquarellmalerei\/wp-content\/uploads\/2016\/12\/ammersee-karte.jpg\" alt=\"ammersee-karte\" width=\"705\" height=\"585\" srcset=\"https:\/\/evileu.de\/aquarellmalerei\/wp-content\/uploads\/2016\/12\/ammersee-karte.jpg 705w, https:\/\/evileu.de\/aquarellmalerei\/wp-content\/uploads\/2016\/12\/ammersee-karte-300x249.jpg 300w\" sizes=\"(max-width: 705px) 100vw, 705px\" \/><figcaption id=\"caption-attachment-184\" class=\"wp-caption-text\">ammersee-karte Karte von \u00a9 OpenStreetMap-Mitwirkende<\/figcaption><\/figure>\n<p>Hier gibt es wunderbar lauschige kleine Buchten, und man hat einen herrlichen Blick auf die Zugspitze und die Berge.<\/p>\n<figure id=\"attachment_109\" aria-describedby=\"caption-attachment-109\" style=\"width: 499px\" class=\"wp-caption alignnone\"><img decoding=\"async\" loading=\"lazy\" class=\"wp-image-109 size-full\" src=\"http:\/\/evileu.de\/aquarellmalerei\/wp-content\/uploads\/2016\/12\/zugspitze_wartaweil.jpg\" alt=\"zugspitze bei wartaweil\" width=\"499\" height=\"366\" srcset=\"https:\/\/evileu.de\/aquarellmalerei\/wp-content\/uploads\/2016\/12\/zugspitze_wartaweil.jpg 499w, https:\/\/evileu.de\/aquarellmalerei\/wp-content\/uploads\/2016\/12\/zugspitze_wartaweil-300x220.jpg 300w\" sizes=\"(max-width: 499px) 100vw, 499px\" \/><figcaption id=\"caption-attachment-109\" class=\"wp-caption-text\">zugspitze bei wartaweil<\/figcaption><\/figure>\n<p>Gegen\u00fcber sieht man Die\u00dfen mit dem Marienm\u00fcnster auf dem H\u00fcgel liegen, dort dr\u00fcben ist es auch sehr sch\u00f6n, besonders der Brunnenhof vom M\u00fcnster ist einen Ausflug wert.<\/p>\n<figure id=\"attachment_113\" aria-describedby=\"caption-attachment-113\" style=\"width: 505px\" class=\"wp-caption alignnone\"><img decoding=\"async\" loading=\"lazy\" class=\"wp-image-113 size-full\" src=\"http:\/\/evileu.de\/aquarellmalerei\/wp-content\/uploads\/2016\/12\/diessen-im-dunst.jpg\" alt=\"diessen im dunst\" width=\"505\" height=\"367\" srcset=\"https:\/\/evileu.de\/aquarellmalerei\/wp-content\/uploads\/2016\/12\/diessen-im-dunst.jpg 505w, https:\/\/evileu.de\/aquarellmalerei\/wp-content\/uploads\/2016\/12\/diessen-im-dunst-300x218.jpg 300w\" sizes=\"(max-width: 505px) 100vw, 505px\" \/><figcaption id=\"caption-attachment-113\" class=\"wp-caption-text\">diessen im dunst<\/figcaption><\/figure>\n<p>Aber ich komme vom Froschgartl immer nicht weg, oft sitze ich hier bis zum letzten Sonnenstrahl und genie\u00dfe die Ruhe hier am friedlichen Bauernsee.<\/p>\n<figure id=\"attachment_110\" aria-describedby=\"caption-attachment-110\" style=\"width: 474px\" class=\"wp-caption alignnone\"><img decoding=\"async\" loading=\"lazy\" class=\"wp-image-110 size-large\" src=\"http:\/\/evileu.de\/aquarellmalerei\/wp-content\/uploads\/2016\/12\/wartaweil-suedufer-1024x744.jpg\" alt=\"wartaweil blick zum suedufer\" width=\"474\" height=\"344\" srcset=\"https:\/\/evileu.de\/aquarellmalerei\/wp-content\/uploads\/2016\/12\/wartaweil-suedufer.jpg 1024w, https:\/\/evileu.de\/aquarellmalerei\/wp-content\/uploads\/2016\/12\/wartaweil-suedufer-300x218.jpg 300w, https:\/\/evileu.de\/aquarellmalerei\/wp-content\/uploads\/2016\/12\/wartaweil-suedufer-768x558.jpg 768w\" sizes=\"(max-width: 474px) 100vw, 474px\" \/><figcaption id=\"caption-attachment-110\" class=\"wp-caption-text\">wartaweil blick zum suedufer<\/figcaption><\/figure>\n","protected":false},"excerpt":{"rendered":"<p>In Wartaweil Der Ammersee ist nicht ganz so mond\u00e4n und spektakul\u00e4r wie der Starnberger See, und ausser in den Sommerferien, wo es auch hier an den Badepl\u00e4tzen zugeht wie in Rimini, nicht ganz so \u00fcberlaufen. Mein Lieblingsplatz ist am Ostufer, gleich unterhalb vom Andechser Berg, der beschauliche Strand von Wartaweil mit dem &#8222;Andechser Froschgartl&#8220;. Hier &hellip; <a href=\"https:\/\/evileu.de\/aquarellmalerei\/meine-lieblingsplaetze\/ammersee\/\" class=\"more-link\"><span class=\"screen-reader-text\">Ammersee<\/span> weiterlesen <span class=\"meta-nav\">&rarr;<\/span><\/a><\/p>\n","protected":false},"author":1,"featured_media":0,"parent":68,"menu_order":1,"comment_status":"closed","ping_status":"closed","template":"","meta":[],"_links":{"self":[{"href":"https:\/\/evileu.de\/aquarellmalerei\/wp-json\/wp\/v2\/pages\/108"}],"collection":[{"href":"https:\/\/evileu.de\/aquarellmalerei\/wp-json\/wp\/v2\/pages"}],"about":[{"href":"https:\/\/evileu.de\/aquarellmalerei\/wp-json\/wp\/v2\/types\/page"}],"author":[{"embeddable":true,"href":"https:\/\/evileu.de\/aquarellmalerei\/wp-json\/wp\/v2\/users\/1"}],"replies":[{"embeddable":true,"href":"https:\/\/evileu.de\/aquarellmalerei\/wp-json\/wp\/v2\/comments?post=108"}],"version-history":[{"count":9,"href":"https:\/\/evileu.de\/aquarellmalerei\/wp-json\/wp\/v2\/pages\/108\/revisions"}],"predecessor-version":[{"id":312,"href":"https:\/\/evileu.de\/aquarellmalerei\/wp-json\/wp\/v2\/pages\/108\/revisions\/312"}],"up":[{"embeddable":true,"href":"https:\/\/evileu.de\/aquarellmalerei\/wp-json\/wp\/v2\/pages\/68"}],"wp:attachment":[{"href":"https:\/\/evileu.de\/aquarellmalerei\/wp-json\/wp\/v2\/media?parent=108"}],"curies":[{"name":"wp","href":"https:\/\/api.w.org\/{rel}","templated":true}]}}